{"id":147809,"date":"2021-03-27T10:00:52","date_gmt":"2021-03-27T09:00:52","guid":{"rendered":"https:\/\/lediamant.ch\/produit\/uhren-de\/tissot-de\/tissot-touch-collection-de\/tissot-t-touch-connect-solar-de\/tissot-t-touch-connect-solar-7\/"},"modified":"2025-10-03T08:40:50","modified_gmt":"2025-10-03T06:40:50","slug":"tissot-t-touch-connect-solar-7","status":"publish","type":"product","link":"https:\/\/lediamant.ch\/de\/uhren\/147809-tissot-t-touch-connect-solar-7\/","title":{"rendered":"TISSOT T-TOUCH CONNECT SOLAR JUNGFRAUBAHN SWISS EDITION"},"content":{"rendered":"<p style=\"margin:0px;padding:0px;color:#333333;font-family:Roboto, Helvetica, sans-serif;font-size:13px;background-color:#ffffff\">Als Nachfahre der ersten multifunktionalen Touchscreen-Uhr in der Geschichte verk\u00f6rpert die T-Touch Connect Solar die Philosophie von Tissot: Innovatoren aus Tradition.<\/p>\n<\/p>\n<p style=\"margin:0px;padding:0px;color:#333333;font-family:Roboto, Helvetica, sans-serif;font-size:13px;background-color:#ffffff\">Die T-Touch Connect Solar verf\u00fcgt \u00fcber die wichtigsten Funktionen einer T-Touch Solar Expert: ewiger Kalender, Countdown-Timer, Zeitmessung, Alarm, Wetter und H\u00f6henmesser.<\/p>\n<\/p>\n<p style=\"margin:0px;padding:0px;color:#333333;font-family:Roboto, Helvetica, sans-serif;font-size:13px;background-color:#ffffff\">Es gibt auch neue Funktionen, wie z. B. einen Aktivit\u00e4tstracker, Benachrichtigungen \u00fcber Nachrichten oder Anrufe. Die Informationen werden auf einem MIP-Display (Memory In Pixel) angezeigt, das im Freien gut lesbar ist.<\/p>\n<\/p>\n<p style=\"margin:0px;padding:0px;color:#333333;font-family:Roboto, Helvetica, sans-serif;font-size:13px;background-color:#ffffff\">Bei der Entwicklung dieser Uhr wurden nicht weniger als 35 Patente angemeldet. Die Akkulaufzeit des T-Touch Connect Solar ist im Offline-Modus nahezu unendlich. Im verbundenen Modus kann sie je nach Nutzung und Sonneneinstrahlung bis zu 6 Monate lang halten. Sie st\u00fctzt sich auf Solarzellen der neuesten Generation, um ihren Akku frei und st\u00e4ndig aufzuladen.<\/p>\n<\/p>\n<p style=\"margin:0px;padding:0px;color:#333333;font-family:Roboto, Helvetica, sans-serif;font-size:13px;background-color:#ffffff\">Das T-Touch Connect Solar setzt das Design-Abenteuer des T-Touch fort. Sie ist moderner, rassiger und sch\u00e4rfer und bekr\u00e4ftigt mit aller Kraft ihre Abstammung von einer Sportuhr, die technisch und gel\u00e4ndeg\u00e4ngig ist.<\/p>\n<\/p>\n<p style=\"margin:0px;padding:0px;color:#333333;font-family:Roboto, Helvetica, sans-serif;font-size:13px;background-color:#ffffff\"><strong style=\"margin:0px;padding:0px\">Solar<\/strong><\/p>\n<\/p>\n<p style=\"margin:0px;padding:0px;color:#333333;font-family:Roboto, Helvetica, sans-serif;font-size:13px;background-color:#ffffff\">Die gr\u00fcnste Energie wird von Tissot verwendet, um die ikonische T-Touch-Kollektion zu betreiben: Expert Solar und Connect Solar. Mithilfe von kleinen Sonnenkollektoren unter dem Zifferblatt der Uhr wird das gewonnene Licht in einem Akkumulator gespeichert. Normalerweise kommt die Energie, die zum Betreiben des Quarzes ben\u00f6tigt wird, von einer Batterie, hier kommt die Energie von nat\u00fcrlichem oder k\u00fcnstlichem Licht. Dank dieser nachhaltigen Technologie entwickelt Tissot Uhren mit einer Autonomie von mehreren Monaten, ohne dass sie jemals aufgeladen werden m\u00fcssen.<\/p>\n<\/p>\n<p style=\"margin:0px;padding:0px;color:#333333;font-family:Roboto, Helvetica, sans-serif;font-size:13px;background-color:#ffffff\"><strong style=\"margin:0px;padding:0px\">Touch-Technologie<\/strong><\/p>\n<\/p>\n<p style=\"margin:0px;padding:0px;color:#333333;font-family:Roboto, Helvetica, sans-serif;font-size:13px;background-color:#ffffff\">Vor 20 Jahren entwickelte Tissot die erste taktile Uhr. Diese Hightech-Technologie erleichtert die Ergonomie der Uhr und macht sie einzigartig und intuitiv bedienbar. Sie bietet eine Vielzahl von Funktionen - Kompass, H\u00f6henmesser, Wetter, Alarm, Chronograph - ohne viele Dr\u00fccker und komplizierte Untermen\u00fcs.<\/p>\n<\/p>\n<p style=\"margin:0px;padding:0px;color:#333333;font-family:Roboto, Helvetica, sans-serif;font-size:13px;background-color:#ffffff\">Alle elektronischen Komponenten des T-Touch Connect Solar sind energiesparend. Sie verf\u00fcgt \u00fcber Solarzellen der neuesten Generation, die lange, h\u00e4ufige und sitzende kabelgebundene Aufladungen \u00fcberfl\u00fcssig machen.<\/p>\n","protected":false},"excerpt":{"rendered":"<p>Als Nachfahre der ersten multifunktionalen Touchscreen-Uhr in der Geschichte verk\u00f6rpert die T-Touch Connect Solar die Philosophie von Tissot: Innovatoren aus Tradition. Die T-Touch Connect Solar verf\u00fcgt \u00fcber die wichtigsten Funktionen einer T-Touch Solar Expert: ewiger Kalender, Countdown-Timer, Zeitmessung, Alarm, Wetter und H\u00f6henmesser. Es gibt auch neue Funktionen, wie z. B. einen Aktivit\u00e4tstracker, Benachrichtigungen \u00fcber Nachrichten &#8230; <a title=\"TISSOT T-TOUCH CONNECT SOLAR JUNGFRAUBAHN SWISS EDITION\" class=\"read-more\" href=\"https:\/\/lediamant.ch\/de\/uhren\/147809-tissot-t-touch-connect-solar-7\/\" aria-label=\"Mehr Informationen \u00fcber TISSOT T-TOUCH CONNECT SOLAR JUNGFRAUBAHN SWISS EDITION\">Weiterlesen &#8230;<\/a><\/p>\n","protected":false},"featured_media":147795,"template":"","meta":{"_acf_changed":false,"_seopress_robots_primary_cat":"27270","_seopress_titles_title":"","_seopress_titles_desc":"","_seopress_robots_index":""},"brand":[27087],"product_brand":[],"product_cat":[27137,27159,27271,27325,27377,27123],"product_tag":[],"class_list":{"0":"post-147809","1":"product","2":"type-product","3":"status-publish","4":"has-post-thumbnail","6":"brand-tissot-de","7":"product_cat-bracelet-ajustable-de","8":"product_cat-tissot-de","9":"product_cat-tissot-t-touch-connect-solar","10":"product_cat-tissot-spezialitaten","11":"product_cat-touch-uhren","12":"product_cat-uhren","13":"pa_couleurdubracelet-schwarz-de","14":"pa_couleurducadran-schwarz","15":"pa_dimensions-o-47-5-mm","16":"pa_etancheite-100m-de","17":"pa_forme-runden","18":"pa_garantie-24monate","19":"pa_genre-mann","20":"pa_matiere-titan","21":"pa_matierebraceletmontre-kautschuk","22":"pa_mouvement-quarzbatterie-de","23":"pa_mouvement-solar-de","24":"pa_swissmade-ja-de","25":"pa_typedemontre-touchuhren","26":"sales-flash-overlay","27":"woocommerce-text-align-center","28":"woocommerce-image-align-center","29":"do-quantity-buttons","31":"first","32":"instock","33":"taxable","34":"shipping-taxable","35":"purchasable","36":"product-type-simple"},"acf":[],"_links":{"self":[{"href":"https:\/\/lediamant.ch\/de\/wp-json\/wp\/v2\/product\/147809","targetHints":{"allow":["GET"]}}],"collection":[{"href":"https:\/\/lediamant.ch\/de\/wp-json\/wp\/v2\/product"}],"about":[{"href":"https:\/\/lediamant.ch\/de\/wp-json\/wp\/v2\/types\/product"}],"wp:featuredmedia":[{"embeddable":true,"href":"https:\/\/lediamant.ch\/de\/wp-json\/wp\/v2\/media\/147795"}],"wp:attachment":[{"href":"https:\/\/lediamant.ch\/de\/wp-json\/wp\/v2\/media?parent=147809"}],"wp:term":[{"taxonomy":"brand","embeddable":true,"href":"https:\/\/lediamant.ch\/de\/wp-json\/wp\/v2\/brand?post=147809"},{"taxonomy":"product_brand","embeddable":true,"href":"https:\/\/lediamant.ch\/de\/wp-json\/wp\/v2\/product_brand?post=147809"},{"taxonomy":"product_cat","embeddable":true,"href":"https:\/\/lediamant.ch\/de\/wp-json\/wp\/v2\/product_cat?post=147809"},{"taxonomy":"product_tag","embeddable":true,"href":"https:\/\/lediamant.ch\/de\/wp-json\/wp\/v2\/product_tag?post=147809"}],"curies":[{"name":"wp","href":"https:\/\/api.w.org\/{rel}","templated":true}]}}