{"id":147836,"date":"2021-03-29T14:23:53","date_gmt":"2021-03-29T12:23:53","guid":{"rendered":"https:\/\/lediamant.ch\/produit\/trauringe-de\/trauringe-eheringe-rot-und-weissgold-750-18-kt\/"},"modified":"2021-03-29T14:23:53","modified_gmt":"2021-03-29T12:23:53","slug":"trauringe-eheringe-rot-und-weissgold-750-18-kt","status":"publish","type":"product","link":"https:\/\/lediamant.ch\/de\/trauringe\/147836-trauringe-eheringe-rot-und-weissgold-750-18-kt\/","title":{"rendered":"Trauringe \/ Eheringe Rot- und Wei\u00dfgold 750 \/ 18 kt"},"content":{"rendered":"<p>Paar Trauringe in Rot- und Wei\u00dfgold 750\/18 Karat. Die Breite des Ringes betr\u00e4gt 5,0 mm mit 1 Diamanten von 0,02 Karat auf dem weibliche Modell.<\/p>\n<p>Um den gl\u00fccklichsten Tag Ihres Lebens zu begleiten, Trauringe werden in luxuri\u00f6sem Fall mit einem Zertifikat von authencitit\u00e9 geliefert. Personalisierte Gravur zur Verf\u00fcgung.<\/p>\n<p>Die Allianz ist das Juwel des Lebens. Z\u00f6gern Sie nicht, unser Team zu kontaktieren pers\u00f6nliche Beratung zu bekommen. F\u00fcr Ihre Armaturen, freuen wir uns, Sie in unserem Gesch\u00e4ft in La Chaux-de-Fonds zu begr\u00fc\u00dfen und begleiten Sie in dieser denkw\u00fcrdige Phase der Vorbereitungen f\u00fcr Ihre Hochzeit.<\/p>\n","protected":false},"excerpt":{"rendered":"<p>Paar Trauringe in Rot- und Wei\u00dfgold 750\/18 Karat. Die Breite des Ringes betr\u00e4gt 5,0 mm mit 1 Diamanten von 0,02 Karat auf dem weibliche Modell. Um den gl\u00fccklichsten Tag Ihres Lebens zu begleiten, Trauringe werden in luxuri\u00f6sem Fall mit einem Zertifikat von authencitit\u00e9 geliefert. Personalisierte Gravur zur Verf\u00fcgung. Die Allianz ist das Juwel des Lebens. &#8230; <a title=\"Trauringe \/ Eheringe Rot- und Wei\u00dfgold 750 \/ 18 kt\" class=\"read-more\" href=\"https:\/\/lediamant.ch\/de\/trauringe\/147836-trauringe-eheringe-rot-und-weissgold-750-18-kt\/\" aria-label=\"Mehr Informationen \u00fcber Trauringe \/ Eheringe Rot- und Wei\u00dfgold 750 \/ 18 kt\">Weiterlesen &#8230;<\/a><\/p>\n","protected":false},"featured_media":147830,"template":"","meta":{"_acf_changed":false,"_seopress_robots_primary_cat":"","_seopress_titles_title":"Trauringe Rot- und Wei\u00dfgold 750 | Ringbreite 5.0 mm | Le Diamant","_seopress_titles_desc":"Paar Trauringe aus Rot- und Wei\u00dfgold mit Diamant | Goldringe 750 \/ 18 kt | Kostenlose Gravur | Bijouterie Le Diamant online und in La Chaux-de-Fonds","_seopress_robots_index":""},"brand":[27089],"product_brand":[],"product_cat":[27129],"product_tag":[],"class_list":{"0":"post-147836","1":"product","2":"type-product","3":"status-publish","4":"has-post-thumbnail","6":"brand-gold-jewellery-de","7":"product_cat-trauringe","8":"pa_choixdesalliances-damen","9":"pa_choixdesalliances-herren","10":"pa_choixdesalliances-paar","11":"pa_garantie-12monate","12":"pa_largeur-5-0-mm","13":"pa_matiere-zweifarbig","14":"pa_pierresmodeledame-diamant-de","15":"sales-flash-overlay","16":"woocommerce-text-align-center","17":"woocommerce-image-align-center","18":"do-quantity-buttons","20":"first","21":"instock","22":"taxable","23":"shipping-taxable","24":"purchasable","25":"product-type-variable","26":"has-default-attributes"},"acf":[],"_links":{"self":[{"href":"https:\/\/lediamant.ch\/de\/wp-json\/wp\/v2\/product\/147836","targetHints":{"allow":["GET"]}}],"collection":[{"href":"https:\/\/lediamant.ch\/de\/wp-json\/wp\/v2\/product"}],"about":[{"href":"https:\/\/lediamant.ch\/de\/wp-json\/wp\/v2\/types\/product"}],"wp:featuredmedia":[{"embeddable":true,"href":"https:\/\/lediamant.ch\/de\/wp-json\/wp\/v2\/media\/147830"}],"wp:attachment":[{"href":"https:\/\/lediamant.ch\/de\/wp-json\/wp\/v2\/media?parent=147836"}],"wp:term":[{"taxonomy":"brand","embeddable":true,"href":"https:\/\/lediamant.ch\/de\/wp-json\/wp\/v2\/brand?post=147836"},{"taxonomy":"product_brand","embeddable":true,"href":"https:\/\/lediamant.ch\/de\/wp-json\/wp\/v2\/product_brand?post=147836"},{"taxonomy":"product_cat","embeddable":true,"href":"https:\/\/lediamant.ch\/de\/wp-json\/wp\/v2\/product_cat?post=147836"},{"taxonomy":"product_tag","embeddable":true,"href":"https:\/\/lediamant.ch\/de\/wp-json\/wp\/v2\/product_tag?post=147836"}],"curies":[{"name":"wp","href":"https:\/\/api.w.org\/{rel}","templated":true}]}}