{"id":148136,"date":"2021-03-29T14:24:31","date_gmt":"2021-03-29T12:24:31","guid":{"rendered":"https:\/\/lediamant.ch\/produit\/trauringe-de\/trauringe-eheringe-weissgold-750-18-kt-14\/"},"modified":"2025-10-18T16:01:50","modified_gmt":"2025-10-18T14:01:50","slug":"trauringe-eheringe-weissgold-750-18-kt-14","status":"publish","type":"product","link":"https:\/\/lediamant.ch\/de\/trauringe\/148136-trauringe-eheringe-weissgold-750-18-kt-14\/","title":{"rendered":"Trauringe \/ Eheringe Wei\u00dfgold 750 \/ 18 kt"},"content":{"rendered":"<p>Paar Trauringe in Wei\u00dfgold 750 \/ 18k. Die Breite des Ringes betr\u00e4gt 5,0 mm mit 3 Diamanten 0.015 Karat auf weibliches Modell.<\/p>\n<p>Um den gl\u00fccklichsten Tag Ihres Lebens zu begleiten, Trauringe in luxuri\u00f6sem Fall werden mit einer Bescheinigung \u00fcber die authencitit\u00e9. Personalisierte Gravur zur Verf\u00fcgung.<\/p>\n<p>Die Allianz ist das Juwel des Lebens. Z\u00f6gern Sie nicht, unser Team zu kontaktieren pers\u00f6nliche Beratung zu bekommen. F\u00fcr Ihre Armaturen, freuen wir uns, Sie in unserem Gesch\u00e4ft in La Chaux-de-Fonds zu begr\u00fc\u00dfen und begleiten Sie in dieser denkw\u00fcrdige Phase der Vorbereitungen f\u00fcr Ihre Hochzeit.<\/p>\n","protected":false},"excerpt":{"rendered":"<p>Paar Trauringe in Wei\u00dfgold 750 \/ 18k. Die Breite des Ringes betr\u00e4gt 5,0 mm mit 3 Diamanten 0.015 Karat auf weibliches Modell. Um den gl\u00fccklichsten Tag Ihres Lebens zu begleiten, Trauringe in luxuri\u00f6sem Fall werden mit einer Bescheinigung \u00fcber die authencitit\u00e9. Personalisierte Gravur zur Verf\u00fcgung. Die Allianz ist das Juwel des Lebens. Z\u00f6gern Sie nicht, &#8230; <a title=\"Trauringe \/ Eheringe Wei\u00dfgold 750 \/ 18 kt\" class=\"read-more\" href=\"https:\/\/lediamant.ch\/de\/trauringe\/148136-trauringe-eheringe-weissgold-750-18-kt-14\/\" aria-label=\"Mehr Informationen \u00fcber Trauringe \/ Eheringe Wei\u00dfgold 750 \/ 18 kt\">Weiterlesen &#8230;<\/a><\/p>\n","protected":false},"featured_media":148131,"template":"","meta":{"_acf_changed":false,"_seopress_robots_primary_cat":"27128","_seopress_titles_title":"Alliances or blanc 750 | Anneau 5.0 mm | Le Diamant","_seopress_titles_desc":"Paire d'alliances en or blanc avec diamant | Bagues en or 750 \/ 18 ct. | Gravure offerte | Bijouterie Le Diamant en ligne et \u00e0 La Chaux-de-Fonds","_seopress_robots_index":""},"brand":[27089],"product_brand":[],"product_cat":[27129],"product_tag":[],"class_list":{"0":"post-148136","1":"product","2":"type-product","3":"status-publish","4":"has-post-thumbnail","6":"brand-gold-jewellery-de","7":"product_cat-trauringe","8":"pa_choixdesalliances-damen","9":"pa_choixdesalliances-herren","10":"pa_choixdesalliances-paar","11":"pa_garantie-12monate","12":"pa_largeur-5-0-mm","13":"pa_matiere-weissgold","14":"pa_pierresmodeledame-diamant-de","15":"sales-flash-overlay","16":"woocommerce-text-align-center","17":"woocommerce-image-align-center","18":"do-quantity-buttons","20":"first","21":"instock","22":"taxable","23":"shipping-taxable","24":"purchasable","25":"product-type-variable","26":"has-default-attributes"},"acf":[],"_links":{"self":[{"href":"https:\/\/lediamant.ch\/de\/wp-json\/wp\/v2\/product\/148136","targetHints":{"allow":["GET"]}}],"collection":[{"href":"https:\/\/lediamant.ch\/de\/wp-json\/wp\/v2\/product"}],"about":[{"href":"https:\/\/lediamant.ch\/de\/wp-json\/wp\/v2\/types\/product"}],"wp:featuredmedia":[{"embeddable":true,"href":"https:\/\/lediamant.ch\/de\/wp-json\/wp\/v2\/media\/148131"}],"wp:attachment":[{"href":"https:\/\/lediamant.ch\/de\/wp-json\/wp\/v2\/media?parent=148136"}],"wp:term":[{"taxonomy":"brand","embeddable":true,"href":"https:\/\/lediamant.ch\/de\/wp-json\/wp\/v2\/brand?post=148136"},{"taxonomy":"product_brand","embeddable":true,"href":"https:\/\/lediamant.ch\/de\/wp-json\/wp\/v2\/product_brand?post=148136"},{"taxonomy":"product_cat","embeddable":true,"href":"https:\/\/lediamant.ch\/de\/wp-json\/wp\/v2\/product_cat?post=148136"},{"taxonomy":"product_tag","embeddable":true,"href":"https:\/\/lediamant.ch\/de\/wp-json\/wp\/v2\/product_tag?post=148136"}],"curies":[{"name":"wp","href":"https:\/\/api.w.org\/{rel}","templated":true}]}}