{"id":148691,"date":"2021-03-29T14:25:11","date_gmt":"2021-03-29T12:25:11","guid":{"rendered":"https:\/\/lediamant.ch\/produit\/trauringe-de\/trauringe-eheringe-weissgold-8\/"},"modified":"2025-10-18T15:33:46","modified_gmt":"2025-10-18T13:33:46","slug":"trauringe-eheringe-weissgold-8","status":"publish","type":"product","link":"https:\/\/lediamant.ch\/de\/trauringe\/148691-trauringe-eheringe-weissgold-8\/","title":{"rendered":"Trauringe \/ Eheringe Wei\u00dfgold"},"content":{"rendered":"<p>Wei\u00dfgold Paar Trauringe 585\/14 Karat oder 750\/18 Karat. Die Breite des Ringes betr\u00e4gt 4,5 mm und 0,055 Karat Diamanten auf dem weibliche Modell.<\/p>\n<p>Um den gl\u00fccklichsten Tag Ihres Lebens zu begleiten, Trauringe werden in luxuri\u00f6ser Umgebung geliefert, mit einem authencitit\u00e9\u2018Zertifikat. Personalisierte Gravur zur Verf\u00fcgung.<\/p>\n<p>Die Allianz ist das Juwel des Lebens. Z\u00f6gern Sie nicht, unser Team zu kontaktieren pers\u00f6nliche Beratung zu bekommen. F\u00fcr Ihre Armaturen, freuen wir uns, Sie in unserem Gesch\u00e4ft in La Chaux-de-Fonds zu begr\u00fc\u00dfen und begleiten Sie in dieser denkw\u00fcrdige Phase der Vorbereitungen f\u00fcr Ihre Hochzeit.<\/p>\n","protected":false},"excerpt":{"rendered":"<p>Wei\u00dfgold Paar Trauringe 585\/14 Karat oder 750\/18 Karat. Die Breite des Ringes betr\u00e4gt 4,5 mm und 0,055 Karat Diamanten auf dem weibliche Modell. Um den gl\u00fccklichsten Tag Ihres Lebens zu begleiten, Trauringe werden in luxuri\u00f6ser Umgebung geliefert, mit einem authencitit\u00e9\u2018Zertifikat. Personalisierte Gravur zur Verf\u00fcgung. Die Allianz ist das Juwel des Lebens. Z\u00f6gern Sie nicht, unser &#8230; <a title=\"Trauringe \/ Eheringe Wei\u00dfgold\" class=\"read-more\" href=\"https:\/\/lediamant.ch\/de\/trauringe\/148691-trauringe-eheringe-weissgold-8\/\" aria-label=\"Mehr Informationen \u00fcber Trauringe \/ Eheringe Wei\u00dfgold\">Weiterlesen &#8230;<\/a><\/p>\n","protected":false},"featured_media":148683,"template":"","meta":{"_acf_changed":false,"_seopress_robots_primary_cat":"27128","_seopress_titles_title":"Alliances or blanc 585 ou 750 | Anneau 4.5 mm | Le Diamant","_seopress_titles_desc":"Paire d'alliances en or blanc avec diamant | Bagues en or 585 \/ 14 ct. ou 750 18 ct. | Gravure offerte | Bijouterie Le Diamant en ligne et \u00e0 La Chaux-de-Fonds","_seopress_robots_index":""},"brand":[27089],"product_brand":[],"product_cat":[27129],"product_tag":[],"class_list":{"0":"post-148691","1":"product","2":"type-product","3":"status-publish","4":"has-post-thumbnail","6":"brand-gold-jewellery-de","7":"product_cat-trauringe","8":"pa_carats_alliances-585-14-kt","9":"pa_carats_alliances-750-18-kt","10":"pa_choixdesalliances-damen","11":"pa_choixdesalliances-herren","12":"pa_choixdesalliances-paar","13":"pa_garantie-12monate","14":"pa_largeur-4-5-mm","15":"pa_matiere-weissgold","16":"pa_pierresmodeledame-diamant-de","17":"sales-flash-overlay","18":"woocommerce-text-align-center","19":"woocommerce-image-align-center","20":"do-quantity-buttons","22":"first","23":"instock","24":"taxable","25":"shipping-taxable","26":"purchasable","27":"product-type-variable","28":"has-default-attributes"},"acf":[],"_links":{"self":[{"href":"https:\/\/lediamant.ch\/de\/wp-json\/wp\/v2\/product\/148691","targetHints":{"allow":["GET"]}}],"collection":[{"href":"https:\/\/lediamant.ch\/de\/wp-json\/wp\/v2\/product"}],"about":[{"href":"https:\/\/lediamant.ch\/de\/wp-json\/wp\/v2\/types\/product"}],"wp:featuredmedia":[{"embeddable":true,"href":"https:\/\/lediamant.ch\/de\/wp-json\/wp\/v2\/media\/148683"}],"wp:attachment":[{"href":"https:\/\/lediamant.ch\/de\/wp-json\/wp\/v2\/media?parent=148691"}],"wp:term":[{"taxonomy":"brand","embeddable":true,"href":"https:\/\/lediamant.ch\/de\/wp-json\/wp\/v2\/brand?post=148691"},{"taxonomy":"product_brand","embeddable":true,"href":"https:\/\/lediamant.ch\/de\/wp-json\/wp\/v2\/product_brand?post=148691"},{"taxonomy":"product_cat","embeddable":true,"href":"https:\/\/lediamant.ch\/de\/wp-json\/wp\/v2\/product_cat?post=148691"},{"taxonomy":"product_tag","embeddable":true,"href":"https:\/\/lediamant.ch\/de\/wp-json\/wp\/v2\/product_tag?post=148691"}],"curies":[{"name":"wp","href":"https:\/\/api.w.org\/{rel}","templated":true}]}}