{"id":153015,"date":"2021-03-29T14:30:42","date_gmt":"2021-03-29T12:30:42","guid":{"rendered":"https:\/\/lediamant.ch\/produit\/trauringe-de\/trauringe-eheringe-weiss-und-rotgold-64\/"},"modified":"2025-10-03T08:40:45","modified_gmt":"2025-10-03T06:40:45","slug":"alliances-or-blanc-et-rose-64","status":"publish","type":"product","link":"https:\/\/lediamant.ch\/de\/trauringe\/153015-trauringe-eheringe-weiss-und-rotgold-64\/","title":{"rendered":"Trauringe aus Wei\u00df- und Ros\u00e9gold"},"content":{"rendered":"<p>Ein Paar Trauringe aus Wei\u00df- und Rotgold 585\/14 Karat oder 750\/18 Karat. Die Breite des Ringes betr\u00e4gt 4,0 mm und der Diamant 0,015 Karat bei dem Damenmodell. <\/p>\n<p>Um den sch\u00f6nsten Tag Ihres Lebens zu begleiten, werden die Trauringe in einer luxuri\u00f6sen Schatulle mit einem Echtheitszertifikat geliefert. Die pers\u00f6nliche Gravur ist kostenlos. <\/p>\n<p>Der Ehering ist das Schmuckst\u00fcck eines ganzen Lebens. Z\u00f6gern Sie nicht, sich an unser Team zu wenden, um eine pers\u00f6nliche Beratung zu erhalten. F\u00fcr Ihre Anproben empfangen wir Sie gerne in unserer Boutique in La Chaux-de-Fonds und begleiten Sie bei dieser unvergesslichen Etappe Ihrer Hochzeitsvorbereitungen.<\/p>\n","protected":false},"excerpt":{"rendered":"<p>Ein Paar Trauringe aus Wei\u00df- und Rotgold 585\/14 Karat oder 750\/18 Karat. Die Breite des Ringes betr\u00e4gt 4,0 mm und der Diamant 0,015 Karat bei dem Damenmodell. Um den sch\u00f6nsten Tag Ihres Lebens zu begleiten, werden die Trauringe in einer luxuri\u00f6sen Schatulle mit einem Echtheitszertifikat geliefert. Die pers\u00f6nliche Gravur ist kostenlos. Der Ehering ist das &#8230; <a title=\"Trauringe aus Wei\u00df- und Ros\u00e9gold\" class=\"read-more\" href=\"https:\/\/lediamant.ch\/de\/trauringe\/153015-trauringe-eheringe-weiss-und-rotgold-64\/\" aria-label=\"Mehr Informationen \u00fcber Trauringe aus Wei\u00df- und Ros\u00e9gold\">Weiterlesen &#8230;<\/a><\/p>\n","protected":false},"featured_media":153007,"template":"","meta":{"_acf_changed":false,"_seopress_robots_primary_cat":"27128","_seopress_titles_title":"Trauringe Wei\u00df- und Rotgold 585 oder 750 Ring 4mm Le Diamant","_seopress_titles_desc":"Paar Trauringe aus Wei\u00df- und Ros\u00e9gold mit Diamant. Ringe aus Gold 585\/14 ct. oder 750\/18 ct. Kostenlose Gravur Juweliergesch\u00e4ft Le Diamant online und in La Chaux-de-Fonds   ","_seopress_robots_index":""},"brand":[27089],"product_brand":[],"product_cat":[27129],"product_tag":[],"class_list":{"0":"post-153015","1":"product","2":"type-product","3":"status-publish","4":"has-post-thumbnail","6":"brand-gold-jewellery-de","7":"product_cat-trauringe","8":"pa_carats_alliances-585-14-kt","9":"pa_carats_alliances-750-18-kt","10":"pa_choixdesalliances-damen","11":"pa_choixdesalliances-herren","12":"pa_choixdesalliances-paar","13":"pa_garantie-12monate","14":"pa_largeur-4-0-mm","15":"pa_matiere-zweifarbig","16":"pa_pierresmodeledame-diamant-de","17":"sales-flash-overlay","18":"woocommerce-text-align-center","19":"woocommerce-image-align-center","20":"do-quantity-buttons","22":"first","23":"instock","24":"taxable","25":"shipping-taxable","26":"purchasable","27":"product-type-variable","28":"has-default-attributes"},"acf":[],"_links":{"self":[{"href":"https:\/\/lediamant.ch\/de\/wp-json\/wp\/v2\/product\/153015","targetHints":{"allow":["GET"]}}],"collection":[{"href":"https:\/\/lediamant.ch\/de\/wp-json\/wp\/v2\/product"}],"about":[{"href":"https:\/\/lediamant.ch\/de\/wp-json\/wp\/v2\/types\/product"}],"wp:featuredmedia":[{"embeddable":true,"href":"https:\/\/lediamant.ch\/de\/wp-json\/wp\/v2\/media\/153007"}],"wp:attachment":[{"href":"https:\/\/lediamant.ch\/de\/wp-json\/wp\/v2\/media?parent=153015"}],"wp:term":[{"taxonomy":"brand","embeddable":true,"href":"https:\/\/lediamant.ch\/de\/wp-json\/wp\/v2\/brand?post=153015"},{"taxonomy":"product_brand","embeddable":true,"href":"https:\/\/lediamant.ch\/de\/wp-json\/wp\/v2\/product_brand?post=153015"},{"taxonomy":"product_cat","embeddable":true,"href":"https:\/\/lediamant.ch\/de\/wp-json\/wp\/v2\/product_cat?post=153015"},{"taxonomy":"product_tag","embeddable":true,"href":"https:\/\/lediamant.ch\/de\/wp-json\/wp\/v2\/product_tag?post=153015"}],"curies":[{"name":"wp","href":"https:\/\/api.w.org\/{rel}","templated":true}]}}