{"id":153111,"date":"2021-03-29T14:30:48","date_gmt":"2021-03-29T12:30:48","guid":{"rendered":"https:\/\/lediamant.ch\/produit\/trauringe-de\/trauringe-eheringe-gelbgold-55\/"},"modified":"2021-03-29T14:30:48","modified_gmt":"2021-03-29T12:30:48","slug":"trauringe-eheringe-gelbgold-55","status":"publish","type":"product","link":"https:\/\/lediamant.ch\/de\/trauringe\/153111-trauringe-eheringe-gelbgold-55\/","title":{"rendered":"Trauringe \/ Eheringe Gelbgold"},"content":{"rendered":"<p>Ein Paar Gelbgold Trauringe 585\/14 Karat oder 750\/18 Karat. Die Breite des Ringes betr\u00e4gt 5,0 mm.<\/p>\n<p>Um den gl\u00fccklichsten Tag Ihres Lebens zu begleiten, Trauringe mit einem Zertifikat von authencitit\u00e9 in luxuri\u00f6sem Etui geliefert. Personalisierte Gravur zur Verf\u00fcgung.<\/p>\n<p>Die Allianz ist das Juwel des Lebens. Z\u00f6gern Sie nicht, unser Team zu kontaktieren pers\u00f6nliche Beratung zu bekommen. F\u00fcr Ihre Armaturen, freuen wir uns, Sie in unserem Gesch\u00e4ft in La Chaux-de-Fonds zu begr\u00fc\u00dfen und begleiten Sie in dieser denkw\u00fcrdige Phase der Vorbereitungen f\u00fcr Ihre Hochzeit.<\/p>\n","protected":false},"excerpt":{"rendered":"<p>Ein Paar Gelbgold Trauringe 585\/14 Karat oder 750\/18 Karat. Die Breite des Ringes betr\u00e4gt 5,0 mm. Um den gl\u00fccklichsten Tag Ihres Lebens zu begleiten, Trauringe mit einem Zertifikat von authencitit\u00e9 in luxuri\u00f6sem Etui geliefert. Personalisierte Gravur zur Verf\u00fcgung. Die Allianz ist das Juwel des Lebens. Z\u00f6gern Sie nicht, unser Team zu kontaktieren pers\u00f6nliche Beratung zu &#8230; <a title=\"Trauringe \/ Eheringe Gelbgold\" class=\"read-more\" href=\"https:\/\/lediamant.ch\/de\/trauringe\/153111-trauringe-eheringe-gelbgold-55\/\" aria-label=\"Mehr Informationen \u00fcber Trauringe \/ Eheringe Gelbgold\">Weiterlesen &#8230;<\/a><\/p>\n","protected":false},"featured_media":153102,"template":"","meta":{"_acf_changed":false,"_seopress_robots_primary_cat":"","_seopress_titles_title":"Trauringe Gelbgold 585 oder 750 | Ringbreite 5.0 mm | Le Diamant","_seopress_titles_desc":"Paar Trauringe aus Gelbgold | Goldringe 585 \/ 14 kt oder 750 18 kt | Kostenlose Gravur | Bijouterie Le Diamant online und in La Chaux-de-Fonds","_seopress_robots_index":""},"brand":[27089],"product_brand":[],"product_cat":[27129],"product_tag":[],"class_list":{"0":"post-153111","1":"product","2":"type-product","3":"status-publish","4":"has-post-thumbnail","6":"brand-gold-jewellery-de","7":"product_cat-trauringe","8":"pa_carats_alliances-585-14-kt","9":"pa_carats_alliances-750-18-kt","10":"pa_choixdesalliances-damen","11":"pa_choixdesalliances-herren","12":"pa_choixdesalliances-paar","13":"pa_garantie-12monate","14":"pa_largeur-5-0-mm","15":"pa_matiere-gelbgold","16":"sales-flash-overlay","17":"woocommerce-text-align-center","18":"woocommerce-image-align-center","19":"do-quantity-buttons","21":"first","22":"instock","23":"taxable","24":"shipping-taxable","25":"purchasable","26":"product-type-variable","27":"has-default-attributes"},"acf":[],"_links":{"self":[{"href":"https:\/\/lediamant.ch\/de\/wp-json\/wp\/v2\/product\/153111","targetHints":{"allow":["GET"]}}],"collection":[{"href":"https:\/\/lediamant.ch\/de\/wp-json\/wp\/v2\/product"}],"about":[{"href":"https:\/\/lediamant.ch\/de\/wp-json\/wp\/v2\/types\/product"}],"wp:featuredmedia":[{"embeddable":true,"href":"https:\/\/lediamant.ch\/de\/wp-json\/wp\/v2\/media\/153102"}],"wp:attachment":[{"href":"https:\/\/lediamant.ch\/de\/wp-json\/wp\/v2\/media?parent=153111"}],"wp:term":[{"taxonomy":"brand","embeddable":true,"href":"https:\/\/lediamant.ch\/de\/wp-json\/wp\/v2\/brand?post=153111"},{"taxonomy":"product_brand","embeddable":true,"href":"https:\/\/lediamant.ch\/de\/wp-json\/wp\/v2\/product_brand?post=153111"},{"taxonomy":"product_cat","embeddable":true,"href":"https:\/\/lediamant.ch\/de\/wp-json\/wp\/v2\/product_cat?post=153111"},{"taxonomy":"product_tag","embeddable":true,"href":"https:\/\/lediamant.ch\/de\/wp-json\/wp\/v2\/product_tag?post=153111"}],"curies":[{"name":"wp","href":"https:\/\/api.w.org\/{rel}","templated":true}]}}