{"id":154599,"date":"2021-03-29T14:32:32","date_gmt":"2021-03-29T12:32:32","guid":{"rendered":"https:\/\/lediamant.ch\/produit\/trauringe-de\/trauringe-eheringe-weiss-und-rotgold-82\/"},"modified":"2026-01-14T16:34:19","modified_gmt":"2026-01-14T15:34:19","slug":"trauringe-eheringe-weiss-und-rotgold-82","status":"publish","type":"product","link":"https:\/\/lediamant.ch\/de\/trauringe\/154599-trauringe-eheringe-aus-gelbgold-4814401\/","title":{"rendered":"Trauringe \/ Eheringe aus Gelbgold"},"content":{"rendered":"<p>Paar Trauringe aus Gelbgold 585\/14 ct. oder 750\/18 ct. Die Breite des Ringes betr\u00e4gt 3,0 mm und der Diamant 0,01 ct. beim Damenmodell.<br \/>\nUm den sch\u00f6nsten Tag Ihres Lebens zu begleiten, werden die Trauringe in einer luxuri\u00f6sen Schatulle mit einem Echtheitszertifikat geliefert. Die pers\u00f6nliche Gravur ist kostenlos.<br \/>\nDer Trauring ist das Schmuckst\u00fcck des Lebens. Z\u00f6gern Sie nicht, unser Team zu kontaktieren, um eine pers\u00f6nliche Beratung zu erhalten. Wir freuen uns darauf, Sie in unserem Gesch\u00e4ft in La Chaux-de-Fonds zu begr\u00fc\u00dfen und Sie bei dieser unvergesslichen Etappe Ihrer Hochzeitsvorbereitungen zu begleiten.<\/p>\n","protected":false},"excerpt":{"rendered":"<p>Paar Trauringe aus Gelbgold 585\/14 ct. oder 750\/18 ct. Die Breite des Ringes betr\u00e4gt 3,0 mm und der Diamant 0,01 ct. beim Damenmodell. Um den sch\u00f6nsten Tag Ihres Lebens zu begleiten, werden die Trauringe in einer luxuri\u00f6sen Schatulle mit einem Echtheitszertifikat geliefert. Die pers\u00f6nliche Gravur ist kostenlos. Der Trauring ist das Schmuckst\u00fcck des Lebens. Z\u00f6gern &#8230; <a title=\"Trauringe \/ Eheringe aus Gelbgold\" class=\"read-more\" href=\"https:\/\/lediamant.ch\/de\/trauringe\/154599-trauringe-eheringe-aus-gelbgold-4814401\/\" aria-label=\"Mehr Informationen \u00fcber Trauringe \/ Eheringe aus Gelbgold\">Weiterlesen &#8230;<\/a><\/p>\n","protected":false},"featured_media":224734,"template":"","meta":{"_acf_changed":false,"_seopress_robots_primary_cat":"27129","_seopress_titles_title":"Trauringe Wei\u00df- und Rotgold 585 oder 750 | Ringbreite 4.0 mm | Le Diamant","_seopress_titles_desc":"Paar Trauringe aus Wei\u00df- und Rotgold mit Diamant | Goldringe 585 \/ 14 kt oder 750 18 kt | Kostenlose Gravur | Bijouterie Le Diamant online und in La Chaux-de-Fonds","_seopress_robots_index":""},"brand":[27089],"product_brand":[],"product_cat":[27129],"product_tag":[],"class_list":{"0":"post-154599","1":"product","2":"type-product","3":"status-publish","4":"has-post-thumbnail","6":"brand-gold-jewellery-de","7":"product_cat-trauringe","8":"pa_carats_alliances-585-14-kt","9":"pa_carats_alliances-750-18-kt","10":"pa_choixdesalliances-damen","11":"pa_choixdesalliances-herren","12":"pa_choixdesalliances-paar","13":"pa_garantie-12monate","14":"pa_largeur-4-0-mm","15":"pa_matiere-gelbgold","16":"pa_pierresmodeledame-diamant-de","17":"sales-flash-overlay","18":"woocommerce-text-align-center","19":"woocommerce-image-align-center","20":"do-quantity-buttons","22":"first","23":"instock","24":"taxable","25":"shipping-taxable","26":"purchasable","27":"product-type-variable","28":"has-default-attributes"},"acf":[],"_links":{"self":[{"href":"https:\/\/lediamant.ch\/de\/wp-json\/wp\/v2\/product\/154599","targetHints":{"allow":["GET"]}}],"collection":[{"href":"https:\/\/lediamant.ch\/de\/wp-json\/wp\/v2\/product"}],"about":[{"href":"https:\/\/lediamant.ch\/de\/wp-json\/wp\/v2\/types\/product"}],"wp:featuredmedia":[{"embeddable":true,"href":"https:\/\/lediamant.ch\/de\/wp-json\/wp\/v2\/media\/224734"}],"wp:attachment":[{"href":"https:\/\/lediamant.ch\/de\/wp-json\/wp\/v2\/media?parent=154599"}],"wp:term":[{"taxonomy":"brand","embeddable":true,"href":"https:\/\/lediamant.ch\/de\/wp-json\/wp\/v2\/brand?post=154599"},{"taxonomy":"product_brand","embeddable":true,"href":"https:\/\/lediamant.ch\/de\/wp-json\/wp\/v2\/product_brand?post=154599"},{"taxonomy":"product_cat","embeddable":true,"href":"https:\/\/lediamant.ch\/de\/wp-json\/wp\/v2\/product_cat?post=154599"},{"taxonomy":"product_tag","embeddable":true,"href":"https:\/\/lediamant.ch\/de\/wp-json\/wp\/v2\/product_tag?post=154599"}],"curies":[{"name":"wp","href":"https:\/\/api.w.org\/{rel}","templated":true}]}}