{"id":154753,"date":"2021-04-01T13:10:47","date_gmt":"2021-04-01T11:10:47","guid":{"rendered":"https:\/\/lediamant.ch\/produit\/uhren-de\/tissot-de\/tissot-t-gold-de\/tissot-t-my-lady-de\/tissot-t-my-lady-18k-gold-automatic-2\/"},"modified":"2021-04-01T13:10:47","modified_gmt":"2021-04-01T11:10:47","slug":"tissot-t-my-lady-18k-gold-automatic-2","status":"publish","type":"product","link":"https:\/\/lediamant.ch\/de\/uhren\/154753-tissot-t-my-lady-18k-gold-automatic-2\/","title":{"rendered":"Tissot T-My Lady 18K Gold automatic"},"content":{"rendered":"<p><span style=\"color:#757575;font-family:Heebo, Roboto, Arial, Helvetica, sans-serif;font-size:18px;background-color:#ffffff;\">Diese Modelle der T-My Lady verf\u00fcgen \u00fcber ein widerstandsf\u00e4higes Edelstahlgeh\u00e4use mit einem Durchmesser von 29 mm, einer L\u00fcnette aus massivem 18-kar\u00e4tigem poliertem Gelbgold und einer schlichten Eleganz dank einer zeitlosen Linienf\u00fchrung. Die T-My Lady von Tissot ist eine feminine Uhr, die aufgrund ihrer Konzeption und des Designs zur perfekten Wahl f\u00fcr alle Frauen wird, f\u00fcr die eine Uhr ein zeitloser Begleiter ist. Das Swiss Made Automatikwerk ist mit einer Nivachron-Spiralfeder versehen, welche f\u00fcr eine herausragende Magnetfeldsicherheit bekannt ist. Die verschiedenen Ausf\u00fchrungen umfassen Ziffernbl\u00e4tter, die in Sonnenschliff blau, versilbert, opalwei\u00df oder anthrazit und mit Diamantindex angeboten werden. Als feminines Pendant zur Produktreihe Tissot Gentleman verf\u00fcgt die T-My Lady tats\u00e4chlich \u00fcber alle Attribute der uhrmacherischen Qualit\u00e4t, welche die Zeitmesser von Tissot auszeichnen. Die Erfahrung und die Sorgfalt, mit der diese Produktlinie kreiert wurde, sind am Geh\u00e4use und Armband aus Edelstahl, am mechanischen Uhrwerk, insbesondere aber an den Details ihrer besonderen Highlights erkennbar. Bei den Stundenzeigern handelt es sich um applizierte, abgeschr\u00e4gte Zeiger in 3D-Optik. Auch das Datumsfenster ist als Relief ausgef\u00fchrt und betont die Zifferbl\u00e4tter mit ihren schmeichelhaften und leuchtenden Veredelungen, die jederzeit eine perfekte Lesbarkeit gew\u00e4hrleisten. Ihre zur\u00fcckhaltende Eleganz f\u00fcgt sich in den beruflichen Alltag mit alle seinen Anforderungen ein und harmoniert mit unterschiedlichsten Bekleidungsstilen von der Jeans \u00fcber den Hosenanzug bis hin zum kleinen Schwarzen. Diese Ausf\u00fchrung der T-My Lady besitzt ein blaues Zifferblatt, welches mit 8 Diamanten besetzt ist sowie ein blaues Lederarmband mit Faltschliesse und Dr\u00fcckern.<\/span><\/p>\n","protected":false},"excerpt":{"rendered":"<p>Diese Modelle der T-My Lady verf\u00fcgen \u00fcber ein widerstandsf\u00e4higes Edelstahlgeh\u00e4use mit einem Durchmesser von 29 mm, einer L\u00fcnette aus massivem 18-kar\u00e4tigem poliertem Gelbgold und einer schlichten Eleganz dank einer zeitlosen Linienf\u00fchrung. Die T-My Lady von Tissot ist eine feminine Uhr, die aufgrund ihrer Konzeption und des Designs zur perfekten Wahl f\u00fcr alle Frauen wird, f\u00fcr &#8230; <a title=\"Tissot T-My Lady 18K Gold automatic\" class=\"read-more\" href=\"https:\/\/lediamant.ch\/de\/uhren\/154753-tissot-t-my-lady-18k-gold-automatic-2\/\" aria-label=\"Mehr Informationen \u00fcber Tissot T-My Lady 18K Gold automatic\">Weiterlesen &#8230;<\/a><\/p>\n","protected":false},"featured_media":154739,"template":"","meta":{"_acf_changed":false,"_seopress_robots_primary_cat":"","_seopress_titles_title":"","_seopress_titles_desc":"","_seopress_robots_index":""},"brand":[27087],"product_brand":[],"product_cat":[27123,27159,27349,27391],"product_tag":[],"class_list":{"0":"post-154753","1":"product","2":"type-product","3":"status-publish","4":"has-post-thumbnail","6":"brand-tissot-de","7":"product_cat-uhren","8":"product_cat-tissot-de","9":"product_cat-tissot-gold","10":"product_cat-tissot-t-my-lady","11":"pa_couleurduboitier-zweifarbig-de","12":"pa_couleurdubracelet-blau-de","13":"pa_couleurducadran-blau","14":"pa_dimensions-o-29-mm","15":"pa_etancheite-50m-de","16":"pa_forme-runden","17":"pa_genre-frau","18":"pa_matiere-bicolorstahlgelbgold75018kt-de","19":"pa_matierebraceletmontre-leder","20":"pa_mouvement-automatik-de","21":"pa_typedemontre-uhrenmitdiamanten","22":"sales-flash-overlay","23":"woocommerce-text-align-center","24":"woocommerce-image-align-center","25":"do-quantity-buttons","27":"first","28":"instock","29":"taxable","30":"shipping-taxable","31":"purchasable","32":"product-type-simple"},"acf":[],"_links":{"self":[{"href":"https:\/\/lediamant.ch\/de\/wp-json\/wp\/v2\/product\/154753","targetHints":{"allow":["GET"]}}],"collection":[{"href":"https:\/\/lediamant.ch\/de\/wp-json\/wp\/v2\/product"}],"about":[{"href":"https:\/\/lediamant.ch\/de\/wp-json\/wp\/v2\/types\/product"}],"wp:featuredmedia":[{"embeddable":true,"href":"https:\/\/lediamant.ch\/de\/wp-json\/wp\/v2\/media\/154739"}],"wp:attachment":[{"href":"https:\/\/lediamant.ch\/de\/wp-json\/wp\/v2\/media?parent=154753"}],"wp:term":[{"taxonomy":"brand","embeddable":true,"href":"https:\/\/lediamant.ch\/de\/wp-json\/wp\/v2\/brand?post=154753"},{"taxonomy":"product_brand","embeddable":true,"href":"https:\/\/lediamant.ch\/de\/wp-json\/wp\/v2\/product_brand?post=154753"},{"taxonomy":"product_cat","embeddable":true,"href":"https:\/\/lediamant.ch\/de\/wp-json\/wp\/v2\/product_cat?post=154753"},{"taxonomy":"product_tag","embeddable":true,"href":"https:\/\/lediamant.ch\/de\/wp-json\/wp\/v2\/product_tag?post=154753"}],"curies":[{"name":"wp","href":"https:\/\/api.w.org\/{rel}","templated":true}]}}