{"id":154761,"date":"2021-04-01T13:11:21","date_gmt":"2021-04-01T11:11:21","guid":{"rendered":"https:\/\/lediamant.ch\/produit\/uhren-de\/tissot-de\/tissot-t-lady-de\/tissot-flamingo-de\/tissot-flamingo-8\/"},"modified":"2021-04-01T13:11:21","modified_gmt":"2021-04-01T11:11:21","slug":"tissot-flamingo-8","status":"publish","type":"product","link":"https:\/\/lediamant.ch\/de\/uhren\/154761-tissot-flamingo-8\/","title":{"rendered":"Tissot Flamingo"},"content":{"rendered":"<p>Die Tissot Flamingo \u00fcberrascht mit ihrer agilen Balance. Das runde Geh\u00e4use aus 316L-Edelstahl harmoniert mit dem massiven Armband aus 316L-Edelstahl mit Butterfly-Faltschlie\u00dfe und Druckkn\u00f6pfen. Diese Uhr weckt die \u00fcberraschende Seite der Frau. Dieses Modell aus der Tissot Flamingo Kollektion hat ein wei\u00dfes Perlmuttzifferblatt mit 12 Diamanten als Index und Datumsanzeige. Das kratzfeste Saphirglas sch\u00fctzt das Swiss Made Quarzwerk, damit die Faszination der Zeit weitergeht. Die Tissot Flamingo ist schlicht und trendy zugleich - dieses elegante Schmuckst\u00fcck bleibt ein Klassiker.<\/p>\n","protected":false},"excerpt":{"rendered":"<p>Die Tissot Flamingo \u00fcberrascht mit ihrer agilen Balance. Das runde Geh\u00e4use aus 316L-Edelstahl harmoniert mit dem massiven Armband aus 316L-Edelstahl mit Butterfly-Faltschlie\u00dfe und Druckkn\u00f6pfen. Diese Uhr weckt die \u00fcberraschende Seite der Frau. Dieses Modell aus der Tissot Flamingo Kollektion hat ein wei\u00dfes Perlmuttzifferblatt mit 12 Diamanten als Index und Datumsanzeige. Das kratzfeste Saphirglas sch\u00fctzt das &#8230; <a title=\"Tissot Flamingo\" class=\"read-more\" href=\"https:\/\/lediamant.ch\/de\/uhren\/154761-tissot-flamingo-8\/\" aria-label=\"Mehr Informationen \u00fcber Tissot Flamingo\">Weiterlesen &#8230;<\/a><\/p>\n","protected":false},"featured_media":154755,"template":"","meta":{"_acf_changed":false,"_seopress_robots_primary_cat":"","_seopress_titles_title":"","_seopress_titles_desc":"","_seopress_robots_index":""},"brand":[27087],"product_brand":[],"product_cat":[27297,27159,27421,27123],"product_tag":[],"class_list":{"0":"post-154761","1":"product","2":"type-product","3":"status-publish","4":"has-post-thumbnail","6":"brand-tissot-de","7":"product_cat-exklusiv-fur-damen","8":"product_cat-tissot-de","9":"product_cat-tissot-flamingo","10":"product_cat-uhren","11":"pa_couleurduboitier-grau-de","12":"pa_couleurdubracelet-grau-de","13":"pa_couleurducadran-perlmutt","14":"pa_dimensions-o-30-mm","15":"pa_etancheite-50m-de","16":"pa_forme-runden","17":"pa_matiere-stahl","18":"pa_matierebraceletmontre-edelstahl","19":"pa_mouvement-quarzbatterie-de","20":"pa_typedemontre-uhrenmitdiamanten","21":"sales-flash-overlay","22":"woocommerce-text-align-center","23":"woocommerce-image-align-center","24":"do-quantity-buttons","26":"first","27":"instock","28":"taxable","29":"shipping-taxable","30":"purchasable","31":"product-type-simple"},"acf":[],"_links":{"self":[{"href":"https:\/\/lediamant.ch\/de\/wp-json\/wp\/v2\/product\/154761","targetHints":{"allow":["GET"]}}],"collection":[{"href":"https:\/\/lediamant.ch\/de\/wp-json\/wp\/v2\/product"}],"about":[{"href":"https:\/\/lediamant.ch\/de\/wp-json\/wp\/v2\/types\/product"}],"wp:featuredmedia":[{"embeddable":true,"href":"https:\/\/lediamant.ch\/de\/wp-json\/wp\/v2\/media\/154755"}],"wp:attachment":[{"href":"https:\/\/lediamant.ch\/de\/wp-json\/wp\/v2\/media?parent=154761"}],"wp:term":[{"taxonomy":"brand","embeddable":true,"href":"https:\/\/lediamant.ch\/de\/wp-json\/wp\/v2\/brand?post=154761"},{"taxonomy":"product_brand","embeddable":true,"href":"https:\/\/lediamant.ch\/de\/wp-json\/wp\/v2\/product_brand?post=154761"},{"taxonomy":"product_cat","embeddable":true,"href":"https:\/\/lediamant.ch\/de\/wp-json\/wp\/v2\/product_cat?post=154761"},{"taxonomy":"product_tag","embeddable":true,"href":"https:\/\/lediamant.ch\/de\/wp-json\/wp\/v2\/product_tag?post=154761"}],"curies":[{"name":"wp","href":"https:\/\/api.w.org\/{rel}","templated":true}]}}