{"id":154819,"date":"2021-04-01T13:11:40","date_gmt":"2021-04-01T11:11:40","guid":{"rendered":"https:\/\/lediamant.ch\/produit\/uhren-de\/tissot-de\/tissot-t-sport-de\/tissot-prs-516-quartz-de\/tissot-prs-516-chronograph-3\/"},"modified":"2021-04-01T13:11:40","modified_gmt":"2021-04-01T11:11:40","slug":"tissot-prs-516-chronograph-3","status":"publish","type":"product","link":"https:\/\/lediamant.ch\/de\/uhren\/154819-tissot-prs-516-chronograph-3\/","title":{"rendered":"Tissot PRS 516 Chronograph"},"content":{"rendered":"<p><span style=\"color:#757575;font-family:Heebo, Roboto, Arial, Helvetica, sans-serif;font-size:18px;background-color:#ffffff;\">In den letzten Jahrzehnten hat die Schweizer Traditionsmarke Tissot zahlreiche Uhrenklassiker hervorgebracht. Zweifellos geh\u00f6rt auch die Tissot PRS 516 zu diesen Ikonen und begeistert Uhrenliebhaber bereits seit den 1960er Jahren. Tissot hat sein Erfolgsmodell wieder neu aufgelegt und pr\u00e4sentiert mit dem PRS 516 Quartz Chronograph einen markanten Zeitmesser, der die Sportlichkeit seines Vorg\u00e4ngers gekonnt in die heutige Zeit \u00fcbertr\u00e4gt und stilsicher historisches Erbe mit modernen Details kombiniert. Auf den ersten Blick f\u00e4llt das kr\u00e4ftige, perforierte Lederarmband in der Farbe Braun mit Butterfly-Faltschlie\u00dfe und Dr\u00fcckern ins Auge, angelehnt an die Sportlenkr\u00e4der der damaligen Zeit. Die sportliche Farbe Rot findet sich in dem gro\u00dfen Chronographen-Sekundenzeiger und den Totalisatoren wieder. Das 316-Edelstahlgeh\u00e4use mit kratzfestem Saphirglas wird von einer schwarzen Tachymeter-L\u00fcnette charakterisiert. Das silberfarbene Zifferblatt mit arabischen Ziffern besitzt eine Datumsanzeige. Ausgestattet ist der Chronograph mit einem Swiss-Made Quartzwerk mit End-of-Life Anzeige.<\/span><\/p>\n","protected":false},"excerpt":{"rendered":"<p>In den letzten Jahrzehnten hat die Schweizer Traditionsmarke Tissot zahlreiche Uhrenklassiker hervorgebracht. Zweifellos geh\u00f6rt auch die Tissot PRS 516 zu diesen Ikonen und begeistert Uhrenliebhaber bereits seit den 1960er Jahren. Tissot hat sein Erfolgsmodell wieder neu aufgelegt und pr\u00e4sentiert mit dem PRS 516 Quartz Chronograph einen markanten Zeitmesser, der die Sportlichkeit seines Vorg\u00e4ngers gekonnt in &#8230; <a title=\"Tissot PRS 516 Chronograph\" class=\"read-more\" href=\"https:\/\/lediamant.ch\/de\/uhren\/154819-tissot-prs-516-chronograph-3\/\" aria-label=\"Mehr Informationen \u00fcber Tissot PRS 516 Chronograph\">Weiterlesen &#8230;<\/a><\/p>\n","protected":false},"featured_media":154808,"template":"","meta":{"_acf_changed":false,"_seopress_robots_primary_cat":"","_seopress_titles_title":"","_seopress_titles_desc":"","_seopress_robots_index":""},"brand":[27087],"product_brand":[],"product_cat":[27159,27491,27203,27123],"product_tag":[],"class_list":{"0":"post-154819","1":"product","2":"type-product","3":"status-publish","4":"has-post-thumbnail","6":"brand-tissot-de","7":"product_cat-tissot-de","8":"product_cat-tissot-pr516","9":"product_cat-tissot-sport","10":"product_cat-uhren","11":"pa_couleurduboitier-grau-de","12":"pa_couleurdubracelet-braun-de","13":"pa_couleurducadran-silber","14":"pa_dimensions-o-45-mm","15":"pa_etancheite-100m-de","16":"pa_forme-runden","17":"pa_matiere-stahl","18":"pa_matierebraceletmontre-leder","19":"pa_mouvement-quarzbatterie-de","20":"pa_typedemontre-chronograph-de","21":"sales-flash-overlay","22":"woocommerce-text-align-center","23":"woocommerce-image-align-center","24":"do-quantity-buttons","26":"first","27":"outofstock","28":"taxable","29":"shipping-taxable","30":"purchasable","31":"product-type-simple"},"acf":[],"_links":{"self":[{"href":"https:\/\/lediamant.ch\/de\/wp-json\/wp\/v2\/product\/154819","targetHints":{"allow":["GET"]}}],"collection":[{"href":"https:\/\/lediamant.ch\/de\/wp-json\/wp\/v2\/product"}],"about":[{"href":"https:\/\/lediamant.ch\/de\/wp-json\/wp\/v2\/types\/product"}],"wp:featuredmedia":[{"embeddable":true,"href":"https:\/\/lediamant.ch\/de\/wp-json\/wp\/v2\/media\/154808"}],"wp:attachment":[{"href":"https:\/\/lediamant.ch\/de\/wp-json\/wp\/v2\/media?parent=154819"}],"wp:term":[{"taxonomy":"brand","embeddable":true,"href":"https:\/\/lediamant.ch\/de\/wp-json\/wp\/v2\/brand?post=154819"},{"taxonomy":"product_brand","embeddable":true,"href":"https:\/\/lediamant.ch\/de\/wp-json\/wp\/v2\/product_brand?post=154819"},{"taxonomy":"product_cat","embeddable":true,"href":"https:\/\/lediamant.ch\/de\/wp-json\/wp\/v2\/product_cat?post=154819"},{"taxonomy":"product_tag","embeddable":true,"href":"https:\/\/lediamant.ch\/de\/wp-json\/wp\/v2\/product_tag?post=154819"}],"curies":[{"name":"wp","href":"https:\/\/api.w.org\/{rel}","templated":true}]}}