{"id":154928,"date":"2021-04-06T17:55:12","date_gmt":"2021-04-06T15:55:12","guid":{"rendered":"https:\/\/lediamant.ch\/produit\/trauringe-de\/trauringe-gelbgold-750-18-ct-bombiert-comfort-fit-ca-3-0-mm\/"},"modified":"2025-01-17T13:51:20","modified_gmt":"2025-01-17T12:51:20","slug":"trauringe-gelbgold-750-18-ct-bombiert-comfort-fit-ca-3-0-mm","status":"publish","type":"product","link":"https:\/\/lediamant.ch\/de\/trauringe\/154928-trauringe-gelbgold-750-18-kt-bombiert-comfort-fit-3-mm-rtr1007\/","title":{"rendered":"Trauringe Gelbgold 750\/18 kt. bombiert Comfort Fit ca. 3 mm"},"content":{"rendered":"<p>Paar Trauringe in Gelbgold 750\/18 Kt. Die Breite des Ringes betr\u00e4gt 3.0 mm.<\/p>\n<p>Um den gl\u00fccklichsten Tag Ihres Lebens zu begleiten, Trauringe werden in luxuri\u00f6sem Fall mit einem Zertifikat von authencitit\u00e9 geliefert. Personalisierte Gravur zur Verf\u00fcgung.<\/p>\n<p>Die Allianz ist das Juwel des Lebens. Z\u00f6gern Sie nicht, unser Team zu kontaktieren pers\u00f6nliche Beratung zu bekommen. F\u00fcr Ihre Armaturen, freuen wir uns, Sie in unserem Gesch\u00e4ft in La Chaux-de-Fonds zu begr\u00fc\u00dfen und begleiten Sie in dieser denkw\u00fcrdige Phase der Vorbereitungen f\u00fcr Ihre Hochzeit.<\/p>\n","protected":false},"excerpt":{"rendered":"<p>Paar Trauringe in Gelbgold 750\/18 Kt. Die Breite des Ringes betr\u00e4gt 3.0 mm. Um den gl\u00fccklichsten Tag Ihres Lebens zu begleiten, Trauringe werden in luxuri\u00f6sem Fall mit einem Zertifikat von authencitit\u00e9 geliefert. Personalisierte Gravur zur Verf\u00fcgung. Die Allianz ist das Juwel des Lebens. Z\u00f6gern Sie nicht, unser Team zu kontaktieren pers\u00f6nliche Beratung zu bekommen. F\u00fcr &#8230; <a title=\"Trauringe Gelbgold 750\/18 kt. bombiert Comfort Fit ca. 3 mm\" class=\"read-more\" href=\"https:\/\/lediamant.ch\/de\/trauringe\/154928-trauringe-gelbgold-750-18-kt-bombiert-comfort-fit-3-mm-rtr1007\/\" aria-label=\"Mehr Informationen \u00fcber Trauringe Gelbgold 750\/18 kt. bombiert Comfort Fit ca. 3 mm\">Weiterlesen &#8230;<\/a><\/p>\n","protected":false},"featured_media":224721,"template":"","meta":{"_acf_changed":false,"_seopress_robots_primary_cat":"27129","_seopress_titles_title":"Trauringe Gelbgold 750\/18 kt. Ringbreite 5.0 mm. Le Diamant.ch","_seopress_titles_desc":"Entdecken Sie unsere 18K Gelbgold Trauringe, 3.0 mm Breite, mit Zertifikat und pers\u00f6nlicher Gravur. Besuchen Sie uns f\u00fcr eine Beratung.","_seopress_robots_index":""},"brand":[27089],"product_brand":[],"product_cat":[27129],"product_tag":[],"class_list":{"0":"post-154928","1":"product","2":"type-product","3":"status-publish","4":"has-post-thumbnail","6":"brand-gold-jewellery-de","7":"product_cat-trauringe","8":"pa_choixdesalliances-damen","9":"pa_choixdesalliances-herren","10":"pa_choixdesalliances-paar","11":"pa_garantie-12monate","12":"pa_largeur-3-0-mm","13":"pa_matiere-gelbgold","14":"sales-flash-overlay","15":"woocommerce-text-align-center","16":"woocommerce-image-align-center","17":"do-quantity-buttons","19":"first","20":"instock","21":"taxable","22":"shipping-taxable","23":"purchasable","24":"product-type-variable","25":"has-default-attributes"},"acf":[],"_links":{"self":[{"href":"https:\/\/lediamant.ch\/de\/wp-json\/wp\/v2\/product\/154928","targetHints":{"allow":["GET"]}}],"collection":[{"href":"https:\/\/lediamant.ch\/de\/wp-json\/wp\/v2\/product"}],"about":[{"href":"https:\/\/lediamant.ch\/de\/wp-json\/wp\/v2\/types\/product"}],"wp:featuredmedia":[{"embeddable":true,"href":"https:\/\/lediamant.ch\/de\/wp-json\/wp\/v2\/media\/224721"}],"wp:attachment":[{"href":"https:\/\/lediamant.ch\/de\/wp-json\/wp\/v2\/media?parent=154928"}],"wp:term":[{"taxonomy":"brand","embeddable":true,"href":"https:\/\/lediamant.ch\/de\/wp-json\/wp\/v2\/brand?post=154928"},{"taxonomy":"product_brand","embeddable":true,"href":"https:\/\/lediamant.ch\/de\/wp-json\/wp\/v2\/product_brand?post=154928"},{"taxonomy":"product_cat","embeddable":true,"href":"https:\/\/lediamant.ch\/de\/wp-json\/wp\/v2\/product_cat?post=154928"},{"taxonomy":"product_tag","embeddable":true,"href":"https:\/\/lediamant.ch\/de\/wp-json\/wp\/v2\/product_tag?post=154928"}],"curies":[{"name":"wp","href":"https:\/\/api.w.org\/{rel}","templated":true}]}}