{"id":155163,"date":"2021-04-26T01:01:40","date_gmt":"2021-04-25T23:01:40","guid":{"rendered":"https:\/\/lediamant.ch\/produit\/uhren-de\/tissot-de\/tissot-t-sport-de\/tissot-seastar-1000-quartz-de\/tissot-seastar-1000-quartz-chronograph\/"},"modified":"2021-04-26T01:01:40","modified_gmt":"2021-04-25T23:01:40","slug":"tissot-seastar-1000-quartz-chronograph","status":"publish","type":"product","link":"https:\/\/lediamant.ch\/de\/uhren\/155163-tissot-seastar-1000-quartz-chronograph\/","title":{"rendered":"Tissot Seastar 1000 Quartz Chronograph"},"content":{"rendered":"<p>Die Tissot Seastar 1000 Chronograph ist die ultimative \u00e4sthetische und technische Raffinesse unter den Taucheruhren und verk\u00f6rpert kompromisslosen Stil und Leistung. Sie ist dem Tauchen gewidmet und bietet einen sportlichen Look und Funktionen, die unter Wasser unverzichtbar sind. Sie ist bis zu einem Druck von 30 bar (300 m) absolut zuverl\u00e4ssig und der Beweis daf\u00fcr, dass eine Unterwassersportuhr und ein Chronograph in einem einzigen Objekt vereint werden k\u00f6nnen. Das Thema Tauchen ist allgegenw\u00e4rtig mit Elementen wie einer einseitig drehbaren Aluminiuml\u00fcnette, Leuchtzeigern und -indizes, einer verschraubten Krone und einem verschraubten Geh\u00e4useboden. Und schlie\u00dflich bietet die Kollektion Tissot Seastar 1000 eine Vielzahl von Wahlm\u00f6glichkeiten f\u00fcr das Armband: Kautschuk, Milanaise-Geflecht, Bi-Material oder Stahl mit Taucherschlie\u00dfe.<\/p>\n","protected":false},"excerpt":{"rendered":"<p>Die Tissot Seastar 1000 Chronograph ist die ultimative \u00e4sthetische und technische Raffinesse unter den Taucheruhren und verk\u00f6rpert kompromisslosen Stil und Leistung. Sie ist dem Tauchen gewidmet und bietet einen sportlichen Look und Funktionen, die unter Wasser unverzichtbar sind. Sie ist bis zu einem Druck von 30 bar (300 m) absolut zuverl\u00e4ssig und der Beweis daf\u00fcr, &#8230; <a title=\"Tissot Seastar 1000 Quartz Chronograph\" class=\"read-more\" href=\"https:\/\/lediamant.ch\/de\/uhren\/155163-tissot-seastar-1000-quartz-chronograph\/\" aria-label=\"Mehr Informationen \u00fcber Tissot Seastar 1000 Quartz Chronograph\">Weiterlesen &#8230;<\/a><\/p>\n","protected":false},"featured_media":155146,"template":"","meta":{"_acf_changed":false,"_seopress_robots_primary_cat":"","_seopress_titles_title":"","_seopress_titles_desc":"","_seopress_robots_index":""},"brand":[27087],"product_brand":[],"product_cat":[27125,27153,27213,27123,27159,27203,27441,27137],"product_tag":[],"class_list":{"0":"post-155163","1":"product","2":"type-product","3":"status-publish","4":"has-post-thumbnail","6":"brand-tissot-de","7":"product_cat-geschenkideen","8":"product_cat-valentinstag-de","9":"product_cat-auswahl-fuer-ihn-de","10":"product_cat-uhren","11":"product_cat-tissot-de","12":"product_cat-tissot-sport","13":"product_cat-tissot-seastar","14":"product_cat-bracelet-ajustable-de","15":"pa_couleurduboitier-grau-de","16":"pa_couleurducadran-grun","17":"pa_dimensions-o-45-5-mm","18":"pa_etancheite-300m-de","19":"pa_forme-runden","20":"pa_garantie-24monate","21":"pa_genre-mann","22":"pa_matiere-stahl","23":"pa_matierebraceletmontre-edelstahl","24":"pa_mouvement-quarzbatterie-de","25":"pa_typedemontre-chronograph-de","26":"sales-flash-overlay","27":"woocommerce-text-align-center","28":"woocommerce-image-align-center","29":"do-quantity-buttons","31":"first","32":"instock","33":"taxable","34":"shipping-taxable","35":"purchasable","36":"product-type-simple"},"acf":[],"_links":{"self":[{"href":"https:\/\/lediamant.ch\/de\/wp-json\/wp\/v2\/product\/155163","targetHints":{"allow":["GET"]}}],"collection":[{"href":"https:\/\/lediamant.ch\/de\/wp-json\/wp\/v2\/product"}],"about":[{"href":"https:\/\/lediamant.ch\/de\/wp-json\/wp\/v2\/types\/product"}],"wp:featuredmedia":[{"embeddable":true,"href":"https:\/\/lediamant.ch\/de\/wp-json\/wp\/v2\/media\/155146"}],"wp:attachment":[{"href":"https:\/\/lediamant.ch\/de\/wp-json\/wp\/v2\/media?parent=155163"}],"wp:term":[{"taxonomy":"brand","embeddable":true,"href":"https:\/\/lediamant.ch\/de\/wp-json\/wp\/v2\/brand?post=155163"},{"taxonomy":"product_brand","embeddable":true,"href":"https:\/\/lediamant.ch\/de\/wp-json\/wp\/v2\/product_brand?post=155163"},{"taxonomy":"product_cat","embeddable":true,"href":"https:\/\/lediamant.ch\/de\/wp-json\/wp\/v2\/product_cat?post=155163"},{"taxonomy":"product_tag","embeddable":true,"href":"https:\/\/lediamant.ch\/de\/wp-json\/wp\/v2\/product_tag?post=155163"}],"curies":[{"name":"wp","href":"https:\/\/api.w.org\/{rel}","templated":true}]}}