{"id":155385,"date":"2021-05-03T01:03:35","date_gmt":"2021-05-02T23:03:35","guid":{"rendered":"https:\/\/lediamant.ch\/produit\/uhren-de\/tissot-de\/tissot-t-classic-de\/tissot-gentleman-quartz-de\/tissot-gentleman-titanium\/"},"modified":"2021-05-03T01:03:35","modified_gmt":"2021-05-02T23:03:35","slug":"tissot-gentleman-titanium","status":"publish","type":"product","link":"https:\/\/lediamant.ch\/de\/uhren\/155385-tissot-gentleman-titanium\/","title":{"rendered":"Tissot Gentleman Titanium"},"content":{"rendered":"<p>Die Tissot Gentleman ist das perfekte Accessoire f\u00fcr den t\u00e4glichen Gebrauch und sieht dabei noch elegant aus. Diese klassisch-elegante Uhr mit einem Geh\u00e4usedurchmesser von 40 mm passt perfekt zu jedem Stil. Die satinierten und polierten Zeiger und Indizes vervollst\u00e4ndigen den Look der Tissot Gentleman mit einem Swiss Made Quarzwerk und kratzfestem Saphirglas. Dieses Modell verf\u00fcgt \u00fcber ein Titangeh\u00e4use und ein Armband aus Massivtitan mit einer Butterfly-Faltschlie\u00dfe mit Dr\u00fcckern und einem blauen Zifferblatt mit Datumsanzeige.<\/p>\n","protected":false},"excerpt":{"rendered":"<p>Die Tissot Gentleman ist das perfekte Accessoire f\u00fcr den t\u00e4glichen Gebrauch und sieht dabei noch elegant aus. Diese klassisch-elegante Uhr mit einem Geh\u00e4usedurchmesser von 40 mm passt perfekt zu jedem Stil. Die satinierten und polierten Zeiger und Indizes vervollst\u00e4ndigen den Look der Tissot Gentleman mit einem Swiss Made Quarzwerk und kratzfestem Saphirglas. Dieses Modell verf\u00fcgt &#8230; <a title=\"Tissot Gentleman Titanium\" class=\"read-more\" href=\"https:\/\/lediamant.ch\/de\/uhren\/155385-tissot-gentleman-titanium\/\" aria-label=\"Mehr Informationen \u00fcber Tissot Gentleman Titanium\">Weiterlesen &#8230;<\/a><\/p>\n","protected":false},"featured_media":155373,"template":"","meta":{"_acf_changed":false,"_seopress_robots_primary_cat":"","_seopress_titles_title":"","_seopress_titles_desc":"","_seopress_robots_index":""},"brand":[27087],"product_brand":[],"product_cat":[27137,27159,27445,27123],"product_tag":[],"class_list":{"0":"post-155385","1":"product","2":"type-product","3":"status-publish","4":"has-post-thumbnail","6":"brand-tissot-de","7":"product_cat-bracelet-ajustable-de","8":"product_cat-tissot-de","9":"product_cat-tissot-gentleman","10":"product_cat-uhren","11":"pa_couleurducadran-blau","12":"pa_dimensions-o-40-mm","13":"pa_etancheite-100m-de","14":"pa_forme-runden","15":"pa_matiere-titan","16":"pa_matierebraceletmontre-titan-de","17":"pa_mouvement-quarzbatterie-de","18":"sales-flash-overlay","19":"woocommerce-text-align-center","20":"woocommerce-image-align-center","21":"do-quantity-buttons","23":"first","24":"instock","25":"taxable","26":"shipping-taxable","27":"purchasable","28":"product-type-simple"},"acf":[],"_links":{"self":[{"href":"https:\/\/lediamant.ch\/de\/wp-json\/wp\/v2\/product\/155385","targetHints":{"allow":["GET"]}}],"collection":[{"href":"https:\/\/lediamant.ch\/de\/wp-json\/wp\/v2\/product"}],"about":[{"href":"https:\/\/lediamant.ch\/de\/wp-json\/wp\/v2\/types\/product"}],"wp:featuredmedia":[{"embeddable":true,"href":"https:\/\/lediamant.ch\/de\/wp-json\/wp\/v2\/media\/155373"}],"wp:attachment":[{"href":"https:\/\/lediamant.ch\/de\/wp-json\/wp\/v2\/media?parent=155385"}],"wp:term":[{"taxonomy":"brand","embeddable":true,"href":"https:\/\/lediamant.ch\/de\/wp-json\/wp\/v2\/brand?post=155385"},{"taxonomy":"product_brand","embeddable":true,"href":"https:\/\/lediamant.ch\/de\/wp-json\/wp\/v2\/product_brand?post=155385"},{"taxonomy":"product_cat","embeddable":true,"href":"https:\/\/lediamant.ch\/de\/wp-json\/wp\/v2\/product_cat?post=155385"},{"taxonomy":"product_tag","embeddable":true,"href":"https:\/\/lediamant.ch\/de\/wp-json\/wp\/v2\/product_tag?post=155385"}],"curies":[{"name":"wp","href":"https:\/\/api.w.org\/{rel}","templated":true}]}}