{"id":155463,"date":"2021-05-10T01:01:28","date_gmt":"2021-05-09T23:01:28","guid":{"rendered":"https:\/\/lediamant.ch\/produit\/uhren-de\/tissot-de\/tissot-t-pocket-de\/tissot-savonnette-de\/tissot-savonnette-mechanical-2\/"},"modified":"2025-10-03T08:40:15","modified_gmt":"2025-10-03T06:40:15","slug":"tissot-savonnette-mechanical-8","status":"publish","type":"product","link":"https:\/\/lediamant.ch\/de\/uhren\/155463-tissot-savonnette-mechanical-2\/","title":{"rendered":"Tissot Savonnette Mechanical"},"content":{"rendered":"<p><span style=\"color:#757575;font-family:Heebo, Roboto, Arial, Helvetica, sans-serif;font-size:18px;background-color:#ffffff\">Die Tissot Savonette Mechanical Taschenuhren vereinen Geschichte und Tradition mit moderner Handwerkskunst. Diese Kollektion bietet die klassische runde Taschenuhr mit Sprungdeckel in einer Vielzahl von Farbausf\u00fchrungen, um jedem pers\u00f6nlichen Geschmack gerecht zu werden und mit einem Hauch von Tradition, der sich in den feinen Zeigern widerspiegelt und der Uhr einen Hauch von Nostalgie verleiht. Diese Taschenuhr mit Swiss Made Handaufzugswerk hat ein Geh\u00e4use aus 316L Edelstahl mit gelbgoldener PVD-Beschichtung. Das wei\u00dfe Zifferblatt mit Mineralkristall hat r\u00f6mische Ziffern, eine kleine Sekunde bei 6 Uhr und elegant geschwungene Zeiger. Die Taschenuhr ist mit einer passenden Kette und einem gepr\u00e4gten Wappen auf dem Geh\u00e4useboden ausgestattet.    <\/span><\/p>\n","protected":false},"excerpt":{"rendered":"<p>Die Tissot Savonette Mechanical Taschenuhren vereinen Geschichte und Tradition mit moderner Handwerkskunst. Diese Kollektion bietet die klassische runde Taschenuhr mit Sprungdeckel in einer Vielzahl von Farbausf\u00fchrungen, um jedem pers\u00f6nlichen Geschmack gerecht zu werden und mit einem Hauch von Tradition, der sich in den feinen Zeigern widerspiegelt und der Uhr einen Hauch von Nostalgie verleiht. Diese &#8230; <a title=\"Tissot Savonnette Mechanical\" class=\"read-more\" href=\"https:\/\/lediamant.ch\/de\/uhren\/155463-tissot-savonnette-mechanical-2\/\" aria-label=\"Mehr Informationen \u00fcber Tissot Savonnette Mechanical\">Weiterlesen &#8230;<\/a><\/p>\n","protected":false},"featured_media":155451,"template":"","meta":{"_acf_changed":false,"_seopress_robots_primary_cat":"27334","_seopress_titles_title":"","_seopress_titles_desc":"","_seopress_robots_index":""},"brand":[27087],"product_brand":[],"product_cat":[27159,27439,27335,27123],"product_tag":[],"class_list":{"0":"post-155463","1":"product","2":"type-product","3":"status-publish","4":"has-post-thumbnail","6":"brand-tissot-de","7":"product_cat-tissot-de","8":"product_cat-tissot-savonnette","9":"product_cat-tissot-taschenuhren","10":"product_cat-uhren","11":"pa_couleurduboitier-gelb-de","12":"pa_couleurducadran-weiss","13":"pa_dimensions-o-48-5-mm","14":"pa_forme-runden","15":"pa_garantie-24monate","16":"pa_matiere-gelbgoldpvd","17":"pa_typedemontre-taschenuhren","18":"sales-flash-overlay","19":"woocommerce-text-align-center","20":"woocommerce-image-align-center","21":"do-quantity-buttons","23":"first","24":"instock","25":"taxable","26":"shipping-taxable","27":"purchasable","28":"product-type-simple"},"acf":[],"_links":{"self":[{"href":"https:\/\/lediamant.ch\/de\/wp-json\/wp\/v2\/product\/155463","targetHints":{"allow":["GET"]}}],"collection":[{"href":"https:\/\/lediamant.ch\/de\/wp-json\/wp\/v2\/product"}],"about":[{"href":"https:\/\/lediamant.ch\/de\/wp-json\/wp\/v2\/types\/product"}],"wp:featuredmedia":[{"embeddable":true,"href":"https:\/\/lediamant.ch\/de\/wp-json\/wp\/v2\/media\/155451"}],"wp:attachment":[{"href":"https:\/\/lediamant.ch\/de\/wp-json\/wp\/v2\/media?parent=155463"}],"wp:term":[{"taxonomy":"brand","embeddable":true,"href":"https:\/\/lediamant.ch\/de\/wp-json\/wp\/v2\/brand?post=155463"},{"taxonomy":"product_brand","embeddable":true,"href":"https:\/\/lediamant.ch\/de\/wp-json\/wp\/v2\/product_brand?post=155463"},{"taxonomy":"product_cat","embeddable":true,"href":"https:\/\/lediamant.ch\/de\/wp-json\/wp\/v2\/product_cat?post=155463"},{"taxonomy":"product_tag","embeddable":true,"href":"https:\/\/lediamant.ch\/de\/wp-json\/wp\/v2\/product_tag?post=155463"}],"curies":[{"name":"wp","href":"https:\/\/api.w.org\/{rel}","templated":true}]}}