{"id":155525,"date":"2021-05-11T15:39:34","date_gmt":"2021-05-11T13:39:34","guid":{"rendered":"https:\/\/lediamant.ch\/produit\/uhren-de\/hamilton-de\/khaki-navy-de\/hamilton-khaki-navy-scuba-quarz-37mm-4\/"},"modified":"2021-05-11T15:39:34","modified_gmt":"2021-05-11T13:39:34","slug":"hamilton-khaki-navy-scuba-quarz-37mm-4","status":"publish","type":"product","link":"https:\/\/lediamant.ch\/de\/uhren\/155525-hamilton-khaki-navy-scuba-quarz-37mm-4\/","title":{"rendered":"Hamilton Khaki Navy Scuba Quarz | 37mm"},"content":{"rendered":"<p><span style=\"color:#1c1c1c;font-family:Montserrat, sans-serif;font-size:14px;background-color:#ffffff;\">Nutzen Sie mit dieser markanten, ganz in Weiss gehaltenen Khaki Navy Scuba Quartz den Tag! Eine 37\u00a0mm grosse Keramikl\u00fcnette mit pr\u00e4zise eingravierten Ziffern verleiht diesem wassererprobtem Zeitmesser einen wahren Hochseestil und sch\u00fctzt ihn vor korrosiven Elementen wie Sand und Salzwasser. In Verbindung mit einem passenden weissen Kautschukarmband oder einem eleganten Edelstahlarmband sorgt das luxuri\u00f6se sportliche Design daf\u00fcr, dass Sie bei Urlauben am Meer und Tiefseeerkundungen stets p\u00fcnktlich sind.<\/span><\/p>\n","protected":false},"excerpt":{"rendered":"<p>Nutzen Sie mit dieser markanten, ganz in Weiss gehaltenen Khaki Navy Scuba Quartz den Tag! Eine 37\u00a0mm grosse Keramikl\u00fcnette mit pr\u00e4zise eingravierten Ziffern verleiht diesem wassererprobtem Zeitmesser einen wahren Hochseestil und sch\u00fctzt ihn vor korrosiven Elementen wie Sand und Salzwasser. In Verbindung mit einem passenden weissen Kautschukarmband oder einem eleganten Edelstahlarmband sorgt das luxuri\u00f6se sportliche &#8230; <a title=\"Hamilton Khaki Navy Scuba Quarz | 37mm\" class=\"read-more\" href=\"https:\/\/lediamant.ch\/de\/uhren\/155525-hamilton-khaki-navy-scuba-quarz-37mm-4\/\" aria-label=\"Mehr Informationen \u00fcber Hamilton Khaki Navy Scuba Quarz | 37mm\">Weiterlesen &#8230;<\/a><\/p>\n","protected":false},"featured_media":155512,"template":"","meta":{"_acf_changed":false,"_seopress_robots_primary_cat":"","_seopress_titles_title":"","_seopress_titles_desc":"","_seopress_robots_index":""},"brand":[27085],"product_brand":[],"product_cat":[27251,27137,27125,27181,27305,27123,27153],"product_tag":[],"class_list":{"0":"post-155525","1":"product","2":"type-product","3":"status-publish","4":"has-post-thumbnail","6":"brand-hamilton-de","7":"product_cat-auswahl-fuer-sie-de","8":"product_cat-bracelet-ajustable-de","9":"product_cat-geschenkideen","10":"product_cat-hamilton-de","11":"product_cat-khaki-navy-de","12":"product_cat-uhren","13":"product_cat-valentinstag-de","14":"pa_couleurduboitier-grau-de","15":"pa_couleurducadran-weiss","16":"pa_etancheite-100m-de","17":"pa_forme-runden","18":"pa_garantie-24monate","19":"pa_genre-frau","20":"pa_matiere-stahl","21":"pa_matierebraceletmontre-kautschuk","22":"pa_mouvement-quarzbatterie-de","23":"pa_swissmade-ja-de","24":"pa_typedemontre-sportuhren","25":"pa_typedemontre-taucheruhren","26":"sales-flash-overlay","27":"woocommerce-text-align-center","28":"woocommerce-image-align-center","29":"do-quantity-buttons","31":"first","32":"instock","33":"taxable","34":"shipping-taxable","35":"purchasable","36":"product-type-simple"},"acf":[],"_links":{"self":[{"href":"https:\/\/lediamant.ch\/de\/wp-json\/wp\/v2\/product\/155525","targetHints":{"allow":["GET"]}}],"collection":[{"href":"https:\/\/lediamant.ch\/de\/wp-json\/wp\/v2\/product"}],"about":[{"href":"https:\/\/lediamant.ch\/de\/wp-json\/wp\/v2\/types\/product"}],"wp:featuredmedia":[{"embeddable":true,"href":"https:\/\/lediamant.ch\/de\/wp-json\/wp\/v2\/media\/155512"}],"wp:attachment":[{"href":"https:\/\/lediamant.ch\/de\/wp-json\/wp\/v2\/media?parent=155525"}],"wp:term":[{"taxonomy":"brand","embeddable":true,"href":"https:\/\/lediamant.ch\/de\/wp-json\/wp\/v2\/brand?post=155525"},{"taxonomy":"product_brand","embeddable":true,"href":"https:\/\/lediamant.ch\/de\/wp-json\/wp\/v2\/product_brand?post=155525"},{"taxonomy":"product_cat","embeddable":true,"href":"https:\/\/lediamant.ch\/de\/wp-json\/wp\/v2\/product_cat?post=155525"},{"taxonomy":"product_tag","embeddable":true,"href":"https:\/\/lediamant.ch\/de\/wp-json\/wp\/v2\/product_tag?post=155525"}],"curies":[{"name":"wp","href":"https:\/\/api.w.org\/{rel}","templated":true}]}}