{"id":155632,"date":"2021-06-09T11:29:04","date_gmt":"2021-06-09T09:29:04","guid":{"rendered":"https:\/\/lediamant.ch\/produit\/schmuck-de\/ringe-de\/stahl-ringe-de\/rochet-ring-hybrid-edelstahl-carbon\/"},"modified":"2025-10-03T08:40:13","modified_gmt":"2025-10-03T06:40:13","slug":"rochet-ring-hybrid-edelstahl-kohlenstoff","status":"publish","type":"product","link":"https:\/\/lediamant.ch\/de\/schmuck\/155632-rochet-ring-hybrid-edelstahl-carbon\/","title":{"rendered":"ROCHET - Ring HYBRID, Edelstahl-Carbon"},"content":{"rendered":"<p>Dieses zweifarbige Schmuckst\u00fcck ist aus antiallergischem Edelstahl 316L gefertigt und mit einer Karbonschicht verziert. Dieser sportlich-elegante Schatz sieht auf der Hand einzigartig aus. Ein sch\u00f6nes Accessoire, das sich auch als Geschenk eignet. Passend dazu gibt es ein Armband, eine Halskette und Manschettenkn\u00f6pfe. Wenn Sie die richtige Ringgr\u00f6\u00dfe nicht kennen, k\u00f6nnen Sie sie mithilfe der Gr\u00f6\u00dfentabelle leicht finden.<\/p>\n","protected":false},"excerpt":{"rendered":"<p>Die einzigartige Materialkombination vermittelt den Eindruck eines zweifarbigen Glanzes und erm\u00f6glicht so ein elegantes und zugleich sportliches Erscheinungsbild.<\/p>\n","protected":false},"featured_media":155619,"template":"","meta":{"_acf_changed":false,"_seopress_robots_primary_cat":"27344","_seopress_titles_title":"","_seopress_titles_desc":"","_seopress_robots_index":""},"brand":[41444],"product_brand":[],"product_cat":[27139,27121,27345],"product_tag":[],"class_list":{"0":"post-155632","1":"product","2":"type-product","3":"status-publish","4":"has-post-thumbnail","6":"brand-steel-jewellery-de","7":"product_cat-ringe","8":"product_cat-schmuck","9":"product_cat-stahl-ringe","10":"pa_dimensions-18-5-x-7-mm","11":"pa_garantie-12monate","12":"pa_garantie-24monate","13":"pa_genre-mann","14":"pa_matiere-stahl","15":"pa_tailledebague-60-de","16":"pa_tailledebague-64-de","17":"sales-flash-overlay","18":"woocommerce-text-align-center","19":"woocommerce-image-align-center","20":"do-quantity-buttons","22":"first","23":"instock","24":"taxable","25":"shipping-taxable","26":"purchasable","27":"product-type-variable","28":"has-default-attributes"},"acf":[],"_links":{"self":[{"href":"https:\/\/lediamant.ch\/de\/wp-json\/wp\/v2\/product\/155632","targetHints":{"allow":["GET"]}}],"collection":[{"href":"https:\/\/lediamant.ch\/de\/wp-json\/wp\/v2\/product"}],"about":[{"href":"https:\/\/lediamant.ch\/de\/wp-json\/wp\/v2\/types\/product"}],"wp:featuredmedia":[{"embeddable":true,"href":"https:\/\/lediamant.ch\/de\/wp-json\/wp\/v2\/media\/155619"}],"wp:attachment":[{"href":"https:\/\/lediamant.ch\/de\/wp-json\/wp\/v2\/media?parent=155632"}],"wp:term":[{"taxonomy":"brand","embeddable":true,"href":"https:\/\/lediamant.ch\/de\/wp-json\/wp\/v2\/brand?post=155632"},{"taxonomy":"product_brand","embeddable":true,"href":"https:\/\/lediamant.ch\/de\/wp-json\/wp\/v2\/product_brand?post=155632"},{"taxonomy":"product_cat","embeddable":true,"href":"https:\/\/lediamant.ch\/de\/wp-json\/wp\/v2\/product_cat?post=155632"},{"taxonomy":"product_tag","embeddable":true,"href":"https:\/\/lediamant.ch\/de\/wp-json\/wp\/v2\/product_tag?post=155632"}],"curies":[{"name":"wp","href":"https:\/\/api.w.org\/{rel}","templated":true}]}}