{"id":155771,"date":"2021-06-09T11:30:03","date_gmt":"2021-06-09T09:30:03","guid":{"rendered":"https:\/\/lediamant.ch\/produit\/schmuck-de\/armschmuck-de\/armband-stahl-de\/rochet-armband-mercury-stahl-und-karbon-215-cm\/"},"modified":"2025-05-13T16:29:04","modified_gmt":"2025-05-13T14:29:04","slug":"rochet-bracelet-mercury-stahl-und-carbon-215-cm","status":"publish","type":"product","link":"https:\/\/lediamant.ch\/de\/schmuck\/155771-rochet-armband-mercury-stahl-und-karbon-215-cm\/","title":{"rendered":"ROCHET - Armband MERCURY, Stahl und Karbon, 21.5 cm"},"content":{"rendered":"<p>Das Armband ist aus hochwertigem antiallergischem Stahl gefertigt und mit Eins\u00e4tzen und Schrauben aus Karbon verziert. Das Armband kann auf die gew\u00fcnschte Gr\u00f6\u00dfe gek\u00fcrzt werden. Ein einzigartiges Schmuckst\u00fcck, das sportliche Eleganz ausstrahlt.<\/p>\n","protected":false},"excerpt":{"rendered":"<p>Das Armband ist aus hochwertigem antiallergischem Stahl gefertigt und mit Eins\u00e4tzen und Schrauben aus Karbon verziert. Das Armband kann auf die gew\u00fcnschte Gr\u00f6\u00dfe gek\u00fcrzt werden. Ein einzigartiges Schmuckst\u00fcck, das sportliche Eleganz ausstrahlt.<\/p>\n","protected":false},"featured_media":155763,"template":"","meta":{"_acf_changed":false,"_seopress_robots_primary_cat":"27287","_seopress_titles_title":"","_seopress_titles_desc":"","_seopress_robots_index":""},"brand":[41444],"product_brand":[],"product_cat":[27175,27121,27287],"product_tag":[],"class_list":{"0":"post-155771","1":"product","2":"type-product","3":"status-publish","4":"has-post-thumbnail","6":"brand-steel-jewellery-de","7":"product_cat-armschmuck","8":"product_cat-schmuck","9":"product_cat-stahlarmbander","10":"pa_garantie-12monate","11":"pa_genre-mann","12":"pa_matiere-stahl","13":"sales-flash-overlay","14":"woocommerce-text-align-center","15":"woocommerce-image-align-center","16":"do-quantity-buttons","18":"first","19":"instock","20":"taxable","21":"shipping-taxable","22":"purchasable","23":"product-type-simple"},"acf":[],"_links":{"self":[{"href":"https:\/\/lediamant.ch\/de\/wp-json\/wp\/v2\/product\/155771","targetHints":{"allow":["GET"]}}],"collection":[{"href":"https:\/\/lediamant.ch\/de\/wp-json\/wp\/v2\/product"}],"about":[{"href":"https:\/\/lediamant.ch\/de\/wp-json\/wp\/v2\/types\/product"}],"wp:featuredmedia":[{"embeddable":true,"href":"https:\/\/lediamant.ch\/de\/wp-json\/wp\/v2\/media\/155763"}],"wp:attachment":[{"href":"https:\/\/lediamant.ch\/de\/wp-json\/wp\/v2\/media?parent=155771"}],"wp:term":[{"taxonomy":"brand","embeddable":true,"href":"https:\/\/lediamant.ch\/de\/wp-json\/wp\/v2\/brand?post=155771"},{"taxonomy":"product_brand","embeddable":true,"href":"https:\/\/lediamant.ch\/de\/wp-json\/wp\/v2\/product_brand?post=155771"},{"taxonomy":"product_cat","embeddable":true,"href":"https:\/\/lediamant.ch\/de\/wp-json\/wp\/v2\/product_cat?post=155771"},{"taxonomy":"product_tag","embeddable":true,"href":"https:\/\/lediamant.ch\/de\/wp-json\/wp\/v2\/product_tag?post=155771"}],"curies":[{"name":"wp","href":"https:\/\/api.w.org\/{rel}","templated":true}]}}