{"id":155784,"date":"2021-06-09T11:30:09","date_gmt":"2021-06-09T09:30:09","guid":{"rendered":"https:\/\/lediamant.ch\/produit\/geschenkideen-de\/valentinstag-de\/auswahl-fuer-ihn-de\/rochet-rock-siegelring-edelstahl-und-onyx\/"},"modified":"2025-10-03T08:40:10","modified_gmt":"2025-10-03T06:40:10","slug":"rochet-ritterring-rock-edelstahl-und-onyx","status":"publish","type":"product","link":"https:\/\/lediamant.ch\/de\/geschenkideen\/155784-rochet-rock-siegelring-edelstahl-und-onyx\/","title":{"rendered":"ROCHET - ROCK Siegelring, Edelstahl und Onyx"},"content":{"rendered":"<p>Chavali\u00e8re-Ring aus der Vintage-Kollektion ROCK, verziert mit typischen Ornamenten aus der Musikszene. Zus\u00e4tzlich dazu gibt es noch das Armband, Halskette. Wenn Sie die richtige Ringgr\u00f6\u00dfe nicht kennen, k\u00f6nnen Sie sie mithilfe der Gr\u00f6\u00dfentabelle leicht finden.<\/p>\n","protected":false},"excerpt":{"rendered":"<p>Auf Sie die Rock&#8217;n&#8217;Roll Attitude! Tragen Sie diesen Siegelring aus antikisiertem Stahl mit einem Muster und einem schwarzen Onyxstein.<\/p>\n","protected":false},"featured_media":155773,"template":"","meta":{"_acf_changed":false,"_seopress_robots_primary_cat":"27330","_seopress_titles_title":"","_seopress_titles_desc":"","_seopress_robots_index":""},"brand":[41444],"product_brand":[],"product_cat":[27213,27125,27139,27121,27331,27345,27153],"product_tag":[],"class_list":{"0":"post-155784","1":"product","2":"type-product","3":"status-publish","4":"has-post-thumbnail","6":"brand-steel-jewellery-de","7":"product_cat-auswahl-fuer-ihn-de","8":"product_cat-geschenkideen","9":"product_cat-ringe","10":"product_cat-schmuck","11":"product_cat-siegelringe","12":"product_cat-stahl-ringe","13":"product_cat-valentinstag-de","14":"pa_dimensions-15-mm","15":"pa_garantie-24monate","16":"pa_genre-mann","17":"pa_matiere-stahl","18":"pa_tailledebague-58-de","19":"pa_tailledebague-60-de","20":"pa_tailledebague-62-de","21":"pa_tailledebague-64-de","22":"pa_tailledebague-66-de","23":"sales-flash-overlay","24":"woocommerce-text-align-center","25":"woocommerce-image-align-center","26":"do-quantity-buttons","28":"first","29":"instock","30":"taxable","31":"shipping-taxable","32":"purchasable","33":"product-type-variable","34":"has-default-attributes"},"acf":[],"_links":{"self":[{"href":"https:\/\/lediamant.ch\/de\/wp-json\/wp\/v2\/product\/155784","targetHints":{"allow":["GET"]}}],"collection":[{"href":"https:\/\/lediamant.ch\/de\/wp-json\/wp\/v2\/product"}],"about":[{"href":"https:\/\/lediamant.ch\/de\/wp-json\/wp\/v2\/types\/product"}],"wp:featuredmedia":[{"embeddable":true,"href":"https:\/\/lediamant.ch\/de\/wp-json\/wp\/v2\/media\/155773"}],"wp:attachment":[{"href":"https:\/\/lediamant.ch\/de\/wp-json\/wp\/v2\/media?parent=155784"}],"wp:term":[{"taxonomy":"brand","embeddable":true,"href":"https:\/\/lediamant.ch\/de\/wp-json\/wp\/v2\/brand?post=155784"},{"taxonomy":"product_brand","embeddable":true,"href":"https:\/\/lediamant.ch\/de\/wp-json\/wp\/v2\/product_brand?post=155784"},{"taxonomy":"product_cat","embeddable":true,"href":"https:\/\/lediamant.ch\/de\/wp-json\/wp\/v2\/product_cat?post=155784"},{"taxonomy":"product_tag","embeddable":true,"href":"https:\/\/lediamant.ch\/de\/wp-json\/wp\/v2\/product_tag?post=155784"}],"curies":[{"name":"wp","href":"https:\/\/api.w.org\/{rel}","templated":true}]}}