{"id":156143,"date":"2021-06-09T11:33:24","date_gmt":"2021-06-09T09:33:24","guid":{"rendered":"https:\/\/lediamant.ch\/produit\/schmuck-de\/halsketten-de\/halsband-aus-stahl-de\/halskette-defender-edelstahl-karbon\/"},"modified":"2023-12-08T17:46:54","modified_gmt":"2023-12-08T16:46:54","slug":"defender-halskette-edelstahl-kohlenstoff","status":"publish","type":"product","link":"https:\/\/lediamant.ch\/de\/schmuck\/156143-halskette-defender-edelstahl-karbon\/","title":{"rendered":"ROCHET - Halsband DEFENDER, Stahl und Karbon, 50 cm"},"content":{"rendered":"<p>Der Anh\u00e4nger wird von einer Ankerkette gehalten, und wir haben dem satinierten Anh\u00e4nger eine Karbonplatte und vier Schrauben hinzugef\u00fcgt. Dieses Schmuckst\u00fcck vereint Sportlichkeit und Eleganz. Ein dynamischer Blick auf Ihr D\u00e9collt\u00e9. Passende Armb\u00e4nder, Ringe und Manschettenkn\u00f6pfe sind ebenfalls erh\u00e4ltlich.<\/p>\n","protected":false},"excerpt":{"rendered":"<p>Das sportliche Design in zweifarbiger Ausf\u00fchrung, das durch die eingef\u00fcgten Schrauben und das Karbon gl\u00e4nzt.<\/p>\n","protected":false},"featured_media":156139,"template":"","meta":{"_acf_changed":false,"_seopress_robots_primary_cat":"","_seopress_titles_title":"","_seopress_titles_desc":"","_seopress_robots_index":""},"brand":[41444],"product_brand":[],"product_cat":[27179,27121,27313],"product_tag":[],"class_list":{"0":"post-156143","1":"product","2":"type-product","3":"status-publish","4":"has-post-thumbnail","6":"brand-steel-jewellery-de","7":"product_cat-colliers-de","8":"product_cat-schmuck","9":"product_cat-stahlkollier","10":"pa_garantie-12monate","11":"pa_genre-mann","12":"pa_matiere-stahl","13":"sales-flash-overlay","14":"woocommerce-text-align-center","15":"woocommerce-image-align-center","16":"do-quantity-buttons","18":"first","19":"instock","20":"taxable","21":"shipping-taxable","22":"purchasable","23":"product-type-simple"},"acf":[],"_links":{"self":[{"href":"https:\/\/lediamant.ch\/de\/wp-json\/wp\/v2\/product\/156143","targetHints":{"allow":["GET"]}}],"collection":[{"href":"https:\/\/lediamant.ch\/de\/wp-json\/wp\/v2\/product"}],"about":[{"href":"https:\/\/lediamant.ch\/de\/wp-json\/wp\/v2\/types\/product"}],"wp:featuredmedia":[{"embeddable":true,"href":"https:\/\/lediamant.ch\/de\/wp-json\/wp\/v2\/media\/156139"}],"wp:attachment":[{"href":"https:\/\/lediamant.ch\/de\/wp-json\/wp\/v2\/media?parent=156143"}],"wp:term":[{"taxonomy":"brand","embeddable":true,"href":"https:\/\/lediamant.ch\/de\/wp-json\/wp\/v2\/brand?post=156143"},{"taxonomy":"product_brand","embeddable":true,"href":"https:\/\/lediamant.ch\/de\/wp-json\/wp\/v2\/product_brand?post=156143"},{"taxonomy":"product_cat","embeddable":true,"href":"https:\/\/lediamant.ch\/de\/wp-json\/wp\/v2\/product_cat?post=156143"},{"taxonomy":"product_tag","embeddable":true,"href":"https:\/\/lediamant.ch\/de\/wp-json\/wp\/v2\/product_tag?post=156143"}],"curies":[{"name":"wp","href":"https:\/\/api.w.org\/{rel}","templated":true}]}}