{"id":156169,"date":"2021-06-09T11:33:31","date_gmt":"2021-06-09T09:33:31","guid":{"rendered":"https:\/\/lediamant.ch\/produit\/schmuck-de\/ringe-de\/stahl-ringe-de\/rochet-loft-ring-clous-de-paris-poliert-6-mm\/"},"modified":"2024-12-27T12:51:30","modified_gmt":"2024-12-27T11:51:30","slug":"rochet-loft-ring-clous-de-paris-poli-6-mm","status":"publish","type":"product","link":"https:\/\/lediamant.ch\/de\/schmuck\/156169-rochet-loft-ring-clous-de-paris-poliert-6-mm\/","title":{"rendered":"ROCHET - LOFT-Ring &#8222;Clous de Paris&#8220;, poliert, 6 mm"},"content":{"rendered":"<p>Der Edelstahl wurde mit einem &#8222;Clous de Paris&#8220;-Muster bearbeitet und strahlt pure Eleganz aus. Ein passendes Armband und eine Halskette sind ebenfalls erh\u00e4ltlich. Wenn Sie die richtige Ringgr\u00f6\u00dfe nicht kennen, k\u00f6nnen Sie sie mithilfe der Gr\u00f6\u00dfentabelle leicht finden.<\/p>\n","protected":false},"excerpt":{"rendered":"<p>Ein wundersch\u00f6nes Schmuckst\u00fcck aus rostfreiem Stahl, dessen Kerben sich in vollem Glanz spiegeln.<\/p>\n","protected":false},"featured_media":156161,"template":"","meta":{"_acf_changed":false,"_seopress_robots_primary_cat":"27345","_seopress_titles_title":"","_seopress_titles_desc":"","_seopress_robots_index":""},"brand":[41444],"product_brand":[],"product_cat":[27139,27121,27345],"product_tag":[],"class_list":{"0":"post-156169","1":"product","2":"type-product","3":"status-publish","4":"has-post-thumbnail","6":"brand-steel-jewellery-de","7":"product_cat-ringe","8":"product_cat-schmuck","9":"product_cat-stahl-ringe","10":"pa_dimensions-6-mm","11":"pa_garantie-12monate","12":"pa_genre-mann","13":"pa_matiere-stahl","14":"pa_tailledebague-60-de","15":"pa_tailledebague-62-de","16":"sales-flash-overlay","17":"woocommerce-text-align-center","18":"woocommerce-image-align-center","19":"do-quantity-buttons","21":"first","22":"instock","23":"taxable","24":"shipping-taxable","25":"purchasable","26":"product-type-variable","27":"has-default-attributes"},"acf":[],"_links":{"self":[{"href":"https:\/\/lediamant.ch\/de\/wp-json\/wp\/v2\/product\/156169","targetHints":{"allow":["GET"]}}],"collection":[{"href":"https:\/\/lediamant.ch\/de\/wp-json\/wp\/v2\/product"}],"about":[{"href":"https:\/\/lediamant.ch\/de\/wp-json\/wp\/v2\/types\/product"}],"wp:featuredmedia":[{"embeddable":true,"href":"https:\/\/lediamant.ch\/de\/wp-json\/wp\/v2\/media\/156161"}],"wp:attachment":[{"href":"https:\/\/lediamant.ch\/de\/wp-json\/wp\/v2\/media?parent=156169"}],"wp:term":[{"taxonomy":"brand","embeddable":true,"href":"https:\/\/lediamant.ch\/de\/wp-json\/wp\/v2\/brand?post=156169"},{"taxonomy":"product_brand","embeddable":true,"href":"https:\/\/lediamant.ch\/de\/wp-json\/wp\/v2\/product_brand?post=156169"},{"taxonomy":"product_cat","embeddable":true,"href":"https:\/\/lediamant.ch\/de\/wp-json\/wp\/v2\/product_cat?post=156169"},{"taxonomy":"product_tag","embeddable":true,"href":"https:\/\/lediamant.ch\/de\/wp-json\/wp\/v2\/product_tag?post=156169"}],"curies":[{"name":"wp","href":"https:\/\/api.w.org\/{rel}","templated":true}]}}