{"id":156241,"date":"2021-06-09T11:35:38","date_gmt":"2021-06-09T09:35:38","guid":{"rendered":"https:\/\/lediamant.ch\/produit\/schmuck-de\/halsketten-de\/halsband-aus-stahl-de\/halskette-slave-edelsahl\/"},"modified":"2024-03-20T11:33:09","modified_gmt":"2024-03-20T10:33:09","slug":"slave-schelle-edelstahl","status":"publish","type":"product","link":"https:\/\/lediamant.ch\/de\/schmuck\/156241-halskette-slave-edelsahl\/","title":{"rendered":"ROCHET - Halskette SLAVE, Stahl, 50 cm"},"content":{"rendered":"<p>Eine Halskette f\u00fcr alle Altersstufen. Die mit besonderer Handwerkskunst hergestellten Glieder aus 6 mm dickem Edelstahl sind nicht nur unm\u00f6glich zu z\u00e4hmen, sondern auch unglaublich schick und trendy. Alle Augen werden auf Ihr Dekollet\u00e9 gerichtet sein. Wir bieten auch das passende Armband an.<\/p>\n","protected":false},"excerpt":{"rendered":"<p>Das Kaiser-Design aus antiallergischem Edelstahl wird alle Blicke auf Sie ziehen.<\/p>\n","protected":false},"featured_media":156237,"template":"","meta":{"_acf_changed":false,"_seopress_robots_primary_cat":"","_seopress_titles_title":"","_seopress_titles_desc":"","_seopress_robots_index":""},"brand":[41444],"product_brand":[],"product_cat":[27179,27121,27313],"product_tag":[],"class_list":{"0":"post-156241","1":"product","2":"type-product","3":"status-publish","4":"has-post-thumbnail","6":"brand-steel-jewellery-de","7":"product_cat-colliers-de","8":"product_cat-schmuck","9":"product_cat-stahlkollier","10":"pa_garantie-12monate","11":"pa_genre-mann","12":"pa_matiere-stahl","13":"sales-flash-overlay","14":"woocommerce-text-align-center","15":"woocommerce-image-align-center","16":"do-quantity-buttons","18":"first","19":"instock","20":"taxable","21":"shipping-taxable","22":"purchasable","23":"product-type-simple"},"acf":[],"_links":{"self":[{"href":"https:\/\/lediamant.ch\/de\/wp-json\/wp\/v2\/product\/156241","targetHints":{"allow":["GET"]}}],"collection":[{"href":"https:\/\/lediamant.ch\/de\/wp-json\/wp\/v2\/product"}],"about":[{"href":"https:\/\/lediamant.ch\/de\/wp-json\/wp\/v2\/types\/product"}],"wp:featuredmedia":[{"embeddable":true,"href":"https:\/\/lediamant.ch\/de\/wp-json\/wp\/v2\/media\/156237"}],"wp:attachment":[{"href":"https:\/\/lediamant.ch\/de\/wp-json\/wp\/v2\/media?parent=156241"}],"wp:term":[{"taxonomy":"brand","embeddable":true,"href":"https:\/\/lediamant.ch\/de\/wp-json\/wp\/v2\/brand?post=156241"},{"taxonomy":"product_brand","embeddable":true,"href":"https:\/\/lediamant.ch\/de\/wp-json\/wp\/v2\/product_brand?post=156241"},{"taxonomy":"product_cat","embeddable":true,"href":"https:\/\/lediamant.ch\/de\/wp-json\/wp\/v2\/product_cat?post=156241"},{"taxonomy":"product_tag","embeddable":true,"href":"https:\/\/lediamant.ch\/de\/wp-json\/wp\/v2\/product_tag?post=156241"}],"curies":[{"name":"wp","href":"https:\/\/api.w.org\/{rel}","templated":true}]}}