{"id":156615,"date":"2021-06-21T01:00:44","date_gmt":"2021-06-20T23:00:44","guid":{"rendered":"https:\/\/lediamant.ch\/produit\/uhren-de\/tissot-de\/tissot-t-sport-de\/tissot-seastar-1000-automatik-de\/tissot-seastar-1000-powermatic-80-10\/"},"modified":"2021-06-21T01:00:44","modified_gmt":"2021-06-20T23:00:44","slug":"tissot-seastar-1000-powermatic-80-10","status":"publish","type":"product","link":"https:\/\/lediamant.ch\/de\/uhren\/156615-tissot-seastar-1000-powermatic-80-10\/","title":{"rendered":"Tissot Seastar 1000 Powermatic 80"},"content":{"rendered":"<p>Die Tissot Seastar 1000 Automatic Uhr ist die perfekte Wahl f\u00fcr Taucher. Sie besticht durch ihre hohe Leistung bis zu einem Druck von 30 bar (300 m), ihre Leuchtzeiger und -indizes sowie ihre einseitig drehbare blaue Keramik-Taucherl\u00fcnette. Mit dieser Uhr k\u00f6nnen Sie sich in die Tiefe wagen, sie l\u00e4sst Sie nicht im Stich. Diese Uhr aus der Seastar 1000 Automatic Kollektion ist mit einem Swiss-made Powermatic 80 Uhrwerk, kratzfestem Saphirglas, 316L Edelstahlgeh\u00e4use, verschraubter Krone und Boden ausgestattet. Dieses Modell hat ein 316L Edelstahlarmband mit Faltschlie\u00dfe und Sicherheitsschlie\u00dfe. Das blaue Zifferblatt hat Indizes. Au\u00dferdem verf\u00fcgt die Uhr \u00fcber eine Datumsanzeige und einen transparenten Geh\u00e4useboden.<\/p>\n","protected":false},"excerpt":{"rendered":"<p>Die Tissot Seastar 1000 Automatic Uhr ist die perfekte Wahl f\u00fcr Taucher. Sie besticht durch ihre hohe Leistung bis zu einem Druck von 30 bar (300 m), ihre Leuchtzeiger und -indizes sowie ihre einseitig drehbare blaue Keramik-Taucherl\u00fcnette. Mit dieser Uhr k\u00f6nnen Sie sich in die Tiefe wagen, sie l\u00e4sst Sie nicht im Stich. Diese Uhr &#8230; <a title=\"Tissot Seastar 1000 Powermatic 80\" class=\"read-more\" href=\"https:\/\/lediamant.ch\/de\/uhren\/156615-tissot-seastar-1000-powermatic-80-10\/\" aria-label=\"Mehr Informationen \u00fcber Tissot Seastar 1000 Powermatic 80\">Weiterlesen &#8230;<\/a><\/p>\n","protected":false},"featured_media":156603,"template":"","meta":{"_acf_changed":false,"_seopress_robots_primary_cat":"","_seopress_titles_title":"","_seopress_titles_desc":"","_seopress_robots_index":""},"brand":[27087],"product_brand":[],"product_cat":[27123,27159,27441],"product_tag":[],"class_list":{"0":"post-156615","1":"product","2":"type-product","3":"status-publish","4":"has-post-thumbnail","6":"brand-tissot-de","7":"product_cat-uhren","8":"product_cat-tissot-de","9":"product_cat-tissot-seastar","10":"pa_couleurduboitier-grau-de","11":"pa_couleurducadran-blau","12":"pa_dimensions-o-43-mm","13":"pa_etancheite-300m-de","14":"pa_forme-runden","15":"pa_genre-mann","16":"pa_matiere-stahl","17":"pa_matierebraceletmontre-edelstahl","18":"pa_mouvement-automatik-de","19":"pa_typedemontre-sportuhren","20":"pa_typedemontre-taucheruhren","21":"sales-flash-overlay","22":"woocommerce-text-align-center","23":"woocommerce-image-align-center","24":"do-quantity-buttons","26":"first","27":"instock","28":"taxable","29":"shipping-taxable","30":"purchasable","31":"product-type-simple"},"acf":[],"_links":{"self":[{"href":"https:\/\/lediamant.ch\/de\/wp-json\/wp\/v2\/product\/156615","targetHints":{"allow":["GET"]}}],"collection":[{"href":"https:\/\/lediamant.ch\/de\/wp-json\/wp\/v2\/product"}],"about":[{"href":"https:\/\/lediamant.ch\/de\/wp-json\/wp\/v2\/types\/product"}],"wp:featuredmedia":[{"embeddable":true,"href":"https:\/\/lediamant.ch\/de\/wp-json\/wp\/v2\/media\/156603"}],"wp:attachment":[{"href":"https:\/\/lediamant.ch\/de\/wp-json\/wp\/v2\/media?parent=156615"}],"wp:term":[{"taxonomy":"brand","embeddable":true,"href":"https:\/\/lediamant.ch\/de\/wp-json\/wp\/v2\/brand?post=156615"},{"taxonomy":"product_brand","embeddable":true,"href":"https:\/\/lediamant.ch\/de\/wp-json\/wp\/v2\/product_brand?post=156615"},{"taxonomy":"product_cat","embeddable":true,"href":"https:\/\/lediamant.ch\/de\/wp-json\/wp\/v2\/product_cat?post=156615"},{"taxonomy":"product_tag","embeddable":true,"href":"https:\/\/lediamant.ch\/de\/wp-json\/wp\/v2\/product_tag?post=156615"}],"curies":[{"name":"wp","href":"https:\/\/api.w.org\/{rel}","templated":true}]}}