{"id":156643,"date":"2021-06-23T17:02:37","date_gmt":"2021-06-23T15:02:37","guid":{"rendered":"https:\/\/lediamant.ch\/produit\/schmuck-de\/ohrringe-de\/tropfenohrringe-de\/ohrhaenger-vulsini-in-rosegold-und-weissgold-75018-ct-38-diamanten-016-ct\/"},"modified":"2021-06-23T17:02:37","modified_gmt":"2021-06-23T15:02:37","slug":"ohrhaenger-vulsini-in-rosegold-und-weissgold-75018-ct-38-diamanten-016-ct","status":"publish","type":"product","link":"https:\/\/lediamant.ch\/de\/schmuck\/156643-ohrhaenger-vulsini-in-rosegold-und-weissgold-75018-ct-38-diamanten-016-ct\/","title":{"rendered":"Ohrh\u00e4nger Vulsini in Ros\u00e9gold und Wei\u00dfgold 750\/18 ct. 38 Diamanten 0,16 ct."},"content":{"rendered":"","protected":false},"excerpt":{"rendered":"","protected":false},"featured_media":207209,"template":"","meta":{"_acf_changed":false,"_seopress_robots_primary_cat":"","_seopress_titles_title":"","_seopress_titles_desc":"","_seopress_robots_index":"","_seopress_analysis_target_kw":""},"brand":[27089],"product_brand":[],"product_cat":[27121,27171,27199],"product_tag":[],"class_list":{"0":"post-156643","1":"product","2":"type-product","3":"status-publish","4":"has-post-thumbnail","6":"brand-gold-jewellery-de","7":"product_cat-schmuck","8":"product_cat-ohrringe","9":"product_cat-ohrhanger","10":"pa_garantie-12monate","11":"pa_genre-frau","12":"pa_matiere-75018ktrosegold","13":"pa_pierres-diamant-de","14":"sales-flash-overlay","15":"woocommerce-text-align-center","16":"woocommerce-image-align-center","17":"do-quantity-buttons","19":"first","20":"instock","21":"taxable","22":"shipping-taxable","23":"purchasable","24":"product-type-simple"},"acf":[],"_links":{"self":[{"href":"https:\/\/lediamant.ch\/de\/wp-json\/wp\/v2\/product\/156643","targetHints":{"allow":["GET"]}}],"collection":[{"href":"https:\/\/lediamant.ch\/de\/wp-json\/wp\/v2\/product"}],"about":[{"href":"https:\/\/lediamant.ch\/de\/wp-json\/wp\/v2\/types\/product"}],"wp:featuredmedia":[{"embeddable":true,"href":"https:\/\/lediamant.ch\/de\/wp-json\/wp\/v2\/media\/207209"}],"wp:attachment":[{"href":"https:\/\/lediamant.ch\/de\/wp-json\/wp\/v2\/media?parent=156643"}],"wp:term":[{"taxonomy":"brand","embeddable":true,"href":"https:\/\/lediamant.ch\/de\/wp-json\/wp\/v2\/brand?post=156643"},{"taxonomy":"product_brand","embeddable":true,"href":"https:\/\/lediamant.ch\/de\/wp-json\/wp\/v2\/product_brand?post=156643"},{"taxonomy":"product_cat","embeddable":true,"href":"https:\/\/lediamant.ch\/de\/wp-json\/wp\/v2\/product_cat?post=156643"},{"taxonomy":"product_tag","embeddable":true,"href":"https:\/\/lediamant.ch\/de\/wp-json\/wp\/v2\/product_tag?post=156643"}],"curies":[{"name":"wp","href":"https:\/\/api.w.org\/{rel}","templated":true}]}}