{"id":156717,"date":"2021-06-28T01:01:17","date_gmt":"2021-06-27T23:01:17","guid":{"rendered":"https:\/\/lediamant.ch\/produit\/uhren-de\/tissot-de\/tissot-t-sport-de\/tissot-seastar-2000-professional-de\/tissot-seastar-2000-professional-powermatic-80-2\/"},"modified":"2021-06-28T01:01:17","modified_gmt":"2021-06-27T23:01:17","slug":"tissot-seastar-2000-professional-powermatic-80-2","status":"publish","type":"product","link":"https:\/\/lediamant.ch\/de\/uhren\/156717-tissot-seastar-2000-professional-powermatic-80-2\/","title":{"rendered":"Tissot Seastar 2000 Professional Powermatic 80"},"content":{"rendered":"<p>Die Tissot Seastar 2000 Professional ist das ultimative Automatik-Taucheruhrenmodell. Die auf dem verschraubten transparenten Geh\u00e4useboden eingeschriebene Norm ISO 6425 bescheinigt die Bezeichnung &#8222;Taucheruhr&#8220;. Bis zu einem Druck von 60 bar (600 m \/ 2000 ft) tadellos zuverl\u00e4ssig, beweist es, dass eine Unterwassersportuhr und ein ausgekl\u00fcgelter Automatik-Zeitmesser in einem Objekt kombiniert werden k\u00f6nnen. Es verf\u00fcgt \u00fcber wesentliche Funktionen und Elemente f\u00fcr das Tauchen wie eine einseitig drehbare Keramikl\u00fcnette, Leuchtzeiger und -indizes mit Super-LumiNova\u00ae-Beschichtung, eine verschraubte Krone und Geh\u00e4useboden sowie ein Heliumventil, das Sicherheit f\u00fcr das S\u00e4ttigungstauchen bietet. Ausgestattet mit einem kratzfesten Saphirglas - gew\u00f6lbt und entspiegelt - k\u00f6nnen Sie sich mit dieser Uhr in die Tiefe wagen. Sein Schweizer Werk Powermatic 80, ausgestattet mit einer magnetfeldresistenten Nivachron-Spiralfeder, sorgt f\u00fcr hohe Pr\u00e4zision mit bis zu 80 Stunden Gangreserve. Das Geh\u00e4use aus Edelstahl 316L mit einem Durchmesser von 46 mm hat eine verschraubte Krone und einen verschraubten Geh\u00e4useboden. Auch die Zifferbl\u00e4tter der Tissot Seastar 2000 Professional weisen Muster auf, die an die Ozean- und Unterwasserwelt erinnern. Dar\u00fcber hinaus verf\u00fcgt sie \u00fcber ein Zifferblatt mit blau-schwarzem Farbverlauf, sowie ein graviertes Wellenmuster, eine Taucherl\u00fcnette mit schwarzer Keramik und ein Edelstahlarmband mit Faltschlie\u00dfe.<\/p>\n","protected":false},"excerpt":{"rendered":"<p>Die Tissot Seastar 2000 Professional ist das ultimative Automatik-Taucheruhrenmodell. Die auf dem verschraubten transparenten Geh\u00e4useboden eingeschriebene Norm ISO 6425 bescheinigt die Bezeichnung &#8222;Taucheruhr&#8220;. Bis zu einem Druck von 60 bar (600 m \/ 2000 ft) tadellos zuverl\u00e4ssig, beweist es, dass eine Unterwassersportuhr und ein ausgekl\u00fcgelter Automatik-Zeitmesser in einem Objekt kombiniert werden k\u00f6nnen. Es verf\u00fcgt \u00fcber &#8230; <a title=\"Tissot Seastar 2000 Professional Powermatic 80\" class=\"read-more\" href=\"https:\/\/lediamant.ch\/de\/uhren\/156717-tissot-seastar-2000-professional-powermatic-80-2\/\" aria-label=\"Mehr Informationen \u00fcber Tissot Seastar 2000 Professional Powermatic 80\">Weiterlesen &#8230;<\/a><\/p>\n","protected":false},"featured_media":156705,"template":"","meta":{"_acf_changed":false,"_seopress_robots_primary_cat":"","_seopress_titles_title":"","_seopress_titles_desc":"","_seopress_robots_index":""},"brand":[27087],"product_brand":[],"product_cat":[27137,27159,27203,27123],"product_tag":[],"class_list":{"0":"post-156717","1":"product","2":"type-product","3":"status-publish","4":"has-post-thumbnail","6":"brand-tissot-de","7":"product_cat-bracelet-ajustable-de","8":"product_cat-tissot-de","9":"product_cat-tissot-sport","10":"product_cat-uhren","11":"pa_couleurduboitier-grau-de","12":"pa_couleurducadran-blau","13":"pa_forme-runden","14":"pa_genre-mann","15":"pa_matiere-stahl","16":"pa_matierebraceletmontre-edelstahl","17":"pa_mouvement-automatik-de","18":"pa_typedemontre-taucheruhren","19":"sales-flash-overlay","20":"woocommerce-text-align-center","21":"woocommerce-image-align-center","22":"do-quantity-buttons","24":"first","25":"instock","26":"taxable","27":"shipping-taxable","28":"purchasable","29":"product-type-simple"},"acf":[],"_links":{"self":[{"href":"https:\/\/lediamant.ch\/de\/wp-json\/wp\/v2\/product\/156717","targetHints":{"allow":["GET"]}}],"collection":[{"href":"https:\/\/lediamant.ch\/de\/wp-json\/wp\/v2\/product"}],"about":[{"href":"https:\/\/lediamant.ch\/de\/wp-json\/wp\/v2\/types\/product"}],"wp:featuredmedia":[{"embeddable":true,"href":"https:\/\/lediamant.ch\/de\/wp-json\/wp\/v2\/media\/156705"}],"wp:attachment":[{"href":"https:\/\/lediamant.ch\/de\/wp-json\/wp\/v2\/media?parent=156717"}],"wp:term":[{"taxonomy":"brand","embeddable":true,"href":"https:\/\/lediamant.ch\/de\/wp-json\/wp\/v2\/brand?post=156717"},{"taxonomy":"product_brand","embeddable":true,"href":"https:\/\/lediamant.ch\/de\/wp-json\/wp\/v2\/product_brand?post=156717"},{"taxonomy":"product_cat","embeddable":true,"href":"https:\/\/lediamant.ch\/de\/wp-json\/wp\/v2\/product_cat?post=156717"},{"taxonomy":"product_tag","embeddable":true,"href":"https:\/\/lediamant.ch\/de\/wp-json\/wp\/v2\/product_tag?post=156717"}],"curies":[{"name":"wp","href":"https:\/\/api.w.org\/{rel}","templated":true}]}}