{"id":156733,"date":"2021-06-28T01:01:26","date_gmt":"2021-06-27T23:01:26","guid":{"rendered":"https:\/\/lediamant.ch\/produit\/uhren-de\/tissot-de\/tissot-t-sport-de\/tissot-seastar-2000-professional-de\/tissot-seastar-2000-professional-powermatic-80-3\/"},"modified":"2025-10-03T08:39:54","modified_gmt":"2025-10-03T06:39:54","slug":"tissot-seastar-2000-professional-powermatic-80-3","status":"publish","type":"product","link":"https:\/\/lediamant.ch\/de\/uhren\/156733-tissot-seastar-2000-professional-powermatic-80-3\/","title":{"rendered":"Tissot Seastar 2000 Professional Powermatic 80"},"content":{"rendered":"<p><span style=\"color: #757575;font-family: Heebo, Roboto, Arial, Helvetica, sans-serif;font-size: 18px;background-color: #ffffff\">Die Tissot Seastar 2000 Professional ist das ultimative Modell einer automatischen Taucheruhr. Die ISO-Norm 6425, die auf dem verschraubten, transparenten Geh\u00e4useboden vermerkt ist, best\u00e4tigt die Bezeichnung &#8222;Taucheruhr&#8220;. Sie ist absolut zuverl\u00e4ssig bis zu einem Druck von 60 bar (600m \/ 2000 ft) und ist der Beweis daf\u00fcr, dass eine Unterwassersportuhr und ein hochentwickelter automatischer Zeitmesser in einem einzigen Objekt vereint werden k\u00f6nnen. Sie verf\u00fcgt \u00fcber Funktionen und Elemente, die f\u00fcr das Tauchen unerl\u00e4sslich sind, wie eine einseitig drehbare Keramikl\u00fcnette, mit Super-LumiNova\u00ae beschichtete Leuchtzeiger und -indizes, eine verschraubte Krone und einen verschraubten Geh\u00e4useboden sowie ein Heliumventil, das Sicherheit beim Tauchen in der S\u00e4ttigung bietet. Ausgestattet mit einem kratzfesten Saphirglas - gew\u00f6lbt und entspiegelt - k\u00f6nnen Sie sich mit dieser Uhr in die Tiefe wagen. Das in der Schweiz hergestellte Powermatic 80 Uhrwerk mit einer Nivachron-Spiralfeder, die gegen Magnetfelder resistent ist, bietet eine hohe Pr\u00e4zision mit einer Gangreserve von bis zu 80 Stunden. Das Geh\u00e4use aus Edelstahl 316L hat einen Durchmesser von 46 mm und ist mit einer verschraubten Krone und einem verschraubten Geh\u00e4useboden ausgestattet. Die Zifferbl\u00e4tter der Tissot Seastar 2000 Professional sind mit Motiven versehen, die an die Welt der Ozeane und Unterwasserwelt erinnern. Au\u00dferdem hat sie ein Zifferblatt mit einem Farbverlauf von Anthrazit zu Schwarz, ein graviertes Wellenmotiv, eine Taucherl\u00fcnette mit schwarzer Keramik und ein schwarzes Kautschukarmband mit Standardschlie\u00dfe.        <\/span><\/p>\n","protected":false},"excerpt":{"rendered":"<p>Die Tissot Seastar 2000 Professional ist das ultimative Modell einer automatischen Taucheruhr. Die ISO-Norm 6425, die auf dem verschraubten, transparenten Geh\u00e4useboden vermerkt ist, best\u00e4tigt die Bezeichnung &#8222;Taucheruhr&#8220;. Sie ist absolut zuverl\u00e4ssig bis zu einem Druck von 60 bar (600m \/ 2000 ft) und ist der Beweis daf\u00fcr, dass eine Unterwassersportuhr und ein hochentwickelter automatischer Zeitmesser &#8230; <a title=\"Tissot Seastar 2000 Professional Powermatic 80\" class=\"read-more\" href=\"https:\/\/lediamant.ch\/de\/uhren\/156733-tissot-seastar-2000-professional-powermatic-80-3\/\" aria-label=\"Mehr Informationen \u00fcber Tissot Seastar 2000 Professional Powermatic 80\">Weiterlesen &#8230;<\/a><\/p>\n","protected":false},"featured_media":156719,"template":"","meta":{"_acf_changed":false,"_seopress_robots_primary_cat":"27202","_seopress_titles_title":"","_seopress_titles_desc":"","_seopress_robots_index":""},"brand":[27087],"product_brand":[],"product_cat":[27159,27203,27123],"product_tag":[],"class_list":{"0":"post-156733","1":"product","2":"type-product","3":"status-publish","4":"has-post-thumbnail","6":"brand-tissot-de","7":"product_cat-tissot-de","8":"product_cat-tissot-sport","9":"product_cat-uhren","10":"pa_couleurduboitier-grau-de","11":"pa_couleurdubracelet-schwarz-de","12":"pa_dimensions-o-46-mm","13":"pa_forme-runden","14":"pa_genre-mann","15":"pa_matiere-stahl","16":"pa_matierebraceletmontre-kautschuk","17":"pa_mouvement-automatik-de","18":"pa_typedemontre-sportuhren","19":"pa_typedemontre-taucheruhren","20":"sales-flash-overlay","21":"woocommerce-text-align-center","22":"woocommerce-image-align-center","23":"do-quantity-buttons","25":"first","26":"instock","27":"taxable","28":"shipping-taxable","29":"purchasable","30":"product-type-simple"},"acf":[],"_links":{"self":[{"href":"https:\/\/lediamant.ch\/de\/wp-json\/wp\/v2\/product\/156733","targetHints":{"allow":["GET"]}}],"collection":[{"href":"https:\/\/lediamant.ch\/de\/wp-json\/wp\/v2\/product"}],"about":[{"href":"https:\/\/lediamant.ch\/de\/wp-json\/wp\/v2\/types\/product"}],"wp:featuredmedia":[{"embeddable":true,"href":"https:\/\/lediamant.ch\/de\/wp-json\/wp\/v2\/media\/156719"}],"wp:attachment":[{"href":"https:\/\/lediamant.ch\/de\/wp-json\/wp\/v2\/media?parent=156733"}],"wp:term":[{"taxonomy":"brand","embeddable":true,"href":"https:\/\/lediamant.ch\/de\/wp-json\/wp\/v2\/brand?post=156733"},{"taxonomy":"product_brand","embeddable":true,"href":"https:\/\/lediamant.ch\/de\/wp-json\/wp\/v2\/product_brand?post=156733"},{"taxonomy":"product_cat","embeddable":true,"href":"https:\/\/lediamant.ch\/de\/wp-json\/wp\/v2\/product_cat?post=156733"},{"taxonomy":"product_tag","embeddable":true,"href":"https:\/\/lediamant.ch\/de\/wp-json\/wp\/v2\/product_tag?post=156733"}],"curies":[{"name":"wp","href":"https:\/\/api.w.org\/{rel}","templated":true}]}}