{"id":156851,"date":"2021-07-26T01:01:02","date_gmt":"2021-07-25T23:01:02","guid":{"rendered":"https:\/\/lediamant.ch\/produit\/uhren-de\/tissot-de\/tissot-t-sport-de\/tissot-seastar-1000-quartz-de\/tissot-seastar-1000-quarz-chronograph\/"},"modified":"2021-07-26T01:01:02","modified_gmt":"2021-07-25T23:01:02","slug":"tissot-seastar-1000-quarz-chronograph","status":"publish","type":"product","link":"https:\/\/lediamant.ch\/de\/uhren\/156851-tissot-seastar-1000-quarz-chronograph\/","title":{"rendered":"Tissot Seastar 1000 Quarz chronograph"},"content":{"rendered":"<p><span style=\"color:#757575;font-family:Heebo, Roboto, Arial, Helvetica, sans-serif;font-size:18px;background-color:#ffffff;\">Der Tissot Seastar 1000 Quartz Chronograph ist die perfekte Wahl f\u00fcr Taucher. Sie beeindruckt durch ihre Hochleistungsf\u00e4higkeit bis zu einem Druck von 30 bar (300 m \/ 1000 ft), verschraubter Krone und Dr\u00fcckern sowie verschraubtem Geh\u00e4useboden, lumineszierenden Zeigern und Indizes sowie der einseitig drehbaren zweifarbigen Aluminium-Taucherl\u00fcnette. Bei aller markanten Optik kommt die Funktionalit\u00e4t nicht zu kurz: 45,5 Millimeter Durchmesser und gro\u00dfz\u00fcgig eingesetzte SuperLuminova Leuchtmasse sorgen f\u00fcr beste Ablesbarkeit. Das Edelstahlgeh\u00e4use mit verschraubtem Geh\u00e4useboden, verschraubter Krone und verschraubten Dr\u00fcckern gew\u00e4hrt in Kombination mit dem kratzfesten, entspiegelten Saphirglas zuverl\u00e4ssige Robustheit bis zu einem Druck von 30 bar (300 m \/ 1000 ft). Weitere tauchspezifische Elemente sind die linksdrehende Aluminiuml\u00fcnette sowie die Taucherverl\u00e4ngerung am Edelstahlarmband mit Sicherheitsfaltschlie\u00dfe. Mit dieser Uhr k\u00f6nnen Sie sich mutig in die Tiefe wagen, sie wird Sie nicht fallenlassen. Diese Uhr der Seastar 1000 Quartz Chronographen Kollektion ist mit einem Swiss Made Quarzwerk und kratzfestem Saphirglas, welches \u00fcber eine entspiegelnde Beschichtung auf der Unterseite des Glases verf\u00fcgt. Dieses Modell hat ein 316L - Edelstahlgeh\u00e4use sowie ein massives 316l-Edelstahlarmband mit Sicherheitsfaltschlie\u00dfe und Taucherverl\u00e4ngerung. Das blaue Zifferblatt besitzt Indizes sowie eine Datumsanzeige.<\/span><\/p>\n","protected":false},"excerpt":{"rendered":"<p>Der Tissot Seastar 1000 Quartz Chronograph ist die perfekte Wahl f\u00fcr Taucher. Sie beeindruckt durch ihre Hochleistungsf\u00e4higkeit bis zu einem Druck von 30 bar (300 m \/ 1000 ft), verschraubter Krone und Dr\u00fcckern sowie verschraubtem Geh\u00e4useboden, lumineszierenden Zeigern und Indizes sowie der einseitig drehbaren zweifarbigen Aluminium-Taucherl\u00fcnette. Bei aller markanten Optik kommt die Funktionalit\u00e4t nicht zu &#8230; <a title=\"Tissot Seastar 1000 Quarz chronograph\" class=\"read-more\" href=\"https:\/\/lediamant.ch\/de\/uhren\/156851-tissot-seastar-1000-quarz-chronograph\/\" aria-label=\"Mehr Informationen \u00fcber Tissot Seastar 1000 Quarz chronograph\">Weiterlesen &#8230;<\/a><\/p>\n","protected":false},"featured_media":156838,"template":"","meta":{"_acf_changed":false,"_seopress_robots_primary_cat":"","_seopress_titles_title":"","_seopress_titles_desc":"","_seopress_robots_index":""},"brand":[27087],"product_brand":[],"product_cat":[27137,27159,27441,27203,27123],"product_tag":[],"class_list":{"0":"post-156851","1":"product","2":"type-product","3":"status-publish","4":"has-post-thumbnail","6":"brand-tissot-de","7":"product_cat-bracelet-ajustable-de","8":"product_cat-tissot-de","9":"product_cat-tissot-seastar","10":"product_cat-tissot-sport","11":"product_cat-uhren","12":"pa_couleurduboitier-grau-de","13":"pa_couleurducadran-blau","14":"pa_dimensions-o-45-5-mm","15":"pa_etancheite-300m-de","16":"pa_genre-mann","17":"pa_matiere-stahl","18":"pa_matierebraceletmontre-edelstahl","19":"pa_mouvement-quarzbatterie-de","20":"pa_typedemontre-chronograph-de","21":"sales-flash-overlay","22":"woocommerce-text-align-center","23":"woocommerce-image-align-center","24":"do-quantity-buttons","26":"first","27":"instock","28":"taxable","29":"shipping-taxable","30":"purchasable","31":"product-type-simple"},"acf":[],"_links":{"self":[{"href":"https:\/\/lediamant.ch\/de\/wp-json\/wp\/v2\/product\/156851","targetHints":{"allow":["GET"]}}],"collection":[{"href":"https:\/\/lediamant.ch\/de\/wp-json\/wp\/v2\/product"}],"about":[{"href":"https:\/\/lediamant.ch\/de\/wp-json\/wp\/v2\/types\/product"}],"wp:featuredmedia":[{"embeddable":true,"href":"https:\/\/lediamant.ch\/de\/wp-json\/wp\/v2\/media\/156838"}],"wp:attachment":[{"href":"https:\/\/lediamant.ch\/de\/wp-json\/wp\/v2\/media?parent=156851"}],"wp:term":[{"taxonomy":"brand","embeddable":true,"href":"https:\/\/lediamant.ch\/de\/wp-json\/wp\/v2\/brand?post=156851"},{"taxonomy":"product_brand","embeddable":true,"href":"https:\/\/lediamant.ch\/de\/wp-json\/wp\/v2\/product_brand?post=156851"},{"taxonomy":"product_cat","embeddable":true,"href":"https:\/\/lediamant.ch\/de\/wp-json\/wp\/v2\/product_cat?post=156851"},{"taxonomy":"product_tag","embeddable":true,"href":"https:\/\/lediamant.ch\/de\/wp-json\/wp\/v2\/product_tag?post=156851"}],"curies":[{"name":"wp","href":"https:\/\/api.w.org\/{rel}","templated":true}]}}