{"id":156867,"date":"2021-07-26T01:01:13","date_gmt":"2021-07-25T23:01:13","guid":{"rendered":"https:\/\/lediamant.ch\/produit\/uhren-de\/tissot-de\/tissot-t-sport-de\/tissot-chrono-xl-de\/tissot-chrono-xl-vintage\/"},"modified":"2021-07-26T01:01:13","modified_gmt":"2021-07-25T23:01:13","slug":"tissot-chrono-xl-vintage","status":"publish","type":"product","link":"https:\/\/lediamant.ch\/de\/uhren\/156867-tissot-chrono-xl-vintage\/","title":{"rendered":"Tissot Chrono XL Vintage"},"content":{"rendered":"<p>Die Tissot Chrono XL zeichnet sich durch ihr gro\u00dfes Geh\u00e4use mit einem Durchmesser von 45 mm aus. Die Chronographenfunktion unterstreicht ihren urbanen Geist. Die Kollektion Tissot Chrono XL bietet eine Vielzahl von Stilen. Manche bevorzugen ein Metallarmband, andere den Vintage-Look von altmodischen Lederarmb\u00e4ndern. F\u00fcr welches Modell Sie sich auch entscheiden, die Tissot Chrono XL wird mit Sicherheit Ihre Pers\u00f6nlichkeit zum Vorschein bringen.<\/p>\n","protected":false},"excerpt":{"rendered":"<p>Die Tissot Chrono XL zeichnet sich durch ihr gro\u00dfes Geh\u00e4use mit einem Durchmesser von 45 mm aus. Die Chronographenfunktion unterstreicht ihren urbanen Geist. Die Kollektion Tissot Chrono XL bietet eine Vielzahl von Stilen. Manche bevorzugen ein Metallarmband, andere den Vintage-Look von altmodischen Lederarmb\u00e4ndern. F\u00fcr welches Modell Sie sich auch entscheiden, die Tissot Chrono XL wird &#8230; <a title=\"Tissot Chrono XL Vintage\" class=\"read-more\" href=\"https:\/\/lediamant.ch\/de\/uhren\/156867-tissot-chrono-xl-vintage\/\" aria-label=\"Mehr Informationen \u00fcber Tissot Chrono XL Vintage\">Weiterlesen &#8230;<\/a><\/p>\n","protected":false},"featured_media":156852,"template":"","meta":{"_acf_changed":false,"_seopress_robots_primary_cat":"","_seopress_titles_title":"","_seopress_titles_desc":"","_seopress_robots_index":""},"brand":[27087],"product_brand":[],"product_cat":[27159,27493,27203,27123],"product_tag":[],"class_list":{"0":"post-156867","1":"product","2":"type-product","3":"status-publish","4":"has-post-thumbnail","6":"brand-tissot-de","7":"product_cat-tissot-de","8":"product_cat-tissot-xl","9":"product_cat-tissot-sport","10":"product_cat-uhren","11":"pa_couleurduboitier-grau-de","12":"pa_couleurdubracelet-braun-de","13":"pa_couleurducadran-blau","14":"pa_dimensions-o-45-mm","15":"pa_etancheite-100m-de","16":"pa_matiere-stahl","17":"pa_matierebraceletmontre-leder","18":"pa_mouvement-quarzbatterie-de","19":"pa_typedemontre-chronograph-de","20":"pa_typedemontre-fliegeruhren","21":"sales-flash-overlay","22":"woocommerce-text-align-center","23":"woocommerce-image-align-center","24":"do-quantity-buttons","26":"first","27":"instock","28":"taxable","29":"shipping-taxable","30":"purchasable","31":"product-type-simple"},"acf":[],"_links":{"self":[{"href":"https:\/\/lediamant.ch\/de\/wp-json\/wp\/v2\/product\/156867","targetHints":{"allow":["GET"]}}],"collection":[{"href":"https:\/\/lediamant.ch\/de\/wp-json\/wp\/v2\/product"}],"about":[{"href":"https:\/\/lediamant.ch\/de\/wp-json\/wp\/v2\/types\/product"}],"wp:featuredmedia":[{"embeddable":true,"href":"https:\/\/lediamant.ch\/de\/wp-json\/wp\/v2\/media\/156852"}],"wp:attachment":[{"href":"https:\/\/lediamant.ch\/de\/wp-json\/wp\/v2\/media?parent=156867"}],"wp:term":[{"taxonomy":"brand","embeddable":true,"href":"https:\/\/lediamant.ch\/de\/wp-json\/wp\/v2\/brand?post=156867"},{"taxonomy":"product_brand","embeddable":true,"href":"https:\/\/lediamant.ch\/de\/wp-json\/wp\/v2\/product_brand?post=156867"},{"taxonomy":"product_cat","embeddable":true,"href":"https:\/\/lediamant.ch\/de\/wp-json\/wp\/v2\/product_cat?post=156867"},{"taxonomy":"product_tag","embeddable":true,"href":"https:\/\/lediamant.ch\/de\/wp-json\/wp\/v2\/product_tag?post=156867"}],"curies":[{"name":"wp","href":"https:\/\/api.w.org\/{rel}","templated":true}]}}