{"id":156995,"date":"2021-08-06T17:01:32","date_gmt":"2021-08-06T15:01:32","guid":{"rendered":"https:\/\/lediamant.ch\/produit\/uhren-de\/maurice-lacroix-de\/aikon-auto-de\/maurice-lacroix-aikon-auto-ladies-35mm-blau-8-diamanten-stahlarmband\/"},"modified":"2021-08-06T17:01:32","modified_gmt":"2021-08-06T15:01:32","slug":"maurice-lacroix-aikon-auto-ladies-35mm-blau-8-diamanten-stahlarmband","status":"publish","type":"product","link":"https:\/\/lediamant.ch\/de\/uhren\/156995-maurice-lacroix-aikon-auto-ladies-35mm-blau-8-diamanten-stahlarmband\/","title":{"rendered":"Maurice Lacroix AIKON Auto Ladies 35mm, blau, 8 Diamanten, Stahlarmband"},"content":{"rendered":"<p>Die AIKON Automatik begeistert nun auch Frauenhandgelenke, da die Uhr zum ersten Mal mit einem Durchmesser von 35 mm angeboten wird. Das j\u00fcngste Mitglied der AIKON Automatik Kollektion wurde f\u00fcr moderne, anspruchsvolle Frauen mit einem ausgepr\u00e4gten Sinn f\u00fcr \u00c4sthetik entworfen. Ihre urbanen Kurven wurden so entworfen, dass sie sich ihrem tausendfachen Leben anpassen. Heute zeigen Uhren viel mehr als nur die Zeit an, sie suggerieren einen Look, der eine Pers\u00f6nlichkeit widerspiegelt. Aus diesem Grund hat Maurice Lacroix eine Kollektion von vier Modellen mit selbstbewussten Looks entwickelt.<\/p>\n","protected":false},"excerpt":{"rendered":"<p>Die AIKON Automatik begeistert nun auch Frauenhandgelenke, da die Uhr zum ersten Mal mit einem Durchmesser von 35 mm angeboten wird. Das j\u00fcngste Mitglied der AIKON Automatik Kollektion wurde f\u00fcr moderne, anspruchsvolle Frauen mit einem ausgepr\u00e4gten Sinn f\u00fcr \u00c4sthetik entworfen. Ihre urbanen Kurven wurden so entworfen, dass sie sich ihrem tausendfachen Leben anpassen. Heute zeigen &#8230; <a title=\"Maurice Lacroix AIKON Auto Ladies 35mm, blau, 8 Diamanten, Stahlarmband\" class=\"read-more\" href=\"https:\/\/lediamant.ch\/de\/uhren\/156995-maurice-lacroix-aikon-auto-ladies-35mm-blau-8-diamanten-stahlarmband\/\" aria-label=\"Mehr Informationen \u00fcber Maurice Lacroix AIKON Auto Ladies 35mm, blau, 8 Diamanten, Stahlarmband\">Weiterlesen &#8230;<\/a><\/p>\n","protected":false},"featured_media":156991,"template":"","meta":{"_acf_changed":false,"_seopress_robots_primary_cat":"","_seopress_titles_title":"","_seopress_titles_desc":"","_seopress_robots_index":""},"brand":[27103],"product_brand":[],"product_cat":[27123,27149,27205],"product_tag":[],"class_list":{"0":"post-156995","1":"product","2":"type-product","3":"status-publish","4":"has-post-thumbnail","6":"brand-mauricelacroix-de","7":"product_cat-uhren","8":"product_cat-maurice-lacroix-de","9":"product_cat-aikon-de","10":"pa_couleurduboitier-grau-de","11":"pa_couleurducadran-blau","12":"pa_etancheite-200m-de","13":"pa_forme-runden","14":"pa_garantie-24monate","15":"pa_genre-frau","16":"pa_matiere-stahl","17":"pa_matierebraceletmontre-edelstahl","18":"pa_mouvement-automatik-de","19":"pa_swissmade-ja-de","20":"pa_typedemontre-uhrenmitdiamanten","21":"pa_verre-saphir-de","22":"sales-flash-overlay","23":"woocommerce-text-align-center","24":"woocommerce-image-align-center","25":"do-quantity-buttons","27":"first","28":"instock","29":"taxable","30":"shipping-taxable","31":"purchasable","32":"product-type-simple"},"acf":[],"_links":{"self":[{"href":"https:\/\/lediamant.ch\/de\/wp-json\/wp\/v2\/product\/156995","targetHints":{"allow":["GET"]}}],"collection":[{"href":"https:\/\/lediamant.ch\/de\/wp-json\/wp\/v2\/product"}],"about":[{"href":"https:\/\/lediamant.ch\/de\/wp-json\/wp\/v2\/types\/product"}],"wp:featuredmedia":[{"embeddable":true,"href":"https:\/\/lediamant.ch\/de\/wp-json\/wp\/v2\/media\/156991"}],"wp:attachment":[{"href":"https:\/\/lediamant.ch\/de\/wp-json\/wp\/v2\/media?parent=156995"}],"wp:term":[{"taxonomy":"brand","embeddable":true,"href":"https:\/\/lediamant.ch\/de\/wp-json\/wp\/v2\/brand?post=156995"},{"taxonomy":"product_brand","embeddable":true,"href":"https:\/\/lediamant.ch\/de\/wp-json\/wp\/v2\/product_brand?post=156995"},{"taxonomy":"product_cat","embeddable":true,"href":"https:\/\/lediamant.ch\/de\/wp-json\/wp\/v2\/product_cat?post=156995"},{"taxonomy":"product_tag","embeddable":true,"href":"https:\/\/lediamant.ch\/de\/wp-json\/wp\/v2\/product_tag?post=156995"}],"curies":[{"name":"wp","href":"https:\/\/api.w.org\/{rel}","templated":true}]}}