{"id":157003,"date":"2021-08-06T17:01:32","date_gmt":"2021-08-06T15:01:32","guid":{"rendered":"https:\/\/lediamant.ch\/produit\/uhren-de\/maurice-lacroix-de\/aikon-auto-de\/maurice-lacroix-aikon-automatique-39-mm-anthrazit-braunes-lederarmband\/"},"modified":"2021-08-06T17:01:32","modified_gmt":"2021-08-06T15:01:32","slug":"maurice-lacroix-aikon-automatique-39-mm-anthrazit-braunes-lederarmband","status":"publish","type":"product","link":"https:\/\/lediamant.ch\/de\/uhren\/157003-maurice-lacroix-aikon-automatique-39-mm-anthrazit-braunes-lederarmband\/","title":{"rendered":"Maurice Lacroix AIKON Automatique, 39 mm, anthrazit, braunes Lederarmband"},"content":{"rendered":"<p>Maurice Lacroix AIKON Automatique, 39 mm, anthrazit, braunes Lederarmband<\/p>\n<p>Zwei Jahre nach der Einf\u00fchrung der AIKON Quartz enth\u00fcllt dieses historische Modell einen neuen, noch moderneren Look in Verbindung mit einem Uhrwerk mit automatischem Aufzug: das ist die AIKON Automatik.<\/p>\n<p>Die Uhrenmarke Maurice Lacroix, die f\u00fcr ihre Designkreationen und Innovationen ber\u00fchmt ist, hat die AIKON neu erfunden, mit Ausf\u00fchrungen, die allen Codes des Luxus entsprechen.<\/p>\n","protected":false},"excerpt":{"rendered":"<p>Maurice Lacroix AIKON Automatique, 39 mm, anthrazit, braunes Lederarmband Zwei Jahre nach der Einf\u00fchrung der AIKON Quartz enth\u00fcllt dieses historische Modell einen neuen, noch moderneren Look in Verbindung mit einem Uhrwerk mit automatischem Aufzug: das ist die AIKON Automatik. Die Uhrenmarke Maurice Lacroix, die f\u00fcr ihre Designkreationen und Innovationen ber\u00fchmt ist, hat die AIKON neu &#8230; <a title=\"Maurice Lacroix AIKON Automatique, 39 mm, anthrazit, braunes Lederarmband\" class=\"read-more\" href=\"https:\/\/lediamant.ch\/de\/uhren\/157003-maurice-lacroix-aikon-automatique-39-mm-anthrazit-braunes-lederarmband\/\" aria-label=\"Mehr Informationen \u00fcber Maurice Lacroix AIKON Automatique, 39 mm, anthrazit, braunes Lederarmband\">Weiterlesen &#8230;<\/a><\/p>\n","protected":false},"featured_media":157001,"template":"","meta":{"_acf_changed":false,"_seopress_robots_primary_cat":"","_seopress_titles_title":"","_seopress_titles_desc":"","_seopress_robots_index":""},"brand":[27103],"product_brand":[],"product_cat":[27205,27149,27123],"product_tag":[],"class_list":{"0":"post-157003","1":"product","2":"type-product","3":"status-publish","4":"has-post-thumbnail","6":"brand-mauricelacroix-de","7":"product_cat-aikon-de","8":"product_cat-maurice-lacroix-de","9":"product_cat-uhren","10":"pa_couleurduboitier-grau-de","11":"pa_couleurdubracelet-braun-de","12":"pa_couleurducadran-anthrazit","13":"pa_etancheite-200m-de","14":"pa_forme-runden","15":"pa_garantie-24monate","16":"pa_genre-frau","17":"pa_matiere-stahl","18":"pa_matierebraceletmontre-leder","19":"pa_mouvement-automatik-de","20":"pa_swissmade-ja-de","21":"pa_verre-saphir-de","22":"sales-flash-overlay","23":"woocommerce-text-align-center","24":"woocommerce-image-align-center","25":"do-quantity-buttons","27":"first","28":"instock","29":"taxable","30":"shipping-taxable","31":"purchasable","32":"product-type-simple"},"acf":[],"_links":{"self":[{"href":"https:\/\/lediamant.ch\/de\/wp-json\/wp\/v2\/product\/157003","targetHints":{"allow":["GET"]}}],"collection":[{"href":"https:\/\/lediamant.ch\/de\/wp-json\/wp\/v2\/product"}],"about":[{"href":"https:\/\/lediamant.ch\/de\/wp-json\/wp\/v2\/types\/product"}],"wp:featuredmedia":[{"embeddable":true,"href":"https:\/\/lediamant.ch\/de\/wp-json\/wp\/v2\/media\/157001"}],"wp:attachment":[{"href":"https:\/\/lediamant.ch\/de\/wp-json\/wp\/v2\/media?parent=157003"}],"wp:term":[{"taxonomy":"brand","embeddable":true,"href":"https:\/\/lediamant.ch\/de\/wp-json\/wp\/v2\/brand?post=157003"},{"taxonomy":"product_brand","embeddable":true,"href":"https:\/\/lediamant.ch\/de\/wp-json\/wp\/v2\/product_brand?post=157003"},{"taxonomy":"product_cat","embeddable":true,"href":"https:\/\/lediamant.ch\/de\/wp-json\/wp\/v2\/product_cat?post=157003"},{"taxonomy":"product_tag","embeddable":true,"href":"https:\/\/lediamant.ch\/de\/wp-json\/wp\/v2\/product_tag?post=157003"}],"curies":[{"name":"wp","href":"https:\/\/api.w.org\/{rel}","templated":true}]}}