{"id":157065,"date":"2021-08-06T17:02:14","date_gmt":"2021-08-06T15:02:14","guid":{"rendered":"https:\/\/lediamant.ch\/produit\/uhren-de\/maurice-lacroix-de\/aikon-auto-de\/maurice-lacxroix-aikon-auto-date-42mm-anthrazit-braunes-lederarmband\/"},"modified":"2021-08-06T17:02:14","modified_gmt":"2021-08-06T15:02:14","slug":"maurice-lacxroix-aikon-auto-date-42mm-anthrazit-braunes-lederarmband","status":"publish","type":"product","link":"https:\/\/lediamant.ch\/de\/uhren\/157065-maurice-lacxroix-aikon-auto-date-42mm-anthrazit-braunes-lederarmband\/","title":{"rendered":"Maurice Lacxroix AIKON Auto Date 42mm, anthrazit, braunes Lederarmband"},"content":{"rendered":"<p>Die AIKON Automatik ist die Nachfahrin der Maurice Lacroix Calypso. Als Referenzmodell der Marke und ihrer Zeit besa\u00df diese Stahluhr aus den 1980er und 1990er Jahren bereits die Codes, die in der AIKON fortbestehen. Das integrierte Geh\u00e4use, die L\u00fcnette mit Reitern, die ein flaches Saphirglas umschlie\u00dft, und das Armband, das mit dem applizierten M-Logo gekennzeichnet ist.\u00a0<\/p>\n","protected":false},"excerpt":{"rendered":"<p>Die AIKON Automatik ist die Nachfahrin der Maurice Lacroix Calypso. Als Referenzmodell der Marke und ihrer Zeit besa\u00df diese Stahluhr aus den 1980er und 1990er Jahren bereits die Codes, die in der AIKON fortbestehen. Das integrierte Geh\u00e4use, die L\u00fcnette mit Reitern, die ein flaches Saphirglas umschlie\u00dft, und das Armband, das mit dem applizierten M-Logo gekennzeichnet &#8230; <a title=\"Maurice Lacxroix AIKON Auto Date 42mm, anthrazit, braunes Lederarmband\" class=\"read-more\" href=\"https:\/\/lediamant.ch\/de\/uhren\/157065-maurice-lacxroix-aikon-auto-date-42mm-anthrazit-braunes-lederarmband\/\" aria-label=\"Mehr Informationen \u00fcber Maurice Lacxroix AIKON Auto Date 42mm, anthrazit, braunes Lederarmband\">Weiterlesen &#8230;<\/a><\/p>\n","protected":false},"featured_media":157060,"template":"","meta":{"_acf_changed":false,"_seopress_robots_primary_cat":"","_seopress_titles_title":"","_seopress_titles_desc":"","_seopress_robots_index":""},"brand":[27103],"product_brand":[],"product_cat":[27205,27149,27123],"product_tag":[],"class_list":{"0":"post-157065","1":"product","2":"type-product","3":"status-publish","4":"has-post-thumbnail","6":"brand-mauricelacroix-de","7":"product_cat-aikon-de","8":"product_cat-maurice-lacroix-de","9":"product_cat-uhren","10":"pa_couleurduboitier-grau-de","11":"pa_couleurdubracelet-braun-de","12":"pa_couleurducadran-anthrazit","13":"pa_etancheite-200m-de","14":"pa_forme-runden","15":"pa_garantie-24monate","16":"pa_genre-mann","17":"pa_matiere-stahl","18":"pa_matierebraceletmontre-leder","19":"pa_mouvement-automatik-de","20":"pa_swissmade-ja-de","21":"pa_verre-saphir-de","22":"sales-flash-overlay","23":"woocommerce-text-align-center","24":"woocommerce-image-align-center","25":"do-quantity-buttons","27":"first","28":"instock","29":"taxable","30":"shipping-taxable","31":"purchasable","32":"product-type-simple"},"acf":[],"_links":{"self":[{"href":"https:\/\/lediamant.ch\/de\/wp-json\/wp\/v2\/product\/157065","targetHints":{"allow":["GET"]}}],"collection":[{"href":"https:\/\/lediamant.ch\/de\/wp-json\/wp\/v2\/product"}],"about":[{"href":"https:\/\/lediamant.ch\/de\/wp-json\/wp\/v2\/types\/product"}],"wp:featuredmedia":[{"embeddable":true,"href":"https:\/\/lediamant.ch\/de\/wp-json\/wp\/v2\/media\/157060"}],"wp:attachment":[{"href":"https:\/\/lediamant.ch\/de\/wp-json\/wp\/v2\/media?parent=157065"}],"wp:term":[{"taxonomy":"brand","embeddable":true,"href":"https:\/\/lediamant.ch\/de\/wp-json\/wp\/v2\/brand?post=157065"},{"taxonomy":"product_brand","embeddable":true,"href":"https:\/\/lediamant.ch\/de\/wp-json\/wp\/v2\/product_brand?post=157065"},{"taxonomy":"product_cat","embeddable":true,"href":"https:\/\/lediamant.ch\/de\/wp-json\/wp\/v2\/product_cat?post=157065"},{"taxonomy":"product_tag","embeddable":true,"href":"https:\/\/lediamant.ch\/de\/wp-json\/wp\/v2\/product_tag?post=157065"}],"curies":[{"name":"wp","href":"https:\/\/api.w.org\/{rel}","templated":true}]}}