{"id":157073,"date":"2021-08-06T17:02:28","date_gmt":"2021-08-06T15:02:28","guid":{"rendered":"https:\/\/lediamant.ch\/produit\/uhren-de\/maurice-lacroix-de\/aikon-auto-de\/maurice-lacroix-aikon-auto-date-42mm-blau-blaues-lederarmband\/"},"modified":"2021-08-06T17:02:28","modified_gmt":"2021-08-06T15:02:28","slug":"maurice-lacroix-aikon-auto-date-42mm-blau-blaues-lederarmband","status":"publish","type":"product","link":"https:\/\/lediamant.ch\/de\/uhren\/157073-maurice-lacroix-aikon-auto-date-42mm-blau-blaues-lederarmband\/","title":{"rendered":"Maurice Lacroix AIKON Auto Date 42mm, blau, blaues Lederarmband."},"content":{"rendered":"<p>Die AIKON Date 42 mm ist flach und praktisch, wodurch sie sich unauff\u00e4llig unter die Manschetten von Hemden schieben l\u00e4sst.<\/p>\n<p>Sie beh\u00e4lt die ikonischen Designelemente der AIKON bei. Die horizontalen Linien, die sich \u00fcber das Zifferblatt ziehen, und die sechs Arme, die die L\u00fcnette umschlie\u00dfen, best\u00e4tigen die unverwechselbare Identit\u00e4t dieses Modells und machen es zu einer h\u00f6chst begehrenswerten AIKON.<\/p>\n","protected":false},"excerpt":{"rendered":"<p>Die AIKON Date 42 mm ist flach und praktisch, wodurch sie sich unauff\u00e4llig unter die Manschetten von Hemden schieben l\u00e4sst. Sie beh\u00e4lt die ikonischen Designelemente der AIKON bei. Die horizontalen Linien, die sich \u00fcber das Zifferblatt ziehen, und die sechs Arme, die die L\u00fcnette umschlie\u00dfen, best\u00e4tigen die unverwechselbare Identit\u00e4t dieses Modells und machen es zu &#8230; <a title=\"Maurice Lacroix AIKON Auto Date 42mm, blau, blaues Lederarmband.\" class=\"read-more\" href=\"https:\/\/lediamant.ch\/de\/uhren\/157073-maurice-lacroix-aikon-auto-date-42mm-blau-blaues-lederarmband\/\" aria-label=\"Mehr Informationen \u00fcber Maurice Lacroix AIKON Auto Date 42mm, blau, blaues Lederarmband.\">Weiterlesen &#8230;<\/a><\/p>\n","protected":false},"featured_media":157067,"template":"","meta":{"_acf_changed":false,"_seopress_robots_primary_cat":"","_seopress_titles_title":"","_seopress_titles_desc":"","_seopress_robots_index":""},"brand":[27103],"product_brand":[],"product_cat":[27205,27149,27123],"product_tag":[],"class_list":{"0":"post-157073","1":"product","2":"type-product","3":"status-publish","4":"has-post-thumbnail","6":"brand-mauricelacroix-de","7":"product_cat-aikon-de","8":"product_cat-maurice-lacroix-de","9":"product_cat-uhren","10":"pa_couleurduboitier-grau-de","11":"pa_couleurdubracelet-blau-de","12":"pa_couleurducadran-blau","13":"pa_etancheite-200m-de","14":"pa_forme-runden","15":"pa_garantie-24monate","16":"pa_genre-mann","17":"pa_matiere-stahl","18":"pa_matierebraceletmontre-leder","19":"pa_mouvement-automatik-de","20":"pa_swissmade-ja-de","21":"pa_verre-saphir-de","22":"sales-flash-overlay","23":"woocommerce-text-align-center","24":"woocommerce-image-align-center","25":"do-quantity-buttons","27":"first","28":"instock","29":"taxable","30":"shipping-taxable","31":"purchasable","32":"product-type-simple"},"acf":[],"_links":{"self":[{"href":"https:\/\/lediamant.ch\/de\/wp-json\/wp\/v2\/product\/157073","targetHints":{"allow":["GET"]}}],"collection":[{"href":"https:\/\/lediamant.ch\/de\/wp-json\/wp\/v2\/product"}],"about":[{"href":"https:\/\/lediamant.ch\/de\/wp-json\/wp\/v2\/types\/product"}],"wp:featuredmedia":[{"embeddable":true,"href":"https:\/\/lediamant.ch\/de\/wp-json\/wp\/v2\/media\/157067"}],"wp:attachment":[{"href":"https:\/\/lediamant.ch\/de\/wp-json\/wp\/v2\/media?parent=157073"}],"wp:term":[{"taxonomy":"brand","embeddable":true,"href":"https:\/\/lediamant.ch\/de\/wp-json\/wp\/v2\/brand?post=157073"},{"taxonomy":"product_brand","embeddable":true,"href":"https:\/\/lediamant.ch\/de\/wp-json\/wp\/v2\/product_brand?post=157073"},{"taxonomy":"product_cat","embeddable":true,"href":"https:\/\/lediamant.ch\/de\/wp-json\/wp\/v2\/product_cat?post=157073"},{"taxonomy":"product_tag","embeddable":true,"href":"https:\/\/lediamant.ch\/de\/wp-json\/wp\/v2\/product_tag?post=157073"}],"curies":[{"name":"wp","href":"https:\/\/api.w.org\/{rel}","templated":true}]}}