{"id":157087,"date":"2021-08-06T17:02:28","date_gmt":"2021-08-06T15:02:28","guid":{"rendered":"https:\/\/lediamant.ch\/produit\/uhren-de\/maurice-lacroix-de\/aikon-auto-de\/maurice-lacroix-aikon-auto-date-42mm-versilbert-stahlarmband\/"},"modified":"2025-12-05T16:53:42","modified_gmt":"2025-12-05T15:53:42","slug":"maurice-lacroix-aikon-auto-date-42mm-argente-bracelet-en-acier","status":"publish","type":"product","link":"https:\/\/lediamant.ch\/de\/uhren\/157087-maurice-lacroix-aikon-auto-date-42mm-ai6008-ss002-130-1\/","title":{"rendered":"Maurice Lacroix AIKON Auto Date 42mm"},"content":{"rendered":"<p>Die AIKON Date 42 mm ist mit einem flachen Saphirglas ausgestattet, so dass sie sich sauber unter eine elegante Hemdmanschette schmiegt. Die vertrauten und ikonischen Elemente des AIKON Designs wurden beibehalten. Die horizontalen Linien, die sich \u00fcber das Zifferblatt ziehen, und die sechs Arme, die die L\u00fcnette umgeben, tragen dazu bei, diesem Modell seine unverwechselbare Identit\u00e4t zu verleihen und machen es zu einer AIKON, die man sch\u00e4tzen sollte.  <\/p>\n","protected":false},"excerpt":{"rendered":"<p>Die AIKON Date 42 mm ist mit einem flachen Saphirglas ausgestattet, so dass sie sich sauber unter eine elegante Hemdmanschette schmiegt. Die vertrauten und ikonischen Elemente des AIKON Designs wurden beibehalten. Die horizontalen Linien, die sich \u00fcber das Zifferblatt ziehen, und die sechs Arme, die die L\u00fcnette umgeben, tragen dazu bei, diesem Modell seine unverwechselbare &#8230; <a title=\"Maurice Lacroix AIKON Auto Date 42mm\" class=\"read-more\" href=\"https:\/\/lediamant.ch\/de\/uhren\/157087-maurice-lacroix-aikon-auto-date-42mm-ai6008-ss002-130-1\/\" aria-label=\"Mehr Informationen \u00fcber Maurice Lacroix AIKON Auto Date 42mm\">Weiterlesen &#8230;<\/a><\/p>\n","protected":false},"featured_media":157075,"template":"","meta":{"_acf_changed":false,"_seopress_robots_primary_cat":"27148","_seopress_titles_title":"","_seopress_titles_desc":"","_seopress_robots_index":""},"brand":[27103],"product_brand":[],"product_cat":[27205,27149,27123],"product_tag":[],"class_list":{"0":"post-157087","1":"product","2":"type-product","3":"status-publish","4":"has-post-thumbnail","6":"brand-mauricelacroix-de","7":"product_cat-aikon-de","8":"product_cat-maurice-lacroix-de","9":"product_cat-uhren","10":"pa_couleurduboitier-grau-de","11":"pa_couleurducadran-silber","12":"pa_etancheite-200m-de","13":"pa_forme-runden","14":"pa_garantie-24monate","15":"pa_genre-mann","16":"pa_matiere-stahl","17":"pa_matierebraceletmontre-edelstahl","18":"pa_mouvement-automatik-de","19":"pa_swissmade-ja-de","20":"pa_verre-saphir-de","21":"sales-flash-overlay","22":"woocommerce-text-align-center","23":"woocommerce-image-align-center","24":"do-quantity-buttons","26":"first","27":"instock","28":"taxable","29":"shipping-taxable","30":"purchasable","31":"product-type-simple"},"acf":[],"_links":{"self":[{"href":"https:\/\/lediamant.ch\/de\/wp-json\/wp\/v2\/product\/157087","targetHints":{"allow":["GET"]}}],"collection":[{"href":"https:\/\/lediamant.ch\/de\/wp-json\/wp\/v2\/product"}],"about":[{"href":"https:\/\/lediamant.ch\/de\/wp-json\/wp\/v2\/types\/product"}],"wp:featuredmedia":[{"embeddable":true,"href":"https:\/\/lediamant.ch\/de\/wp-json\/wp\/v2\/media\/157075"}],"wp:attachment":[{"href":"https:\/\/lediamant.ch\/de\/wp-json\/wp\/v2\/media?parent=157087"}],"wp:term":[{"taxonomy":"brand","embeddable":true,"href":"https:\/\/lediamant.ch\/de\/wp-json\/wp\/v2\/brand?post=157087"},{"taxonomy":"product_brand","embeddable":true,"href":"https:\/\/lediamant.ch\/de\/wp-json\/wp\/v2\/product_brand?post=157087"},{"taxonomy":"product_cat","embeddable":true,"href":"https:\/\/lediamant.ch\/de\/wp-json\/wp\/v2\/product_cat?post=157087"},{"taxonomy":"product_tag","embeddable":true,"href":"https:\/\/lediamant.ch\/de\/wp-json\/wp\/v2\/product_tag?post=157087"}],"curies":[{"name":"wp","href":"https:\/\/api.w.org\/{rel}","templated":true}]}}