{"id":157121,"date":"2021-08-06T17:02:42","date_gmt":"2021-08-06T15:02:42","guid":{"rendered":"https:\/\/lediamant.ch\/produit\/uhren-de\/maurice-lacroix-de\/aikon-auto-de\/maurice-lacroix-aikon-auto-date-42mm-blau-zweifarbiges-stahlarmband\/"},"modified":"2021-08-06T17:02:42","modified_gmt":"2021-08-06T15:02:42","slug":"maurice-lacroix-aikon-auto-date-42mm-blau-zweifarbiges-stahlarmband","status":"publish","type":"product","link":"https:\/\/lediamant.ch\/de\/uhren\/157121-maurice-lacroix-aikon-auto-date-42mm-blau-zweifarbiges-stahlarmband\/","title":{"rendered":"Maurice Lacroix AIKON Auto Date 42mm, blau, zweifarbiges Stahlarmband."},"content":{"rendered":"<p>Die AIKON Automatik sind die Nachkommen der Maurice Lacroix Calypso. Diese Stahluhr aus den 1980er und 1990er Jahren war das Referenzmodell der Marke und ihrer Epoche und verf\u00fcgte bereits \u00fcber die Codes, die in der AIKON fortbestehen. Das integrierte Geh\u00e4use, die L\u00fcnette mit Reitern, die ein flaches Saphirglas umschlie\u00dft, und das Armband, das mit dem applizierten M-Logo gekennzeichnet ist.\u00a0<\/p>\n","protected":false},"excerpt":{"rendered":"<p>Die AIKON Automatik sind die Nachkommen der Maurice Lacroix Calypso. Diese Stahluhr aus den 1980er und 1990er Jahren war das Referenzmodell der Marke und ihrer Epoche und verf\u00fcgte bereits \u00fcber die Codes, die in der AIKON fortbestehen. Das integrierte Geh\u00e4use, die L\u00fcnette mit Reitern, die ein flaches Saphirglas umschlie\u00dft, und das Armband, das mit dem &#8230; <a title=\"Maurice Lacroix AIKON Auto Date 42mm, blau, zweifarbiges Stahlarmband.\" class=\"read-more\" href=\"https:\/\/lediamant.ch\/de\/uhren\/157121-maurice-lacroix-aikon-auto-date-42mm-blau-zweifarbiges-stahlarmband\/\" aria-label=\"Mehr Informationen \u00fcber Maurice Lacroix AIKON Auto Date 42mm, blau, zweifarbiges Stahlarmband.\">Weiterlesen &#8230;<\/a><\/p>\n","protected":false},"featured_media":157119,"template":"","meta":{"_acf_changed":false,"_seopress_robots_primary_cat":"","_seopress_titles_title":"","_seopress_titles_desc":"","_seopress_robots_index":""},"brand":[27103],"product_brand":[],"product_cat":[27205,27149,27123],"product_tag":[],"class_list":{"0":"post-157121","1":"product","2":"type-product","3":"status-publish","4":"has-post-thumbnail","6":"brand-mauricelacroix-de","7":"product_cat-aikon-de","8":"product_cat-maurice-lacroix-de","9":"product_cat-uhren","10":"pa_couleurduboitier-zweifarbig-de","11":"pa_couleurducadran-blau","12":"pa_etancheite-200m-de","13":"pa_forme-runden","14":"pa_garantie-24monate","15":"pa_genre-mann","16":"pa_matiere-zweifarbigstahlgelbgoldpvd","17":"pa_matierebraceletmontre-edelstahl","18":"pa_mouvement-automatik-de","19":"pa_swissmade-ja-de","20":"pa_verre-saphir-de","21":"sales-flash-overlay","22":"woocommerce-text-align-center","23":"woocommerce-image-align-center","24":"do-quantity-buttons","26":"first","27":"instock","28":"taxable","29":"shipping-taxable","30":"purchasable","31":"product-type-simple"},"acf":[],"_links":{"self":[{"href":"https:\/\/lediamant.ch\/de\/wp-json\/wp\/v2\/product\/157121","targetHints":{"allow":["GET"]}}],"collection":[{"href":"https:\/\/lediamant.ch\/de\/wp-json\/wp\/v2\/product"}],"about":[{"href":"https:\/\/lediamant.ch\/de\/wp-json\/wp\/v2\/types\/product"}],"wp:featuredmedia":[{"embeddable":true,"href":"https:\/\/lediamant.ch\/de\/wp-json\/wp\/v2\/media\/157119"}],"wp:attachment":[{"href":"https:\/\/lediamant.ch\/de\/wp-json\/wp\/v2\/media?parent=157121"}],"wp:term":[{"taxonomy":"brand","embeddable":true,"href":"https:\/\/lediamant.ch\/de\/wp-json\/wp\/v2\/brand?post=157121"},{"taxonomy":"product_brand","embeddable":true,"href":"https:\/\/lediamant.ch\/de\/wp-json\/wp\/v2\/product_brand?post=157121"},{"taxonomy":"product_cat","embeddable":true,"href":"https:\/\/lediamant.ch\/de\/wp-json\/wp\/v2\/product_cat?post=157121"},{"taxonomy":"product_tag","embeddable":true,"href":"https:\/\/lediamant.ch\/de\/wp-json\/wp\/v2\/product_tag?post=157121"}],"curies":[{"name":"wp","href":"https:\/\/api.w.org\/{rel}","templated":true}]}}