{"id":157133,"date":"2021-08-06T17:02:42","date_gmt":"2021-08-06T15:02:42","guid":{"rendered":"https:\/\/lediamant.ch\/produit\/uhren-de\/maurice-lacroix-de\/aikon-auto-de\/maurice-lacroix-aikon-auto-skeleton-45mm-skelettiert-schwarzes-lederarmband\/"},"modified":"2025-12-05T17:10:04","modified_gmt":"2025-12-05T16:10:04","slug":"maurice-lacroix-aikon-auto-skeleton-45mm-squelette-bracelet-en-cuir-noir","status":"publish","type":"product","link":"https:\/\/lediamant.ch\/de\/uhren\/157133-maurice-lacroix-aikon-auto-skeleton-45mm-skelettiert-schwarzes-lederarmband-ai6028ss0010301\/","title":{"rendered":"Maurice Lacroix AIKON Auto Skeleton 45mm"},"content":{"rendered":"<p>Maurice Lacroix hat sein \u00fcberarbeitetes AIKON Geh\u00e4use mit einem neuen skelettierten Manufakturkaliber mit automatischem Aufzug und einzigartigem Design kombiniert. Getreu seiner Berufung - hochwertige Uhren zu erschwinglichen Preisen anzubieten - und tief verwurzelt in der zeitgen\u00f6ssischen, urbanen Kultur, pr\u00e4sentiert Maurice Lacroix die AIKON Automatique Squelette. Mit seinem gewohnt kreativen und modernen Geist hat Maurice Lacroix in der AIKON Automatique Squelette eine Vielzahl von neuen Funktionen vereint. Das breitere AIKON Geh\u00e4use wurde neu gestaltet, um einen neuen Uhrwerkstyp zu beherbergen: Das Manufakturkaliber ML234 findet hier seinen ersten Ausdruck. Dieses Uhrwerk, das in einem v\u00f6llig neuen Muster durchbrochen ist, wurde speziell f\u00fcr dieses Modell entwickelt. Die AIKON Automatique Squelette verbindet die \u00e4sthetischen Codes der AIKON mit dem tiefen uhrmacherischen Geist der Masterpiece-Kollektion.     <\/p>\n","protected":false},"excerpt":{"rendered":"<p>Maurice Lacroix hat sein \u00fcberarbeitetes AIKON Geh\u00e4use mit einem neuen skelettierten Manufakturkaliber mit automatischem Aufzug und einzigartigem Design kombiniert. Getreu seiner Berufung - hochwertige Uhren zu erschwinglichen Preisen anzubieten - und tief verwurzelt in der zeitgen\u00f6ssischen, urbanen Kultur, pr\u00e4sentiert Maurice Lacroix die AIKON Automatique Squelette. Mit seinem gewohnt kreativen und modernen Geist hat Maurice Lacroix &#8230; <a title=\"Maurice Lacroix AIKON Auto Skeleton 45mm\" class=\"read-more\" href=\"https:\/\/lediamant.ch\/de\/uhren\/157133-maurice-lacroix-aikon-auto-skeleton-45mm-skelettiert-schwarzes-lederarmband-ai6028ss0010301\/\" aria-label=\"Mehr Informationen \u00fcber Maurice Lacroix AIKON Auto Skeleton 45mm\">Weiterlesen &#8230;<\/a><\/p>\n","protected":false},"featured_media":157123,"template":"","meta":{"_acf_changed":false,"_seopress_robots_primary_cat":"27204","_seopress_titles_title":"","_seopress_titles_desc":"","_seopress_robots_index":""},"brand":[27103],"product_brand":[],"product_cat":[27205,27149,27123],"product_tag":[],"class_list":{"0":"post-157133","1":"product","2":"type-product","3":"status-publish","4":"has-post-thumbnail","6":"brand-mauricelacroix-de","7":"product_cat-aikon-de","8":"product_cat-maurice-lacroix-de","9":"product_cat-uhren","10":"pa_couleurduboitier-grau-de","11":"pa_couleurdubracelet-schwarz-de","12":"pa_etancheite-200m-de","13":"pa_forme-runden","14":"pa_garantie-24monate","15":"pa_genre-mann","16":"pa_matiere-stahl","17":"pa_matierebraceletmontre-leder","18":"pa_mouvement-automatik-de","19":"pa_swissmade-ja-de","20":"pa_typedemontre-skelettuhren","21":"pa_verre-saphir-de","22":"sales-flash-overlay","23":"woocommerce-text-align-center","24":"woocommerce-image-align-center","25":"do-quantity-buttons","27":"first","28":"instock","29":"taxable","30":"shipping-taxable","31":"purchasable","32":"product-type-simple"},"acf":[],"_links":{"self":[{"href":"https:\/\/lediamant.ch\/de\/wp-json\/wp\/v2\/product\/157133","targetHints":{"allow":["GET"]}}],"collection":[{"href":"https:\/\/lediamant.ch\/de\/wp-json\/wp\/v2\/product"}],"about":[{"href":"https:\/\/lediamant.ch\/de\/wp-json\/wp\/v2\/types\/product"}],"wp:featuredmedia":[{"embeddable":true,"href":"https:\/\/lediamant.ch\/de\/wp-json\/wp\/v2\/media\/157123"}],"wp:attachment":[{"href":"https:\/\/lediamant.ch\/de\/wp-json\/wp\/v2\/media?parent=157133"}],"wp:term":[{"taxonomy":"brand","embeddable":true,"href":"https:\/\/lediamant.ch\/de\/wp-json\/wp\/v2\/brand?post=157133"},{"taxonomy":"product_brand","embeddable":true,"href":"https:\/\/lediamant.ch\/de\/wp-json\/wp\/v2\/product_brand?post=157133"},{"taxonomy":"product_cat","embeddable":true,"href":"https:\/\/lediamant.ch\/de\/wp-json\/wp\/v2\/product_cat?post=157133"},{"taxonomy":"product_tag","embeddable":true,"href":"https:\/\/lediamant.ch\/de\/wp-json\/wp\/v2\/product_tag?post=157133"}],"curies":[{"name":"wp","href":"https:\/\/api.w.org\/{rel}","templated":true}]}}