{"id":157147,"date":"2021-08-06T17:02:42","date_gmt":"2021-08-06T15:02:42","guid":{"rendered":"https:\/\/lediamant.ch\/produit\/geschenkideen-de\/valentinstag-de\/auswahl-fuer-ihn-de\/maurice-lacroix-aikon-auto-chronograph-44-mm-silber-blau-blaues-lederarmband\/"},"modified":"2024-12-13T15:30:42","modified_gmt":"2024-12-13T14:30:42","slug":"maurice-lacroix-aikon-auto-chronograph-44-mm-silber-blau-blaues-lederarmband","status":"publish","type":"product","link":"https:\/\/lediamant.ch\/de\/geschenkideen\/157147-maurice-lacroix-aikon-auto-chronograph-44-mm-silber-blau-blaues-lederarmband\/","title":{"rendered":"Maurice Lacroix AIKON Auto Chronograph 44 mm"},"content":{"rendered":"<p>Der urbane Zeitgeist, eingefangen in einer Uhr, die sich optisch und funktional an die Anforderungen unserer Zeit anpasst. Das schlichte und robuste Edelstahlgeh\u00e4use dieser AIKON Automatik Chronograph 44 mm umschlie\u00dft ein silbernes Zifferblatt mit tiefblauen Reflexen. Das blaue Lederarmband mit grauen N\u00e4hten und das silberne M-Logo sind ein Echo dieses Farbspiels. Mit der Stoppuhrfunktion und der Datumsanzeige bietet der Chronograph eine Funktionalit\u00e4t, die genauso kompromisslos ist wie sein Tr\u00e4ger.<\/p>\n<p>Geh\u00e4use: Edelstahl &amp; Armband: blaues Kalbsleder.<\/p>\n<p>Wasserdicht bis 20 ATM, 44 mm<\/p>\n","protected":false},"excerpt":{"rendered":"<p>Der urbane Zeitgeist, eingefangen in einer Uhr, die sich optisch und funktional an die Anforderungen unserer Zeit anpasst. Das schlichte und robuste Edelstahlgeh\u00e4use dieser AIKON Automatik Chronograph 44 mm umschlie\u00dft ein silbernes Zifferblatt mit tiefblauen Reflexen. Das blaue Lederarmband mit grauen N\u00e4hten und das silberne M-Logo sind ein Echo dieses Farbspiels. Mit der Stoppuhrfunktion und &#8230; <a title=\"Maurice Lacroix AIKON Auto Chronograph 44 mm\" class=\"read-more\" href=\"https:\/\/lediamant.ch\/de\/geschenkideen\/157147-maurice-lacroix-aikon-auto-chronograph-44-mm-silber-blau-blaues-lederarmband\/\" aria-label=\"Mehr Informationen \u00fcber Maurice Lacroix AIKON Auto Chronograph 44 mm\">Weiterlesen &#8230;<\/a><\/p>\n","protected":false},"featured_media":157135,"template":"","meta":{"_acf_changed":false,"_seopress_robots_primary_cat":"27149","_seopress_titles_title":"%%post_title%%","_seopress_titles_desc":"Entdecken Sie urbanen Geist in der AIKON Automatik Chronograph 44 mm mit robustem Edelstahlgeh\u00e4use und blauem Lederarmband. Perfekt f\u00fcr den modernen Lebensstil.","_seopress_robots_index":""},"brand":[27103],"product_brand":[],"product_cat":[27205,27149,27123],"product_tag":[],"class_list":{"0":"post-157147","1":"product","2":"type-product","3":"status-publish","4":"has-post-thumbnail","6":"brand-mauricelacroix-de","7":"product_cat-aikon-de","8":"product_cat-maurice-lacroix-de","9":"product_cat-uhren","10":"pa_couleurduboitier-grau-de","11":"pa_couleurdubracelet-blau-de","12":"pa_couleurducadran-blau","13":"pa_couleurducadran-silber","14":"pa_etancheite-200m-de","15":"pa_forme-runden","16":"pa_garantie-24monate","17":"pa_genre-mann","18":"pa_matiere-stahl","19":"pa_matierebraceletmontre-leder","20":"pa_mouvement-automatik-de","21":"pa_swissmade-ja-de","22":"pa_typedemontre-chronograph-de","23":"pa_verre-saphir-de","24":"sales-flash-overlay","25":"woocommerce-text-align-center","26":"woocommerce-image-align-center","27":"do-quantity-buttons","29":"first","30":"instock","31":"taxable","32":"shipping-taxable","33":"purchasable","34":"product-type-simple"},"acf":[],"_links":{"self":[{"href":"https:\/\/lediamant.ch\/de\/wp-json\/wp\/v2\/product\/157147","targetHints":{"allow":["GET"]}}],"collection":[{"href":"https:\/\/lediamant.ch\/de\/wp-json\/wp\/v2\/product"}],"about":[{"href":"https:\/\/lediamant.ch\/de\/wp-json\/wp\/v2\/types\/product"}],"wp:featuredmedia":[{"embeddable":true,"href":"https:\/\/lediamant.ch\/de\/wp-json\/wp\/v2\/media\/157135"}],"wp:attachment":[{"href":"https:\/\/lediamant.ch\/de\/wp-json\/wp\/v2\/media?parent=157147"}],"wp:term":[{"taxonomy":"brand","embeddable":true,"href":"https:\/\/lediamant.ch\/de\/wp-json\/wp\/v2\/brand?post=157147"},{"taxonomy":"product_brand","embeddable":true,"href":"https:\/\/lediamant.ch\/de\/wp-json\/wp\/v2\/product_brand?post=157147"},{"taxonomy":"product_cat","embeddable":true,"href":"https:\/\/lediamant.ch\/de\/wp-json\/wp\/v2\/product_cat?post=157147"},{"taxonomy":"product_tag","embeddable":true,"href":"https:\/\/lediamant.ch\/de\/wp-json\/wp\/v2\/product_tag?post=157147"}],"curies":[{"name":"wp","href":"https:\/\/api.w.org\/{rel}","templated":true}]}}