{"id":157183,"date":"2021-08-06T17:02:52","date_gmt":"2021-08-06T15:02:52","guid":{"rendered":"https:\/\/lediamant.ch\/produit\/uhren-de\/maurice-lacroix-de\/aikon-auto-de\/maurice-lacroix-aikon-auto-chronograph-44mm-silber-blau-stahlarmband\/"},"modified":"2024-12-13T15:20:36","modified_gmt":"2024-12-13T14:20:36","slug":"maurice-lacroix-aikon-auto-chronograph-44mm-silber-blau-stahlarmband","status":"publish","type":"product","link":"https:\/\/lediamant.ch\/de\/uhren\/157183-maurice-lacroix-aikon-auto-chronograph-44mm-silber-blau-stahlarmband\/","title":{"rendered":"Maurice Lacroix AIKON Auto Chronograph 44mm"},"content":{"rendered":"<p>Die AIKON Automatic sind die Nachfahren der Maurice Lacroix Calypso. Als Referenzmodell der Marke und ihrer Zeit besa\u00df diese Stahluhr aus den 1980er und 1990er Jahren bereits die Codes, die in der AIKON fortbestehen. Das integrierte Geh\u00e4use, die L\u00fcnette mit Reitern, die ein flaches Saphirglas umschlie\u00dft, und das Armband mit dem applizierten M-Logo.<\/p>\n","protected":false},"excerpt":{"rendered":"<p>Die AIKON Automatic sind die Nachfahren der Maurice Lacroix Calypso. Als Referenzmodell der Marke und ihrer Zeit besa\u00df diese Stahluhr aus den 1980er und 1990er Jahren bereits die Codes, die in der AIKON fortbestehen. Das integrierte Geh\u00e4use, die L\u00fcnette mit Reitern, die ein flaches Saphirglas umschlie\u00dft, und das Armband mit dem applizierten M-Logo.<\/p>\n","protected":false},"featured_media":157169,"template":"","meta":{"_acf_changed":false,"_seopress_robots_primary_cat":"27149","_seopress_titles_title":"%%post_title%%","_seopress_titles_desc":"Erleben Sie die Eleganz der AIKON Automatic, direkter Nachfahre der legend\u00e4ren Maurice Lacroix Calypso, mit zeitlosem Design und exklusivem M-Logo.","_seopress_robots_index":""},"brand":[27103],"product_brand":[],"product_cat":[27123,27149,27205],"product_tag":[],"class_list":{"0":"post-157183","1":"product","2":"type-product","3":"status-publish","4":"has-post-thumbnail","6":"brand-mauricelacroix-de","7":"product_cat-uhren","8":"product_cat-maurice-lacroix-de","9":"product_cat-aikon-de","10":"pa_couleurduboitier-grau-de","11":"pa_couleurducadran-blau","12":"pa_couleurducadran-silber","13":"pa_etancheite-200m-de","14":"pa_forme-runden","15":"pa_garantie-24monate","16":"pa_genre-mann","17":"pa_matiere-stahl","18":"pa_matierebraceletmontre-edelstahl","19":"pa_mouvement-automatik-de","20":"pa_swissmade-ja-de","21":"pa_typedemontre-chronograph-de","22":"pa_verre-saphir-de","23":"sales-flash-overlay","24":"woocommerce-text-align-center","25":"woocommerce-image-align-center","26":"do-quantity-buttons","28":"first","29":"instock","30":"taxable","31":"shipping-taxable","32":"purchasable","33":"product-type-simple"},"acf":[],"_links":{"self":[{"href":"https:\/\/lediamant.ch\/de\/wp-json\/wp\/v2\/product\/157183","targetHints":{"allow":["GET"]}}],"collection":[{"href":"https:\/\/lediamant.ch\/de\/wp-json\/wp\/v2\/product"}],"about":[{"href":"https:\/\/lediamant.ch\/de\/wp-json\/wp\/v2\/types\/product"}],"wp:featuredmedia":[{"embeddable":true,"href":"https:\/\/lediamant.ch\/de\/wp-json\/wp\/v2\/media\/157169"}],"wp:attachment":[{"href":"https:\/\/lediamant.ch\/de\/wp-json\/wp\/v2\/media?parent=157183"}],"wp:term":[{"taxonomy":"brand","embeddable":true,"href":"https:\/\/lediamant.ch\/de\/wp-json\/wp\/v2\/brand?post=157183"},{"taxonomy":"product_brand","embeddable":true,"href":"https:\/\/lediamant.ch\/de\/wp-json\/wp\/v2\/product_brand?post=157183"},{"taxonomy":"product_cat","embeddable":true,"href":"https:\/\/lediamant.ch\/de\/wp-json\/wp\/v2\/product_cat?post=157183"},{"taxonomy":"product_tag","embeddable":true,"href":"https:\/\/lediamant.ch\/de\/wp-json\/wp\/v2\/product_tag?post=157183"}],"curies":[{"name":"wp","href":"https:\/\/api.w.org\/{rel}","templated":true}]}}