{"id":157193,"date":"2021-08-06T17:02:52","date_gmt":"2021-08-06T15:02:52","guid":{"rendered":"https:\/\/lediamant.ch\/produit\/uhren-de\/maurice-lacroix-de\/aikon-auto-de\/maurice-lacroix-aikon-auto-chronograph-44mm-schwarz-stahlarmband\/"},"modified":"2025-12-05T16:45:35","modified_gmt":"2025-12-05T15:45:35","slug":"maurice-lacroix-aikon-auto-chronograph-44mm-noir-bracelet-en-acier","status":"publish","type":"product","link":"https:\/\/lediamant.ch\/de\/uhren\/157193-maurice-lacroix-aikon-auto-chronograph-44mm-schwarz-stahlarmband\/","title":{"rendered":"Maurice Lacroix AIKON Auto Chronograph 44mm"},"content":{"rendered":"<p>AIKON: Auf dem Weg zum Erfolg mit dem Automatischen Modell!<\/p>\n<p>Die AIKON Kollektion ist die Nachfolgerin der Calypso. Diese historische Uhr, der Bestseller der Marke in den 1990er Jahren, wies bereits die Hauptmerkmale der AIKON auf: ein integriertes wasserdichtes Geh\u00e4use, ein flaches Saphirglas mit der klassischen sechsarmigen L\u00fcnette, das M-Logo als Relief auf den Lederarmb\u00e4ndern und eine Produktion von au\u00dfergew\u00f6hnlich hoher Qualit\u00e4t. <\/p>\n<p>Mit ihren dynamischen Ecken und den polierten und satinierten Oberfl\u00e4chen fallen die AIKON Automatikuhren am Handgelenk sofort auf. Sie werden von unserem neuen, flexiblen, f\u00fcnfgliedrigen Stahlarmband getragen. Es ist \u00e4u\u00dferst flexibel und komfortabel und passt sich jedem Handgelenk an.  <\/p>\n","protected":false},"excerpt":{"rendered":"<p>AIKON: Auf dem Weg zum Erfolg mit dem Automatischen Modell! Die AIKON Kollektion ist die Nachfolgerin der Calypso. Diese historische Uhr, der Bestseller der Marke in den 1990er Jahren, wies bereits die Hauptmerkmale der AIKON auf: ein integriertes wasserdichtes Geh\u00e4use, ein flaches Saphirglas mit der klassischen sechsarmigen L\u00fcnette, das M-Logo als Relief auf den Lederarmb\u00e4ndern &#8230; <a title=\"Maurice Lacroix AIKON Auto Chronograph 44mm\" class=\"read-more\" href=\"https:\/\/lediamant.ch\/de\/uhren\/157193-maurice-lacroix-aikon-auto-chronograph-44mm-schwarz-stahlarmband\/\" aria-label=\"Mehr Informationen \u00fcber Maurice Lacroix AIKON Auto Chronograph 44mm\">Weiterlesen &#8230;<\/a><\/p>\n","protected":false},"featured_media":157185,"template":"","meta":{"_acf_changed":false,"_seopress_robots_primary_cat":"27148","_seopress_titles_title":"%%post_title%%","_seopress_titles_desc":"AIKON Automatic: Erbin der Calypso, einer emblematischen Uhr der 90er Jahre mit wasserdichtem Geh\u00e4use und flexiblem Stahlarmband.","_seopress_robots_index":""},"brand":[27103],"product_brand":[],"product_cat":[27205,27149,27123],"product_tag":[],"class_list":{"0":"post-157193","1":"product","2":"type-product","3":"status-publish","4":"has-post-thumbnail","6":"brand-mauricelacroix-de","7":"product_cat-aikon-de","8":"product_cat-maurice-lacroix-de","9":"product_cat-uhren","10":"pa_couleurduboitier-grau-de","11":"pa_couleurducadran-schwarz","12":"pa_etancheite-200m-de","13":"pa_forme-runden","14":"pa_garantie-24monate","15":"pa_genre-mann","16":"pa_matiere-stahl","17":"pa_matierebraceletmontre-edelstahl","18":"pa_mouvement-automatik-de","19":"pa_swissmade-ja-de","20":"pa_typedemontre-chronograph-de","21":"pa_verre-saphir-de","22":"sales-flash-overlay","23":"woocommerce-text-align-center","24":"woocommerce-image-align-center","25":"do-quantity-buttons","27":"first","28":"instock","29":"taxable","30":"shipping-taxable","31":"purchasable","32":"product-type-simple"},"acf":[],"_links":{"self":[{"href":"https:\/\/lediamant.ch\/de\/wp-json\/wp\/v2\/product\/157193","targetHints":{"allow":["GET"]}}],"collection":[{"href":"https:\/\/lediamant.ch\/de\/wp-json\/wp\/v2\/product"}],"about":[{"href":"https:\/\/lediamant.ch\/de\/wp-json\/wp\/v2\/types\/product"}],"wp:featuredmedia":[{"embeddable":true,"href":"https:\/\/lediamant.ch\/de\/wp-json\/wp\/v2\/media\/157185"}],"wp:attachment":[{"href":"https:\/\/lediamant.ch\/de\/wp-json\/wp\/v2\/media?parent=157193"}],"wp:term":[{"taxonomy":"brand","embeddable":true,"href":"https:\/\/lediamant.ch\/de\/wp-json\/wp\/v2\/brand?post=157193"},{"taxonomy":"product_brand","embeddable":true,"href":"https:\/\/lediamant.ch\/de\/wp-json\/wp\/v2\/product_brand?post=157193"},{"taxonomy":"product_cat","embeddable":true,"href":"https:\/\/lediamant.ch\/de\/wp-json\/wp\/v2\/product_cat?post=157193"},{"taxonomy":"product_tag","embeddable":true,"href":"https:\/\/lediamant.ch\/de\/wp-json\/wp\/v2\/product_tag?post=157193"}],"curies":[{"name":"wp","href":"https:\/\/api.w.org\/{rel}","templated":true}]}}