{"id":157209,"date":"2021-08-06T17:03:01","date_gmt":"2021-08-06T15:03:01","guid":{"rendered":"https:\/\/lediamant.ch\/produit\/uhren-de\/maurice-lacroix-de\/aikon-auto-de\/maurice-lacroix-aikon-auto-venturer-lady-38mm-weiss-8-diamanten-armband-aus-stahl-und-weissem-kautschuk\/"},"modified":"2021-08-06T17:03:01","modified_gmt":"2021-08-06T15:03:01","slug":"maurice-lacroix-aikon-auto-venturer-lady-38mm-weiss-8-diamanten-armband-aus-stahl-und-weissem-kautschuk","status":"publish","type":"product","link":"https:\/\/lediamant.ch\/de\/uhren\/157209-maurice-lacroix-aikon-auto-venturer-lady-38mm-weiss-8-diamanten-armband-aus-stahl-und-weissem-kautschuk\/","title":{"rendered":"Maurice Lacroix AIKON Auto Venturer Lady 38mm, wei\u00df, 8 Diamanten, Armband aus Stahl und wei\u00dfem Kautschuk"},"content":{"rendered":"<p>Die AIKON Venturer schl\u00e4gt mit ihrer 38-mm-Version in Wei\u00df eine neue Richtung ein. Armband, Zifferblatt und L\u00fcnette erhalten einen neuen Farbton und Details, die sie zweifellos f\u00fcr das weibliche Geschlecht bestimmt machen. Die AIKON Venturer ist schlank und stark zugleich, wie geschaffen f\u00fcr urbane Abenteurerinnen.<\/p>\n<p>Ausgestattet f\u00fcr alle Abenteurerinnen des t\u00e4glichen Lebens, entwickelt sich das urspr\u00fcngliche Design von AIKON in Richtung eines weiblichen Horizonts. Als Zeichen ihrer F\u00e4higkeit, sich anzupassen und die Linien zu verschieben, zieht die AIKON Venturer eine wei\u00dfe Uniform an. Die AIKON Venturer 38 mm ist eine neu gestaltete Interpretation der 2019 eingef\u00fchrten AIKON Venturer 43 mm, die ihrerseits die kompromisslose Weiterentwicklung der AIKON Automatik ist. Ihre Pr\u00e4senz am Handgelenk ist ungebrochen. Das Gef\u00fchl von St\u00e4rke, das sie ausstrahlt, bleibt erhalten. Ihre Tragbarkeit unter allen Umst\u00e4nden ist ausgepr\u00e4gter denn je. Doch auf die Robustheit folgt eine neue, wei\u00dfe Energie, eine tool watch als Komplizin der modernen Frauen, die bereit sind, sich allen Abenteuern des Alltags zu stellen.<\/p>\n","protected":false},"excerpt":{"rendered":"<p>Die AIKON Venturer schl\u00e4gt mit ihrer 38-mm-Version in Wei\u00df eine neue Richtung ein. Armband, Zifferblatt und L\u00fcnette erhalten einen neuen Farbton und Details, die sie zweifellos f\u00fcr das weibliche Geschlecht bestimmt machen. Die AIKON Venturer ist schlank und stark zugleich, wie geschaffen f\u00fcr urbane Abenteurerinnen. Ausgestattet f\u00fcr alle Abenteurerinnen des t\u00e4glichen Lebens, entwickelt sich das &#8230; <a title=\"Maurice Lacroix AIKON Auto Venturer Lady 38mm, wei\u00df, 8 Diamanten, Armband aus Stahl und wei\u00dfem Kautschuk\" class=\"read-more\" href=\"https:\/\/lediamant.ch\/de\/uhren\/157209-maurice-lacroix-aikon-auto-venturer-lady-38mm-weiss-8-diamanten-armband-aus-stahl-und-weissem-kautschuk\/\" aria-label=\"Mehr Informationen \u00fcber Maurice Lacroix AIKON Auto Venturer Lady 38mm, wei\u00df, 8 Diamanten, Armband aus Stahl und wei\u00dfem Kautschuk\">Weiterlesen &#8230;<\/a><\/p>\n","protected":false},"featured_media":157199,"template":"","meta":{"_acf_changed":false,"_seopress_robots_primary_cat":"","_seopress_titles_title":"","_seopress_titles_desc":"","_seopress_robots_index":""},"brand":[27103],"product_brand":[],"product_cat":[27205,27149,27123],"product_tag":[],"class_list":{"0":"post-157209","1":"product","2":"type-product","3":"status-publish","4":"has-post-thumbnail","6":"brand-mauricelacroix-de","7":"product_cat-aikon-de","8":"product_cat-maurice-lacroix-de","9":"product_cat-uhren","10":"pa_couleurduboitier-grau-de","11":"pa_couleurdubracelet-weiss-de","12":"pa_couleurducadran-weiss","13":"pa_etancheite-200m-de","14":"pa_forme-runden","15":"pa_garantie-24monate","16":"pa_genre-frau","17":"pa_matiere-stahl","18":"pa_matierebraceletmontre-edelstahl","19":"pa_matierebraceletmontre-kautschuk","20":"pa_mouvement-automatik-de","21":"pa_swissmade-ja-de","22":"pa_typedemontre-sportuhren","23":"pa_typedemontre-uhrenmitdiamanten","24":"pa_verre-saphir-de","25":"sales-flash-overlay","26":"woocommerce-text-align-center","27":"woocommerce-image-align-center","28":"do-quantity-buttons","30":"first","31":"instock","32":"taxable","33":"shipping-taxable","34":"purchasable","35":"product-type-simple"},"acf":[],"_links":{"self":[{"href":"https:\/\/lediamant.ch\/de\/wp-json\/wp\/v2\/product\/157209","targetHints":{"allow":["GET"]}}],"collection":[{"href":"https:\/\/lediamant.ch\/de\/wp-json\/wp\/v2\/product"}],"about":[{"href":"https:\/\/lediamant.ch\/de\/wp-json\/wp\/v2\/types\/product"}],"wp:featuredmedia":[{"embeddable":true,"href":"https:\/\/lediamant.ch\/de\/wp-json\/wp\/v2\/media\/157199"}],"wp:attachment":[{"href":"https:\/\/lediamant.ch\/de\/wp-json\/wp\/v2\/media?parent=157209"}],"wp:term":[{"taxonomy":"brand","embeddable":true,"href":"https:\/\/lediamant.ch\/de\/wp-json\/wp\/v2\/brand?post=157209"},{"taxonomy":"product_brand","embeddable":true,"href":"https:\/\/lediamant.ch\/de\/wp-json\/wp\/v2\/product_brand?post=157209"},{"taxonomy":"product_cat","embeddable":true,"href":"https:\/\/lediamant.ch\/de\/wp-json\/wp\/v2\/product_cat?post=157209"},{"taxonomy":"product_tag","embeddable":true,"href":"https:\/\/lediamant.ch\/de\/wp-json\/wp\/v2\/product_tag?post=157209"}],"curies":[{"name":"wp","href":"https:\/\/api.w.org\/{rel}","templated":true}]}}