{"id":157319,"date":"2021-08-06T17:03:40","date_gmt":"2021-08-06T15:03:40","guid":{"rendered":"https:\/\/lediamant.ch\/produit\/uhren-de\/maurice-lacroix-de\/eliros-de\/maurice-lacroix-eliros-date-40mm-gruenes-zifferblatt-gruenes-lederarmband\/"},"modified":"2021-08-06T17:03:40","modified_gmt":"2021-08-06T15:03:40","slug":"maurice-lacroix-eliros-date-40mm-gruenes-zifferblatt-gruenes-lederarmband","status":"publish","type":"product","link":"https:\/\/lediamant.ch\/de\/uhren\/157319-maurice-lacroix-eliros-date-40mm-gruenes-zifferblatt-gruenes-lederarmband\/","title":{"rendered":"Maurice Lacroix ELIROS Date 40mm, gr\u00fcnes Zifferblatt, gr\u00fcnes Lederarmband"},"content":{"rendered":"<p>Ein passendes Armband aus gr\u00fcnem Kalbsleder mit dem markanten M-Logo verbindet die Uhr auf elegante Weise mit ihrem Tr\u00e4ger. Die hellbeigen N\u00e4hte veredeln dieses charmante Modell, w\u00e4hrend das Easychange-System f\u00fcr den einfachen Armbandwechsel es erm\u00f6glicht, das Aussehen der Uhr ohne Werkzeug zu ver\u00e4ndern. Dieses Modell passt in die aktuelle Kollektion.<\/p>\n","protected":false},"excerpt":{"rendered":"<p>Ein passendes Armband aus gr\u00fcnem Kalbsleder mit dem markanten M-Logo verbindet die Uhr auf elegante Weise mit ihrem Tr\u00e4ger. Die hellbeigen N\u00e4hte veredeln dieses charmante Modell, w\u00e4hrend das Easychange-System f\u00fcr den einfachen Armbandwechsel es erm\u00f6glicht, das Aussehen der Uhr ohne Werkzeug zu ver\u00e4ndern. Dieses Modell passt in die aktuelle Kollektion.<\/p>\n","protected":false},"featured_media":157312,"template":"","meta":{"_acf_changed":false,"_seopress_robots_primary_cat":"","_seopress_titles_title":"","_seopress_titles_desc":"","_seopress_robots_index":""},"brand":[27103],"product_brand":[],"product_cat":[27123,27149,27293],"product_tag":[],"class_list":{"0":"post-157319","1":"product","2":"type-product","3":"status-publish","4":"has-post-thumbnail","6":"brand-mauricelacroix-de","7":"product_cat-uhren","8":"product_cat-maurice-lacroix-de","9":"product_cat-eliros-de","10":"pa_couleurduboitier-gelb-de","11":"pa_couleurdubracelet-grun-de","12":"pa_couleurducadran-grun","13":"pa_etancheite-50m-de","14":"pa_forme-runden","15":"pa_garantie-24monate","16":"pa_genre-frau","17":"pa_genre-mann","18":"pa_matiere-gelbgoldpvd","19":"pa_matierebraceletmontre-leder","20":"pa_mouvement-quarzbatterie-de","21":"pa_swissmade-ja-de","22":"pa_verre-saphir-de","23":"sales-flash-overlay","24":"woocommerce-text-align-center","25":"woocommerce-image-align-center","26":"do-quantity-buttons","28":"first","29":"instock","30":"taxable","31":"shipping-taxable","32":"purchasable","33":"product-type-simple"},"acf":[],"_links":{"self":[{"href":"https:\/\/lediamant.ch\/de\/wp-json\/wp\/v2\/product\/157319","targetHints":{"allow":["GET"]}}],"collection":[{"href":"https:\/\/lediamant.ch\/de\/wp-json\/wp\/v2\/product"}],"about":[{"href":"https:\/\/lediamant.ch\/de\/wp-json\/wp\/v2\/types\/product"}],"wp:featuredmedia":[{"embeddable":true,"href":"https:\/\/lediamant.ch\/de\/wp-json\/wp\/v2\/media\/157312"}],"wp:attachment":[{"href":"https:\/\/lediamant.ch\/de\/wp-json\/wp\/v2\/media?parent=157319"}],"wp:term":[{"taxonomy":"brand","embeddable":true,"href":"https:\/\/lediamant.ch\/de\/wp-json\/wp\/v2\/brand?post=157319"},{"taxonomy":"product_brand","embeddable":true,"href":"https:\/\/lediamant.ch\/de\/wp-json\/wp\/v2\/product_brand?post=157319"},{"taxonomy":"product_cat","embeddable":true,"href":"https:\/\/lediamant.ch\/de\/wp-json\/wp\/v2\/product_cat?post=157319"},{"taxonomy":"product_tag","embeddable":true,"href":"https:\/\/lediamant.ch\/de\/wp-json\/wp\/v2\/product_tag?post=157319"}],"curies":[{"name":"wp","href":"https:\/\/api.w.org\/{rel}","templated":true}]}}