{"id":157341,"date":"2021-08-06T17:03:47","date_gmt":"2021-08-06T15:03:47","guid":{"rendered":"https:\/\/lediamant.ch\/produit\/uhren-de\/maurice-lacroix-de\/eliros-de\/maurice-lacroix-eliros-date-40mm-anthrazitfarbenes-zifferblatt-braunes-lederarmband\/"},"modified":"2021-08-06T17:03:47","modified_gmt":"2021-08-06T15:03:47","slug":"maurice-lacroix-eliros-date-40mm-anthrazitfarbenes-zifferblatt-braunes-lederarmband","status":"publish","type":"product","link":"https:\/\/lediamant.ch\/de\/uhren\/157341-maurice-lacroix-eliros-date-40mm-anthrazitfarbenes-zifferblatt-braunes-lederarmband\/","title":{"rendered":"Maurice Lacroix ELIROS Date 40mm, anthrazitfarbenes Zifferblatt, braunes Lederarmband"},"content":{"rendered":"<p>Einfach, ausgewogen, perfekt ausgef\u00fchrt und leicht retro: Die Eliros-Kollektion bietet eine Reihe sch\u00f6ner Chronographen in trendigen Farben, die auf Armb\u00e4ndern aus Kalbsleder oder Milanaise-Geflecht montiert sind, leicht zu tragen sind und zu jedem Anlass passen.<\/p>\n<p>Die noch schlichtere Version &#8222;Date&#8220; bietet mehrere Zifferbl\u00e4tter, eine raffinierte Ausf\u00fchrung des Geh\u00e4uses und der Beschl\u00e4ge sowie austauschbare Armb\u00e4nder.<\/p>\n","protected":false},"excerpt":{"rendered":"<p>Einfach, ausgewogen, perfekt ausgef\u00fchrt und leicht retro: Die Eliros-Kollektion bietet eine Reihe sch\u00f6ner Chronographen in trendigen Farben, die auf Armb\u00e4ndern aus Kalbsleder oder Milanaise-Geflecht montiert sind, leicht zu tragen sind und zu jedem Anlass passen. Die noch schlichtere Version &#8222;Date&#8220; bietet mehrere Zifferbl\u00e4tter, eine raffinierte Ausf\u00fchrung des Geh\u00e4uses und der Beschl\u00e4ge sowie austauschbare Armb\u00e4nder.<\/p>\n","protected":false},"featured_media":157336,"template":"","meta":{"_acf_changed":false,"_seopress_robots_primary_cat":"","_seopress_titles_title":"","_seopress_titles_desc":"","_seopress_robots_index":""},"brand":[27103],"product_brand":[],"product_cat":[27293,27149,27123],"product_tag":[],"class_list":{"0":"post-157341","1":"product","2":"type-product","3":"status-publish","4":"has-post-thumbnail","6":"brand-mauricelacroix-de","7":"product_cat-eliros-de","8":"product_cat-maurice-lacroix-de","9":"product_cat-uhren","10":"pa_couleurduboitier-grau-de","11":"pa_couleurdubracelet-braun-de","12":"pa_couleurducadran-anthrazit","13":"pa_etancheite-50m-de","14":"pa_forme-runden","15":"pa_garantie-24monate","16":"pa_genre-frau","17":"pa_genre-mann","18":"pa_matiere-stahl","19":"pa_matierebraceletmontre-leder","20":"pa_mouvement-quarzbatterie-de","21":"pa_swissmade-ja-de","22":"pa_verre-saphir-de","23":"sales-flash-overlay","24":"woocommerce-text-align-center","25":"woocommerce-image-align-center","26":"do-quantity-buttons","28":"first","29":"instock","30":"taxable","31":"shipping-taxable","32":"purchasable","33":"product-type-simple"},"acf":[],"_links":{"self":[{"href":"https:\/\/lediamant.ch\/de\/wp-json\/wp\/v2\/product\/157341","targetHints":{"allow":["GET"]}}],"collection":[{"href":"https:\/\/lediamant.ch\/de\/wp-json\/wp\/v2\/product"}],"about":[{"href":"https:\/\/lediamant.ch\/de\/wp-json\/wp\/v2\/types\/product"}],"wp:featuredmedia":[{"embeddable":true,"href":"https:\/\/lediamant.ch\/de\/wp-json\/wp\/v2\/media\/157336"}],"wp:attachment":[{"href":"https:\/\/lediamant.ch\/de\/wp-json\/wp\/v2\/media?parent=157341"}],"wp:term":[{"taxonomy":"brand","embeddable":true,"href":"https:\/\/lediamant.ch\/de\/wp-json\/wp\/v2\/brand?post=157341"},{"taxonomy":"product_brand","embeddable":true,"href":"https:\/\/lediamant.ch\/de\/wp-json\/wp\/v2\/product_brand?post=157341"},{"taxonomy":"product_cat","embeddable":true,"href":"https:\/\/lediamant.ch\/de\/wp-json\/wp\/v2\/product_cat?post=157341"},{"taxonomy":"product_tag","embeddable":true,"href":"https:\/\/lediamant.ch\/de\/wp-json\/wp\/v2\/product_tag?post=157341"}],"curies":[{"name":"wp","href":"https:\/\/api.w.org\/{rel}","templated":true}]}}