{"id":157401,"date":"2021-08-06T17:04:09","date_gmt":"2021-08-06T15:04:09","guid":{"rendered":"https:\/\/lediamant.ch\/produit\/geschenkideen-de\/valentinstag-de\/auswahl-fuer-sie-de\/maurice-lacroix-masterpiece-embrace-40mm-aventurin-blau-blaues-lederarmband\/"},"modified":"2025-12-05T16:50:40","modified_gmt":"2025-12-05T15:50:40","slug":"maurice-lacroix-masterpiece-embrace-40mm-aventurine-bleue-bracelet-en-cuir-bleu","status":"publish","type":"product","link":"https:\/\/lediamant.ch\/de\/uhren\/157401-maurice-lacroix-masterpiece-embrace-40mm-aventurin-blau-mp6068-ss001-430-1\/","title":{"rendered":"Maurice Lacroix MASTERPIECE Embrace 40mm, Aventurin blau"},"content":{"rendered":"<p>Entdecken Sie zeitlose Eleganz mit der 40 mm gro\u00dfen Maurice Lacroix Masterpiece Embrace Uhr. Dieses au\u00dfergew\u00f6hnliche St\u00fcck hat ein Zifferblatt aus blauem Aventurin, das an einen n\u00e4chtlichen Sternenhimmel erinnert. Das Armband aus blauem Leder ist robust und raffiniert zugleich und rundet das Design perfekt ab. Das Automatikwerk sorgt f\u00fcr un\u00fcbertroffene Pr\u00e4zision, w\u00e4hrend die Datumsfunktion einen praktischen Touch verleiht. Diese Uhr ist eine perfekte Mischung aus Funktionalit\u00e4t und Stil, ein Meisterst\u00fcck, das jedem Outfit einen Hauch von Raffinesse verleiht.    <\/p>\n","protected":false},"excerpt":{"rendered":"<p>Entdecken Sie zeitlose Eleganz mit der 40 mm gro\u00dfen Maurice Lacroix Masterpiece Embrace Uhr. Dieses au\u00dfergew\u00f6hnliche St\u00fcck hat ein Zifferblatt aus blauem Aventurin, das an einen n\u00e4chtlichen Sternenhimmel erinnert. Das Armband aus blauem Leder ist robust und raffiniert zugleich und rundet das Design perfekt ab. Das Automatikwerk sorgt f\u00fcr un\u00fcbertroffene Pr\u00e4zision, w\u00e4hrend die Datumsfunktion einen &#8230; <a title=\"Maurice Lacroix MASTERPIECE Embrace 40mm, Aventurin blau\" class=\"read-more\" href=\"https:\/\/lediamant.ch\/de\/uhren\/157401-maurice-lacroix-masterpiece-embrace-40mm-aventurin-blau-mp6068-ss001-430-1\/\" aria-label=\"Mehr Informationen \u00fcber Maurice Lacroix MASTERPIECE Embrace 40mm, Aventurin blau\">Weiterlesen &#8230;<\/a><\/p>\n","protected":false},"featured_media":157395,"template":"","meta":{"_acf_changed":false,"_seopress_robots_primary_cat":"27148","_seopress_titles_title":"%%post_title%%","_seopress_titles_desc":"Entdecken Sie den Charme und die Innovation der Masterpiece Embrace, die mit einem Zifferblatt aus blauem Aventurin oder wei\u00dfem Perlmutt erh\u00e4ltlich ist.","_seopress_robots_index":""},"brand":[27103],"product_brand":[],"product_cat":[27123,27149,27327],"product_tag":[],"class_list":{"0":"post-157401","1":"product","2":"type-product","3":"status-publish","4":"has-post-thumbnail","6":"brand-mauricelacroix-de","7":"product_cat-uhren","8":"product_cat-maurice-lacroix-de","9":"product_cat-masterpiece-de","10":"pa_couleurduboitier-grau-de","11":"pa_couleurdubracelet-blau-de","12":"pa_couleurducadran-blau","13":"pa_etancheite-100m-de","14":"pa_forme-runden","15":"pa_garantie-24monate","16":"pa_genre-frau","17":"pa_matiere-stahl","18":"pa_matierebraceletmontre-leder","19":"pa_mouvement-automatik-de","20":"pa_swissmade-ja-de","21":"pa_verre-saphir-de","22":"sales-flash-overlay","23":"woocommerce-text-align-center","24":"woocommerce-image-align-center","25":"do-quantity-buttons","27":"first","28":"instock","29":"taxable","30":"shipping-taxable","31":"purchasable","32":"product-type-simple"},"acf":[],"_links":{"self":[{"href":"https:\/\/lediamant.ch\/de\/wp-json\/wp\/v2\/product\/157401","targetHints":{"allow":["GET"]}}],"collection":[{"href":"https:\/\/lediamant.ch\/de\/wp-json\/wp\/v2\/product"}],"about":[{"href":"https:\/\/lediamant.ch\/de\/wp-json\/wp\/v2\/types\/product"}],"wp:featuredmedia":[{"embeddable":true,"href":"https:\/\/lediamant.ch\/de\/wp-json\/wp\/v2\/media\/157395"}],"wp:attachment":[{"href":"https:\/\/lediamant.ch\/de\/wp-json\/wp\/v2\/media?parent=157401"}],"wp:term":[{"taxonomy":"brand","embeddable":true,"href":"https:\/\/lediamant.ch\/de\/wp-json\/wp\/v2\/brand?post=157401"},{"taxonomy":"product_brand","embeddable":true,"href":"https:\/\/lediamant.ch\/de\/wp-json\/wp\/v2\/product_brand?post=157401"},{"taxonomy":"product_cat","embeddable":true,"href":"https:\/\/lediamant.ch\/de\/wp-json\/wp\/v2\/product_cat?post=157401"},{"taxonomy":"product_tag","embeddable":true,"href":"https:\/\/lediamant.ch\/de\/wp-json\/wp\/v2\/product_tag?post=157401"}],"curies":[{"name":"wp","href":"https:\/\/api.w.org\/{rel}","templated":true}]}}