{"id":157417,"date":"2021-08-06T17:04:09","date_gmt":"2021-08-06T15:04:09","guid":{"rendered":"https:\/\/lediamant.ch\/produit\/uhren-de\/maurice-lacroix-de\/masterpiece-de\/maurice-lacroix-masterpiece-triple-retrograde-43-mm-versilbert-blaues-lederarmband\/"},"modified":"2024-11-16T10:02:50","modified_gmt":"2024-11-16T09:02:50","slug":"maurice-lacroix-masterpiece-triple-retrograde-43-mm-versilbert-blaues-lederarmband","status":"publish","type":"product","link":"https:\/\/lediamant.ch\/de\/uhren\/157417-maurice-lacroix-masterpiece-triple-retrograde-43-mm-versilbert-mp6538-ss001-110-1\/","title":{"rendered":"Maurice Lacroix MASTERPIECE Triple Retrograde 43 mm"},"content":{"rendered":"<p>Diese Uhr wird in zwei verschiedenen Zifferblattvarianten angeboten, die sich stilistisch erg\u00e4nzen: Die erste, klassisch und zeitlos wirkende Uhr hat ein silberfarbenes, guillochiertes &#8222;Clous de Paris&#8220;-Zifferblatt mit mikrosandgestrahlter Oberfl\u00e4che, schwarzen Abziehbildern und gebl\u00e4uten Zeigern. Die zweite mit einem modernen und gewagten Look besitzt ein anthrazitfarbenes Zifferblatt mit azurierter &#8222;C\u00f4tes de Gen\u00e8ve&#8220;-Oberfl\u00e4che, silbernen, gepuderten Abziehbildern und Zeigern aus 4N-Gold. Das Zifferblatt, das die Stunden und Minuten anzeigt, bietet zus\u00e4tzlich die Anzeige des Kalenders bei 6 Uhr, der Uhrzeit einer zweiten Zeitzone bei 12 Uhr und die Anzeige der Wochentage bei 3 Uhr.<\/p>\n<p>Beide Uhren sind in einem 43-mm-Stahlgeh\u00e4use untergebracht, das gro\u00dfz\u00fcgig bemessen ist, um eine gut ablesbare und einfach zu interpretierende Anzeige zu gew\u00e4hrleisten. Unterhalb dieser Funktionen sorgt das Kaliber ML291 f\u00fcr den reibungslosen Betrieb der Masterpiece Triple R\u00e9trograde. Das effiziente Kaliber ist die perfekte Kombination aus dem Automatikwerk SW200 und einem Manufakturmodul, das in den Werkst\u00e4tten von Maurice Lacroix entwickelt und montiert wird. Dieses sorgf\u00e4ltig verarbeitete Kaliber ist durch den Saphirglasboden des Geh\u00e4uses sichtbar.<\/p>\n<p>Die beiden Varianten dieser \u00e4sthetisch gewagten Uhr sind mit einem schwarzen Alligatorlederarmband f\u00fcr die Version mit anthrazitfarbenem Zifferblatt und einem nachtblauen Armband f\u00fcr die Version mit silbernem Zifferblatt erh\u00e4ltlich.<\/p>\n","protected":false},"excerpt":{"rendered":"<p>Diese Uhr wird in zwei verschiedenen Zifferblattvarianten angeboten, die sich stilistisch erg\u00e4nzen: Die erste, klassisch und zeitlos wirkende Uhr hat ein silberfarbenes, guillochiertes &#8222;Clous de Paris&#8220;-Zifferblatt mit mikrosandgestrahlter Oberfl\u00e4che, schwarzen Abziehbildern und gebl\u00e4uten Zeigern. Die zweite mit einem modernen und gewagten Look besitzt ein anthrazitfarbenes Zifferblatt mit azurierter &#8222;C\u00f4tes de Gen\u00e8ve&#8220;-Oberfl\u00e4che, silbernen, gepuderten Abziehbildern und &#8230; <a title=\"Maurice Lacroix MASTERPIECE Triple Retrograde 43 mm\" class=\"read-more\" href=\"https:\/\/lediamant.ch\/de\/uhren\/157417-maurice-lacroix-masterpiece-triple-retrograde-43-mm-versilbert-mp6538-ss001-110-1\/\" aria-label=\"Mehr Informationen \u00fcber Maurice Lacroix MASTERPIECE Triple Retrograde 43 mm\">Weiterlesen &#8230;<\/a><\/p>\n","protected":false},"featured_media":157411,"template":"","meta":{"_acf_changed":false,"_seopress_robots_primary_cat":"27149","_seopress_titles_title":"%%post_title%%","_seopress_titles_desc":"W\u00e4hlen Sie zwischen klassischem Silber oder modernem Anthrazit: Unsere Uhren bieten Eleganz, Pr\u00e4zision und einzigartige Funktionen.","_seopress_robots_index":""},"brand":[27103],"product_brand":[],"product_cat":[27327,27149,27123],"product_tag":[],"class_list":{"0":"post-157417","1":"product","2":"type-product","3":"status-publish","4":"has-post-thumbnail","6":"brand-mauricelacroix-de","7":"product_cat-masterpiece-de","8":"product_cat-maurice-lacroix-de","9":"product_cat-uhren","10":"pa_couleurduboitier-grau-de","11":"pa_couleurdubracelet-blau-de","12":"pa_couleurducadran-silber","13":"pa_etancheite-100m-de","14":"pa_forme-runden","15":"pa_garantie-24monate","16":"pa_genre-mann","17":"pa_matiere-stahl","18":"pa_matierebraceletmontre-leder","19":"pa_mouvement-automatik-de","20":"pa_swissmade-ja-de","21":"pa_verre-saphir-de","22":"sales-flash-overlay","23":"woocommerce-text-align-center","24":"woocommerce-image-align-center","25":"do-quantity-buttons","27":"first","28":"outofstock","29":"taxable","30":"shipping-taxable","31":"purchasable","32":"product-type-simple"},"acf":[],"_links":{"self":[{"href":"https:\/\/lediamant.ch\/de\/wp-json\/wp\/v2\/product\/157417","targetHints":{"allow":["GET"]}}],"collection":[{"href":"https:\/\/lediamant.ch\/de\/wp-json\/wp\/v2\/product"}],"about":[{"href":"https:\/\/lediamant.ch\/de\/wp-json\/wp\/v2\/types\/product"}],"wp:featuredmedia":[{"embeddable":true,"href":"https:\/\/lediamant.ch\/de\/wp-json\/wp\/v2\/media\/157411"}],"wp:attachment":[{"href":"https:\/\/lediamant.ch\/de\/wp-json\/wp\/v2\/media?parent=157417"}],"wp:term":[{"taxonomy":"brand","embeddable":true,"href":"https:\/\/lediamant.ch\/de\/wp-json\/wp\/v2\/brand?post=157417"},{"taxonomy":"product_brand","embeddable":true,"href":"https:\/\/lediamant.ch\/de\/wp-json\/wp\/v2\/product_brand?post=157417"},{"taxonomy":"product_cat","embeddable":true,"href":"https:\/\/lediamant.ch\/de\/wp-json\/wp\/v2\/product_cat?post=157417"},{"taxonomy":"product_tag","embeddable":true,"href":"https:\/\/lediamant.ch\/de\/wp-json\/wp\/v2\/product_tag?post=157417"}],"curies":[{"name":"wp","href":"https:\/\/api.w.org\/{rel}","templated":true}]}}