{"id":157451,"date":"2021-08-06T17:04:36","date_gmt":"2021-08-06T15:04:36","guid":{"rendered":"https:\/\/lediamant.ch\/produit\/uhren-de\/maurice-lacroix-de\/pontos-de\/pontos-chronograph-43mm-versilbert-schwarzes-lederarmband\/"},"modified":"2024-12-13T15:08:00","modified_gmt":"2024-12-13T14:08:00","slug":"pontos-chronograph-43mm-versilbert-schwarzes-lederarmband","status":"publish","type":"product","link":"https:\/\/lediamant.ch\/de\/uhren\/157451-pontos-chronograph-43mm-versilbert-schwarzes-lederarmband\/","title":{"rendered":"Maurice Lacroix PONTOS Chronograph 43mm"},"content":{"rendered":"<p>Seit ihren Anf\u00e4ngen wird der Geist dieser Kollektion durch ihre Linien und ihr Geh\u00e4use verk\u00f6rpert. Dieser Geist ist zeitgen\u00f6ssisch und respektiert die Codes der traditionellen Uhrmacherei, angezogen, ohne formell zu sein, raffiniert, ohne sich auf Design-Kunstst\u00fccken auszuruhen. Eine Suche nach dem Zeitlosen, fernab von Gewohnheiten und Bequemlichkeit. Die ganze Pers\u00f6nlichkeit der PONTOS kommt durch ihr rundes, detailreiches Geh\u00e4use zum Ausdruck. Es wird von einer Schulter auf beiden Seiten der Krone gepr\u00e4gt, die diese sch\u00fctzt und eine leichte Asymmetrie schafft. Dieser Schutz nimmt bei den PONTOS Chronographen die Form der Dr\u00fccker an.<\/p>\n","protected":false},"excerpt":{"rendered":"<p>Seit ihren Anf\u00e4ngen wird der Geist dieser Kollektion durch ihre Linien und ihr Geh\u00e4use verk\u00f6rpert. Dieser Geist ist zeitgen\u00f6ssisch und respektiert die Codes der traditionellen Uhrmacherei, angezogen, ohne formell zu sein, raffiniert, ohne sich auf Design-Kunstst\u00fccken auszuruhen. Eine Suche nach dem Zeitlosen, fernab von Gewohnheiten und Bequemlichkeit. Die ganze Pers\u00f6nlichkeit der PONTOS kommt durch ihr &#8230; <a title=\"Maurice Lacroix PONTOS Chronograph 43mm\" class=\"read-more\" href=\"https:\/\/lediamant.ch\/de\/uhren\/157451-pontos-chronograph-43mm-versilbert-schwarzes-lederarmband\/\" aria-label=\"Mehr Informationen \u00fcber Maurice Lacroix PONTOS Chronograph 43mm\">Weiterlesen &#8230;<\/a><\/p>\n","protected":false},"featured_media":157441,"template":"","meta":{"_acf_changed":false,"_seopress_robots_primary_cat":"27149","_seopress_titles_title":"%%post_title%%","_seopress_titles_desc":"Erleben Sie zeitgen\u00f6ssischen Geist in traditioneller Uhrmacherkunst mit der PONTOS Kollektion. Eleganz und Schutz durch einzigartiges Design.","_seopress_robots_index":""},"brand":[27103],"product_brand":[],"product_cat":[27123,27149,27339],"product_tag":[],"class_list":{"0":"post-157451","1":"product","2":"type-product","3":"status-publish","4":"has-post-thumbnail","6":"brand-mauricelacroix-de","7":"product_cat-uhren","8":"product_cat-maurice-lacroix-de","9":"product_cat-pontos-de","10":"pa_couleurduboitier-grau-de","11":"pa_couleurdubracelet-schwarz-de","12":"pa_couleurducadran-silber","13":"pa_etancheite-100m-de","14":"pa_forme-runden","15":"pa_garantie-24monate","16":"pa_genre-mann","17":"pa_matiere-stahl","18":"pa_matierebraceletmontre-leder","19":"pa_mouvement-automatik-de","20":"pa_swissmade-ja-de","21":"pa_typedemontre-chronograph-de","22":"pa_verre-saphir-de","23":"sales-flash-overlay","24":"woocommerce-text-align-center","25":"woocommerce-image-align-center","26":"do-quantity-buttons","28":"first","29":"instock","30":"taxable","31":"shipping-taxable","32":"purchasable","33":"product-type-simple"},"acf":[],"_links":{"self":[{"href":"https:\/\/lediamant.ch\/de\/wp-json\/wp\/v2\/product\/157451","targetHints":{"allow":["GET"]}}],"collection":[{"href":"https:\/\/lediamant.ch\/de\/wp-json\/wp\/v2\/product"}],"about":[{"href":"https:\/\/lediamant.ch\/de\/wp-json\/wp\/v2\/types\/product"}],"wp:featuredmedia":[{"embeddable":true,"href":"https:\/\/lediamant.ch\/de\/wp-json\/wp\/v2\/media\/157441"}],"wp:attachment":[{"href":"https:\/\/lediamant.ch\/de\/wp-json\/wp\/v2\/media?parent=157451"}],"wp:term":[{"taxonomy":"brand","embeddable":true,"href":"https:\/\/lediamant.ch\/de\/wp-json\/wp\/v2\/brand?post=157451"},{"taxonomy":"product_brand","embeddable":true,"href":"https:\/\/lediamant.ch\/de\/wp-json\/wp\/v2\/product_brand?post=157451"},{"taxonomy":"product_cat","embeddable":true,"href":"https:\/\/lediamant.ch\/de\/wp-json\/wp\/v2\/product_cat?post=157451"},{"taxonomy":"product_tag","embeddable":true,"href":"https:\/\/lediamant.ch\/de\/wp-json\/wp\/v2\/product_tag?post=157451"}],"curies":[{"name":"wp","href":"https:\/\/api.w.org\/{rel}","templated":true}]}}