{"id":157457,"date":"2021-08-06T17:04:45","date_gmt":"2021-08-06T15:04:45","guid":{"rendered":"https:\/\/lediamant.ch\/produit\/uhren-de\/maurice-lacroix-de\/pontos-de\/maurice-lacroix-pontos-chronograph-43mm-blaues-zifferblatt-blaues-lederarmband\/"},"modified":"2024-12-13T15:04:58","modified_gmt":"2024-12-13T14:04:58","slug":"maurice-lacroix-pontos-chronograph-43mm-blaues-zifferblatt-blaues-lederarmband","status":"publish","type":"product","link":"https:\/\/lediamant.ch\/de\/uhren\/157457-maurice-lacroix-pontos-chronograph-43mm-blaues-zifferblatt-blaues-lederarmband\/","title":{"rendered":"Maurice Lacroix PONTOS Chronograph 43mm"},"content":{"rendered":"<p>PONTOS CHRONOGRAPH SONNENBLAU<\/p>\n<p>Nach dem neuen Design des PONTOS Chronographen zu seinem 20. Geburtstag erweitert Maurice Lacroix seine elegante und anspruchsvolle Kollektion. Eleganter als eine AIKON, aber einfacher als eine CHEF-D&#8217;OEUVRE, bleibt der blaue Pontos Chronograph dem ikonischen Design seines uhrmacherischen Erbes treu. Zus\u00e4tzlich zu den Stahlversionen mit einem Stahlarmband und einem wei\u00dfen Zifferblatt, die durch blaue und silberne Veredelungen mit goldenen Akzenten aufgewertet werden, pr\u00e4sentiert PONTOS einen unglaublich schlichten, aber gewagten Zeitmesser.<\/p>\n","protected":false},"excerpt":{"rendered":"<p>PONTOS CHRONOGRAPH SONNENBLAU Nach dem neuen Design des PONTOS Chronographen zu seinem 20. Geburtstag erweitert Maurice Lacroix seine elegante und anspruchsvolle Kollektion. Eleganter als eine AIKON, aber einfacher als eine CHEF-D&#8217;OEUVRE, bleibt der blaue Pontos Chronograph dem ikonischen Design seines uhrmacherischen Erbes treu. Zus\u00e4tzlich zu den Stahlversionen mit einem Stahlarmband und einem wei\u00dfen Zifferblatt, die &#8230; <a title=\"Maurice Lacroix PONTOS Chronograph 43mm\" class=\"read-more\" href=\"https:\/\/lediamant.ch\/de\/uhren\/157457-maurice-lacroix-pontos-chronograph-43mm-blaues-zifferblatt-blaues-lederarmband\/\" aria-label=\"Mehr Informationen \u00fcber Maurice Lacroix PONTOS Chronograph 43mm\">Weiterlesen &#8230;<\/a><\/p>\n","protected":false},"featured_media":157453,"template":"","meta":{"_acf_changed":false,"_seopress_robots_primary_cat":"27149","_seopress_titles_title":"%%post_title%%","_seopress_titles_desc":"Maurice Lacroix erweitert seine Kollektion mit dem eleganten, neuen PONTOS Chronograph zum 20. Geburtstag. Perfekt f\u00fcr jede Gelegenheit.","_seopress_robots_index":""},"brand":[27103],"product_brand":[],"product_cat":[27123,27149,27339],"product_tag":[],"class_list":{"0":"post-157457","1":"product","2":"type-product","3":"status-publish","4":"has-post-thumbnail","6":"brand-mauricelacroix-de","7":"product_cat-uhren","8":"product_cat-maurice-lacroix-de","9":"product_cat-pontos-de","10":"pa_couleurduboitier-grau-de","11":"pa_couleurdubracelet-blau-de","12":"pa_couleurducadran-blau","13":"pa_etancheite-100m-de","14":"pa_forme-runden","15":"pa_garantie-24monate","16":"pa_genre-mann","17":"pa_matiere-stahl","18":"pa_matierebraceletmontre-leder","19":"pa_mouvement-automatik-de","20":"pa_swissmade-ja-de","21":"pa_typedemontre-chronograph-de","22":"pa_verre-saphir-de","23":"sales-flash-overlay","24":"woocommerce-text-align-center","25":"woocommerce-image-align-center","26":"do-quantity-buttons","28":"first","29":"instock","30":"taxable","31":"shipping-taxable","32":"purchasable","33":"product-type-simple"},"acf":[],"_links":{"self":[{"href":"https:\/\/lediamant.ch\/de\/wp-json\/wp\/v2\/product\/157457","targetHints":{"allow":["GET"]}}],"collection":[{"href":"https:\/\/lediamant.ch\/de\/wp-json\/wp\/v2\/product"}],"about":[{"href":"https:\/\/lediamant.ch\/de\/wp-json\/wp\/v2\/types\/product"}],"wp:featuredmedia":[{"embeddable":true,"href":"https:\/\/lediamant.ch\/de\/wp-json\/wp\/v2\/media\/157453"}],"wp:attachment":[{"href":"https:\/\/lediamant.ch\/de\/wp-json\/wp\/v2\/media?parent=157457"}],"wp:term":[{"taxonomy":"brand","embeddable":true,"href":"https:\/\/lediamant.ch\/de\/wp-json\/wp\/v2\/brand?post=157457"},{"taxonomy":"product_brand","embeddable":true,"href":"https:\/\/lediamant.ch\/de\/wp-json\/wp\/v2\/product_brand?post=157457"},{"taxonomy":"product_cat","embeddable":true,"href":"https:\/\/lediamant.ch\/de\/wp-json\/wp\/v2\/product_cat?post=157457"},{"taxonomy":"product_tag","embeddable":true,"href":"https:\/\/lediamant.ch\/de\/wp-json\/wp\/v2\/product_tag?post=157457"}],"curies":[{"name":"wp","href":"https:\/\/api.w.org\/{rel}","templated":true}]}}