{"id":157461,"date":"2021-08-06T17:04:45","date_gmt":"2021-08-06T15:04:45","guid":{"rendered":"https:\/\/lediamant.ch\/produit\/uhren-de\/maurice-lacroix-de\/pontos-de\/maurice-lacroix-pontos-chronograph-43mm-weiss-stahlarmband\/"},"modified":"2024-12-13T15:00:40","modified_gmt":"2024-12-13T14:00:40","slug":"maurice-lacroix-pontos-chronograph-43mm-weiss-stahlarmband","status":"publish","type":"product","link":"https:\/\/lediamant.ch\/de\/uhren\/157461-maurice-lacroix-pontos-chronograph-43mm-weiss-stahlarmband\/","title":{"rendered":"Maurice Lacroix PONTOS Chronograph 43mm"},"content":{"rendered":"<p>Von Anfang an verk\u00f6rpert sich der Geist dieser Kollektion in ihren Linien und ihrem Geh\u00e4use. Es ist ein zeitgen\u00f6ssischer Geist, der die Codes der traditionellen Uhrmacherei respektiert, angezogen, ohne formell zu sein, raffiniert, ohne sich auf Design-Gimmicks zu st\u00fctzen. Sein Streben nach Zeitlosigkeit ist weit entfernt von dem, was gew\u00f6hnlich oder einfach ist. Das runde, sehr detaillierte Geh\u00e4use dr\u00fcckt die ganze Pers\u00f6nlichkeit von PONTOS aus. Es weist auf beiden Seiten der Krone eine Schulter auf, die zum Schutz der Krone dient und eine leichte Asymmetrie erzeugt. Dieser Schutz nimmt bei den PONTOS Chronographenmodellen die Form von Dr\u00fcckern an.<\/p>\n","protected":false},"excerpt":{"rendered":"<p>Von Anfang an verk\u00f6rpert sich der Geist dieser Kollektion in ihren Linien und ihrem Geh\u00e4use. Es ist ein zeitgen\u00f6ssischer Geist, der die Codes der traditionellen Uhrmacherei respektiert, angezogen, ohne formell zu sein, raffiniert, ohne sich auf Design-Gimmicks zu st\u00fctzen. Sein Streben nach Zeitlosigkeit ist weit entfernt von dem, was gew\u00f6hnlich oder einfach ist. Das runde, &#8230; <a title=\"Maurice Lacroix PONTOS Chronograph 43mm\" class=\"read-more\" href=\"https:\/\/lediamant.ch\/de\/uhren\/157461-maurice-lacroix-pontos-chronograph-43mm-weiss-stahlarmband\/\" aria-label=\"Mehr Informationen \u00fcber Maurice Lacroix PONTOS Chronograph 43mm\">Weiterlesen &#8230;<\/a><\/p>\n","protected":false},"featured_media":157459,"template":"","meta":{"_acf_changed":false,"_seopress_robots_primary_cat":"27149","_seopress_titles_title":"%%post_title%%","_seopress_titles_desc":"Die PONTOS Kollektion vereint zeitgen\u00f6ssisches Design mit traditioneller Uhrmacherei. Perfektion in jedem Detail f\u00fcr zeitlose Eleganz.","_seopress_robots_index":""},"brand":[27103],"product_brand":[],"product_cat":[27137,27149,27339,27123],"product_tag":[],"class_list":{"0":"post-157461","1":"product","2":"type-product","3":"status-publish","4":"has-post-thumbnail","6":"brand-mauricelacroix-de","7":"product_cat-bracelet-ajustable-de","8":"product_cat-maurice-lacroix-de","9":"product_cat-pontos-de","10":"product_cat-uhren","11":"pa_couleurduboitier-grau-de","12":"pa_couleurducadran-weiss","13":"pa_etancheite-100m-de","14":"pa_forme-runden","15":"pa_garantie-24monate","16":"pa_genre-mann","17":"pa_matiere-stahl","18":"pa_matierebraceletmontre-edelstahl","19":"pa_mouvement-automatik-de","20":"pa_swissmade-ja-de","21":"pa_typedemontre-chronograph-de","22":"pa_verre-saphir-de","23":"sales-flash-overlay","24":"woocommerce-text-align-center","25":"woocommerce-image-align-center","26":"do-quantity-buttons","28":"first","29":"instock","30":"taxable","31":"shipping-taxable","32":"purchasable","33":"product-type-simple"},"acf":[],"_links":{"self":[{"href":"https:\/\/lediamant.ch\/de\/wp-json\/wp\/v2\/product\/157461","targetHints":{"allow":["GET"]}}],"collection":[{"href":"https:\/\/lediamant.ch\/de\/wp-json\/wp\/v2\/product"}],"about":[{"href":"https:\/\/lediamant.ch\/de\/wp-json\/wp\/v2\/types\/product"}],"wp:featuredmedia":[{"embeddable":true,"href":"https:\/\/lediamant.ch\/de\/wp-json\/wp\/v2\/media\/157459"}],"wp:attachment":[{"href":"https:\/\/lediamant.ch\/de\/wp-json\/wp\/v2\/media?parent=157461"}],"wp:term":[{"taxonomy":"brand","embeddable":true,"href":"https:\/\/lediamant.ch\/de\/wp-json\/wp\/v2\/brand?post=157461"},{"taxonomy":"product_brand","embeddable":true,"href":"https:\/\/lediamant.ch\/de\/wp-json\/wp\/v2\/product_brand?post=157461"},{"taxonomy":"product_cat","embeddable":true,"href":"https:\/\/lediamant.ch\/de\/wp-json\/wp\/v2\/product_cat?post=157461"},{"taxonomy":"product_tag","embeddable":true,"href":"https:\/\/lediamant.ch\/de\/wp-json\/wp\/v2\/product_tag?post=157461"}],"curies":[{"name":"wp","href":"https:\/\/api.w.org\/{rel}","templated":true}]}}