{"id":157893,"date":"2021-12-14T11:17:09","date_gmt":"2021-12-14T10:17:09","guid":{"rendered":"https:\/\/lediamant.ch\/produit\/uhren-de\/tissot-de\/tissot-t-classic-de\/tissot-carson-de\/tissot-carson-premium-lady-moonphase-2\/"},"modified":"2021-12-14T11:17:09","modified_gmt":"2021-12-14T10:17:09","slug":"tissot-carson-premium-lady-moonphase-2","status":"publish","type":"product","link":"https:\/\/lediamant.ch\/de\/uhren\/157893-tissot-carson-premium-lady-moonphase-2\/","title":{"rendered":"Tissot Carson Premium Lady Moonphase"},"content":{"rendered":"<p>Mit ihrem klaren Design, ihrem selbstbewussten Stil und ihrer sch\u00f6nen Verarbeitung sorgt die Tissot Carson Premium Kollektion stets f\u00fcr einen perfekten Auftritt. Sie \u00fcberzeugt durch ihre Swiss Made Qualit\u00e4t, f\u00fcr die Tissot international als &#8222;Innovator aus Tradition&#8220; bekannt ist. Die Tissot Carson Premium Lady-Linie ist in verschiedenen Ausf\u00fchrungen mit Armb\u00e4ndern aus Leder oder Edelstahl 316L und mit PVD-Beschichtung oder klassischem Edelstahl erh\u00e4ltlich. Die PVD-Beschichtungstechnik erm\u00f6glicht es, den Oberfl\u00e4chen die Attraktivit\u00e4t und die Vorteile von Goldt\u00f6nen - edler Glanz, W\u00e4rme, Haltbarkeit - zu verleihen, ohne den Preis wie bei der Verwendung von echtem Gold zu beeinflussen. Als zentrales Designelement und n\u00fctzliche Funktion verf\u00fcgt die Tissot Carson Premium Lady Moonphase mit einem weiblichen Durchmesser von 32 mm \u00fcber eine Mondphasenanzeige. Weitere Merkmale sind ein Swiss Made Quarzwerk, kratzfestes Saphirglas, ein Geh\u00e4use aus 316L-Edelstahl und eine Datumsanzeige. Schlanke, geschwungene Zeiger vervollst\u00e4ndigen den eleganten Look dieser Damenuhr. Das Modell hat ein gr\u00fcn-blaues Zifferblatt mit gro\u00dfen r\u00f6mischen Ziffern, ein Armband aus Edelstahl und eine Butterfly-Schlie\u00dfe mit Dr\u00fcckern.<\/p>\n","protected":false},"excerpt":{"rendered":"<p>Mit ihrem klaren Design, ihrem selbstbewussten Stil und ihrer sch\u00f6nen Verarbeitung sorgt die Tissot Carson Premium Kollektion stets f\u00fcr einen perfekten Auftritt. Sie \u00fcberzeugt durch ihre Swiss Made Qualit\u00e4t, f\u00fcr die Tissot international als &#8222;Innovator aus Tradition&#8220; bekannt ist. Die Tissot Carson Premium Lady-Linie ist in verschiedenen Ausf\u00fchrungen mit Armb\u00e4ndern aus Leder oder Edelstahl 316L &#8230; <a title=\"Tissot Carson Premium Lady Moonphase\" class=\"read-more\" href=\"https:\/\/lediamant.ch\/de\/uhren\/157893-tissot-carson-premium-lady-moonphase-2\/\" aria-label=\"Mehr Informationen \u00fcber Tissot Carson Premium Lady Moonphase\">Weiterlesen &#8230;<\/a><\/p>\n","protected":false},"featured_media":157882,"template":"","meta":{"_acf_changed":false,"_seopress_robots_primary_cat":"","_seopress_titles_title":"","_seopress_titles_desc":"","_seopress_robots_index":""},"brand":[27087],"product_brand":[],"product_cat":[27159,27501,27245,27123],"product_tag":[],"class_list":{"0":"post-157893","1":"product","2":"type-product","3":"status-publish","4":"has-post-thumbnail","6":"brand-tissot-de","7":"product_cat-tissot-de","8":"product_cat-tissot-carson","9":"product_cat-tissot-classic","10":"product_cat-uhren","11":"pa_couleurduboitier-grau-de","12":"pa_couleurdubracelet-blau-de","13":"pa_couleurducadran-blau","14":"pa_dimensions-o-32-mm","15":"pa_etancheite-50m-de","16":"pa_forme-runden","17":"pa_garantie-24monate","18":"pa_genre-frau","19":"pa_matiere-stahl","20":"pa_matierebraceletmontre-leder","21":"pa_typedemontre-uhrenmitmondanzeige","22":"sales-flash-overlay","23":"woocommerce-text-align-center","24":"woocommerce-image-align-center","25":"do-quantity-buttons","27":"first","28":"instock","29":"taxable","30":"shipping-taxable","31":"purchasable","32":"product-type-simple"},"acf":[],"_links":{"self":[{"href":"https:\/\/lediamant.ch\/de\/wp-json\/wp\/v2\/product\/157893","targetHints":{"allow":["GET"]}}],"collection":[{"href":"https:\/\/lediamant.ch\/de\/wp-json\/wp\/v2\/product"}],"about":[{"href":"https:\/\/lediamant.ch\/de\/wp-json\/wp\/v2\/types\/product"}],"wp:featuredmedia":[{"embeddable":true,"href":"https:\/\/lediamant.ch\/de\/wp-json\/wp\/v2\/media\/157882"}],"wp:attachment":[{"href":"https:\/\/lediamant.ch\/de\/wp-json\/wp\/v2\/media?parent=157893"}],"wp:term":[{"taxonomy":"brand","embeddable":true,"href":"https:\/\/lediamant.ch\/de\/wp-json\/wp\/v2\/brand?post=157893"},{"taxonomy":"product_brand","embeddable":true,"href":"https:\/\/lediamant.ch\/de\/wp-json\/wp\/v2\/product_brand?post=157893"},{"taxonomy":"product_cat","embeddable":true,"href":"https:\/\/lediamant.ch\/de\/wp-json\/wp\/v2\/product_cat?post=157893"},{"taxonomy":"product_tag","embeddable":true,"href":"https:\/\/lediamant.ch\/de\/wp-json\/wp\/v2\/product_tag?post=157893"}],"curies":[{"name":"wp","href":"https:\/\/api.w.org\/{rel}","templated":true}]}}