{"id":157913,"date":"2021-11-10T14:32:09","date_gmt":"2021-11-10T13:32:09","guid":{"rendered":"https:\/\/lediamant.ch\/produit\/uhren-de\/maurice-lacroix-de\/aikon-auto-de\/maurice-lacroix-aikon-skeleton-45mm-skelett-stahlarmband\/"},"modified":"2024-12-13T18:16:00","modified_gmt":"2024-12-13T17:16:00","slug":"maurice-lacroix-aikon-skeleton-45mm-skelett-stahlarmband","status":"publish","type":"product","link":"https:\/\/lediamant.ch\/de\/uhren\/157913-maurice-lacroix-aikon-skeleton-45mm-skelett-stahlarmband\/","title":{"rendered":"Maurice Lacroix AIKON Automatic Skeleton 45mm"},"content":{"rendered":"<p>Maurice Lacroix hat sein \u00fcberarbeitetes AIKON-Geh\u00e4use mit einem neuen, skelettierten Manufakturkaliber mit automatischem Aufzug und einzigartigem Design kombiniert. Getreu seiner Berufung - hochwertige Uhren zu erschwinglichen Preisen anzubieten - und tief verwurzelt in der urbanen und zeitgen\u00f6ssischen Kultur, pr\u00e4sentiert Maurice Lacroix die AIKON Automatique Squelette.<\/p>\n<p>Mit seinem gewohnt kreativen und modernen Geist hat Maurice Lacroix in der AIKON Automatique Squelette eine Unmenge an neuen Funktionen vereint. Das breitere AIKON-Geh\u00e4use wurde neu gestaltet, um einen neuen Uhrwerkstyp zu beherbergen: Das Manufakturkaliber ML234 findet hier seinen ersten Ausdruck. Dieses Uhrwerk, das nach einem v\u00f6llig neuen Muster durchbrochen ist, wurde speziell f\u00fcr dieses Modell entwickelt. Die AIKON Automatique Squelette, die zwei Linien von Maurice Lacroix miteinander verbindet, vereint die \u00e4sthetischen Codes der AIKON mit dem tiefgr\u00fcndigen Geist der Uhrmacherei, der f\u00fcr die Masterpiece-Kollektion charakteristisch ist.<\/p>\n","protected":false},"excerpt":{"rendered":"<p>Maurice Lacroix hat sein \u00fcberarbeitetes AIKON-Geh\u00e4use mit einem neuen, skelettierten Manufakturkaliber mit automatischem Aufzug und einzigartigem Design kombiniert. Getreu seiner Berufung - hochwertige Uhren zu erschwinglichen Preisen anzubieten - und tief verwurzelt in der urbanen und zeitgen\u00f6ssischen Kultur, pr\u00e4sentiert Maurice Lacroix die AIKON Automatique Squelette. Mit seinem gewohnt kreativen und modernen Geist hat Maurice Lacroix &#8230; <a title=\"Maurice Lacroix AIKON Automatic Skeleton 45mm\" class=\"read-more\" href=\"https:\/\/lediamant.ch\/de\/uhren\/157913-maurice-lacroix-aikon-skeleton-45mm-skelett-stahlarmband\/\" aria-label=\"Mehr Informationen \u00fcber Maurice Lacroix AIKON Automatic Skeleton 45mm\">Weiterlesen &#8230;<\/a><\/p>\n","protected":false},"featured_media":157905,"template":"","meta":{"_acf_changed":false,"_seopress_robots_primary_cat":"27149","_seopress_titles_title":"%%post_title%%","_seopress_titles_desc":"Die AIKON Automatique Squelette vereint hochwertiges Design und innovative Technik in einem modernen Geh\u00e4use. Jetzt entdecken!","_seopress_robots_index":""},"brand":[27103],"product_brand":[],"product_cat":[27205,27149,27123],"product_tag":[],"class_list":{"0":"post-157913","1":"product","2":"type-product","3":"status-publish","4":"has-post-thumbnail","6":"brand-mauricelacroix-de","7":"product_cat-aikon-de","8":"product_cat-maurice-lacroix-de","9":"product_cat-uhren","10":"pa_couleurduboitier-grau-de","11":"pa_couleurdubracelet-grau-de","12":"pa_etancheite-200m-de","13":"pa_forme-runden","14":"pa_garantie-24monate","15":"pa_genre-mann","16":"pa_matiere-stahl","17":"pa_matierebraceletmontre-edelstahl","18":"pa_mouvement-automatik-de","19":"pa_swissmade-ja-de","20":"pa_typedemontre-skelettuhren","21":"pa_verre-saphir-de","22":"sales-flash-overlay","23":"woocommerce-text-align-center","24":"woocommerce-image-align-center","25":"do-quantity-buttons","27":"first","28":"instock","29":"taxable","30":"shipping-taxable","31":"purchasable","32":"product-type-simple"},"acf":[],"_links":{"self":[{"href":"https:\/\/lediamant.ch\/de\/wp-json\/wp\/v2\/product\/157913","targetHints":{"allow":["GET"]}}],"collection":[{"href":"https:\/\/lediamant.ch\/de\/wp-json\/wp\/v2\/product"}],"about":[{"href":"https:\/\/lediamant.ch\/de\/wp-json\/wp\/v2\/types\/product"}],"wp:featuredmedia":[{"embeddable":true,"href":"https:\/\/lediamant.ch\/de\/wp-json\/wp\/v2\/media\/157905"}],"wp:attachment":[{"href":"https:\/\/lediamant.ch\/de\/wp-json\/wp\/v2\/media?parent=157913"}],"wp:term":[{"taxonomy":"brand","embeddable":true,"href":"https:\/\/lediamant.ch\/de\/wp-json\/wp\/v2\/brand?post=157913"},{"taxonomy":"product_brand","embeddable":true,"href":"https:\/\/lediamant.ch\/de\/wp-json\/wp\/v2\/product_brand?post=157913"},{"taxonomy":"product_cat","embeddable":true,"href":"https:\/\/lediamant.ch\/de\/wp-json\/wp\/v2\/product_cat?post=157913"},{"taxonomy":"product_tag","embeddable":true,"href":"https:\/\/lediamant.ch\/de\/wp-json\/wp\/v2\/product_tag?post=157913"}],"curies":[{"name":"wp","href":"https:\/\/api.w.org\/{rel}","templated":true}]}}