{"id":157935,"date":"2021-11-11T14:33:55","date_gmt":"2021-11-11T13:33:55","guid":{"rendered":"https:\/\/lediamant.ch\/produit\/uhren-de\/hamilton-de\/khaki-aviation-de\/hamilton-khaki-aviation-x-wind-auto-chrono-blue-automatik-45mm\/"},"modified":"2026-04-10T15:16:36","modified_gmt":"2026-04-10T13:16:36","slug":"hamilton-khaki-aviation-x-wind-auto-chrono-blue-automatik-45mm","status":"publish","type":"product","link":"https:\/\/lediamant.ch\/de\/uhren\/157935-hamilton-khaki-aviation-x-wind-auto-chrono-blue-automatik-45mm\/","title":{"rendered":"Hamilton Khaki Aviation X-Wind Auto Chrono Blue 45mm"},"content":{"rendered":"<p><span style=\"color: #1c1c1c; font-family: Montserrat, sans-serif; font-size: 14px; background-color: #ffffff;\">Die Khaki Aviation X-Wind Auto Chronograph, die f\u00fcr Piloten konzipiert und ein Leben voller Abenteuer ausgelegt wurde, stellt sich den Seitenwinden in einem gewagten neuen Gewand mit Camouflage-Mustern und neuen Farbvarianten, die sich \u00fcber Zifferblatt, Armband und Geh\u00e4use erstrecken. Diese leistungsstarke Kreation mit einer inneren drehbaren L\u00fcnette und einer antimagnetischen Spiralfeder aus Silizium besticht durch einen modisch-gefechtsbetonten und zugleich entschiedenen Stil.<\/span><\/p>\n","protected":false},"excerpt":{"rendered":"<p>Die Khaki Aviation X-Wind Auto Chronograph, die f\u00fcr Piloten konzipiert und ein Leben voller Abenteuer ausgelegt wurde, stellt sich den Seitenwinden in einem gewagten neuen Gewand mit Camouflage-Mustern und neuen Farbvarianten, die sich \u00fcber Zifferblatt, Armband und Geh\u00e4use erstrecken. Diese leistungsstarke Kreation mit einer inneren drehbaren L\u00fcnette und einer antimagnetischen Spiralfeder aus Silizium besticht durch &#8230; <a title=\"Hamilton Khaki Aviation X-Wind Auto Chrono Blue 45mm\" class=\"read-more\" href=\"https:\/\/lediamant.ch\/de\/uhren\/157935-hamilton-khaki-aviation-x-wind-auto-chrono-blue-automatik-45mm\/\" aria-label=\"Mehr Informationen \u00fcber Hamilton Khaki Aviation X-Wind Auto Chrono Blue 45mm\">Weiterlesen &#8230;<\/a><\/p>\n","protected":false},"featured_media":157921,"template":"","meta":{"_acf_changed":false,"_seopress_robots_primary_cat":"27181","_seopress_titles_title":"","_seopress_titles_desc":"","_seopress_robots_index":""},"brand":[27085],"product_brand":[],"product_cat":[27181,27269,27123],"product_tag":[],"class_list":{"0":"post-157935","1":"product","2":"type-product","3":"status-publish","4":"has-post-thumbnail","6":"brand-hamilton-de","7":"product_cat-hamilton-de","8":"product_cat-khaki-aviation-de","9":"product_cat-uhren","10":"pa_couleurduboitier-grau-de","11":"pa_couleurdubracelet-blau-de","12":"pa_couleurducadran-blau","13":"pa_etancheite-100m-de","14":"pa_forme-runden","15":"pa_garantie-24monate","16":"pa_genre-mann","17":"pa_matiere-stahl","18":"pa_matierebraceletmontre-textil-de","19":"pa_mouvement-automatik-de","20":"pa_swissmade-ja-de","21":"pa_typedemontre-chronograph-de","22":"pa_typedemontre-fliegeruhren","23":"pa_verre-saphir-de","24":"sales-flash-overlay","25":"woocommerce-text-align-center","26":"woocommerce-image-align-center","27":"do-quantity-buttons","29":"first","30":"instock","31":"taxable","32":"shipping-taxable","33":"purchasable","34":"product-type-simple"},"acf":[],"_links":{"self":[{"href":"https:\/\/lediamant.ch\/de\/wp-json\/wp\/v2\/product\/157935","targetHints":{"allow":["GET"]}}],"collection":[{"href":"https:\/\/lediamant.ch\/de\/wp-json\/wp\/v2\/product"}],"about":[{"href":"https:\/\/lediamant.ch\/de\/wp-json\/wp\/v2\/types\/product"}],"wp:featuredmedia":[{"embeddable":true,"href":"https:\/\/lediamant.ch\/de\/wp-json\/wp\/v2\/media\/157921"}],"wp:attachment":[{"href":"https:\/\/lediamant.ch\/de\/wp-json\/wp\/v2\/media?parent=157935"}],"wp:term":[{"taxonomy":"brand","embeddable":true,"href":"https:\/\/lediamant.ch\/de\/wp-json\/wp\/v2\/brand?post=157935"},{"taxonomy":"product_brand","embeddable":true,"href":"https:\/\/lediamant.ch\/de\/wp-json\/wp\/v2\/product_brand?post=157935"},{"taxonomy":"product_cat","embeddable":true,"href":"https:\/\/lediamant.ch\/de\/wp-json\/wp\/v2\/product_cat?post=157935"},{"taxonomy":"product_tag","embeddable":true,"href":"https:\/\/lediamant.ch\/de\/wp-json\/wp\/v2\/product_tag?post=157935"}],"curies":[{"name":"wp","href":"https:\/\/api.w.org\/{rel}","templated":true}]}}