{"id":157961,"date":"2021-11-11T16:10:23","date_gmt":"2021-11-11T15:10:23","guid":{"rendered":"https:\/\/lediamant.ch\/produit\/uhren-de\/hamilton-de\/khaki-aviation-de\/hamilton-khaki-aviation-x-wind-auto-automatik-45mm-camouflage\/"},"modified":"2026-04-10T15:28:40","modified_gmt":"2026-04-10T13:28:40","slug":"hamilton-khaki-aviation-x-wind-auto-automatik-45mm-camouflage","status":"publish","type":"product","link":"https:\/\/lediamant.ch\/de\/uhren\/157961-hamilton-khaki-aviation-x-wind-auto-automatik-45mm-camouflage\/","title":{"rendered":"Hamilton Khaki Aviation X-Wind Auto 45mm"},"content":{"rendered":"<p><span style=\"color: #1c1c1c; font-family: Montserrat, sans-serif; font-size: 14px; background-color: #ffffff;\">Die Khaki Aviation X-Wind Day Date Automatic, die f\u00fcr Piloten konzipiert und ein Leben voller Abenteuer ausgelegt wurde, stellt sich allen Seitenwinden mit einem neuen Zifferblatt im Camouflage-Look, einem Geh\u00e4use mit brauner PVD-Beschichtung sowie einem gr\u00fcnen Textilarmband. Diese leistungsstarke Kreation mit einer inneren drehbaren L\u00fcnette und einem Datumsfenster bei 9 Uhr besticht durch ihren sportlich-modernen Stil.<\/span><\/p>\n","protected":false},"excerpt":{"rendered":"<p>Die Khaki Aviation X-Wind Day Date Automatic, die f\u00fcr Piloten konzipiert und ein Leben voller Abenteuer ausgelegt wurde, stellt sich allen Seitenwinden mit einem neuen Zifferblatt im Camouflage-Look, einem Geh\u00e4use mit brauner PVD-Beschichtung sowie einem gr\u00fcnen Textilarmband. Diese leistungsstarke Kreation mit einer inneren drehbaren L\u00fcnette und einem Datumsfenster bei 9 Uhr besticht durch ihren sportlich-modernen &#8230; <a title=\"Hamilton Khaki Aviation X-Wind Auto 45mm\" class=\"read-more\" href=\"https:\/\/lediamant.ch\/de\/uhren\/157961-hamilton-khaki-aviation-x-wind-auto-automatik-45mm-camouflage\/\" aria-label=\"Mehr Informationen \u00fcber Hamilton Khaki Aviation X-Wind Auto 45mm\">Weiterlesen &#8230;<\/a><\/p>\n","protected":false},"featured_media":157951,"template":"","meta":{"_acf_changed":false,"_seopress_robots_primary_cat":"27181","_seopress_titles_title":"","_seopress_titles_desc":"","_seopress_robots_index":""},"brand":[27085],"product_brand":[],"product_cat":[27181,27269,27123],"product_tag":[],"class_list":{"0":"post-157961","1":"product","2":"type-product","3":"status-publish","4":"has-post-thumbnail","6":"brand-hamilton-de","7":"product_cat-hamilton-de","8":"product_cat-khaki-aviation-de","9":"product_cat-uhren","10":"pa_couleurduboitier-braun-de","11":"pa_couleurdubracelet-grun-de","12":"pa_couleurducadran-grun","13":"pa_etancheite-100m-de","14":"pa_forme-runden","15":"pa_genre-mann","16":"pa_matiere-braunpvd","17":"pa_matierebraceletmontre-textil-de","18":"pa_mouvement-automatik-de","19":"pa_swissmade-ja-de","20":"pa_typedemontre-fliegeruhren","21":"pa_typedemontre-sportuhren","22":"sales-flash-overlay","23":"woocommerce-text-align-center","24":"woocommerce-image-align-center","25":"do-quantity-buttons","27":"first","28":"outofstock","29":"taxable","30":"shipping-taxable","31":"purchasable","32":"product-type-simple"},"acf":[],"_links":{"self":[{"href":"https:\/\/lediamant.ch\/de\/wp-json\/wp\/v2\/product\/157961","targetHints":{"allow":["GET"]}}],"collection":[{"href":"https:\/\/lediamant.ch\/de\/wp-json\/wp\/v2\/product"}],"about":[{"href":"https:\/\/lediamant.ch\/de\/wp-json\/wp\/v2\/types\/product"}],"wp:featuredmedia":[{"embeddable":true,"href":"https:\/\/lediamant.ch\/de\/wp-json\/wp\/v2\/media\/157951"}],"wp:attachment":[{"href":"https:\/\/lediamant.ch\/de\/wp-json\/wp\/v2\/media?parent=157961"}],"wp:term":[{"taxonomy":"brand","embeddable":true,"href":"https:\/\/lediamant.ch\/de\/wp-json\/wp\/v2\/brand?post=157961"},{"taxonomy":"product_brand","embeddable":true,"href":"https:\/\/lediamant.ch\/de\/wp-json\/wp\/v2\/product_brand?post=157961"},{"taxonomy":"product_cat","embeddable":true,"href":"https:\/\/lediamant.ch\/de\/wp-json\/wp\/v2\/product_cat?post=157961"},{"taxonomy":"product_tag","embeddable":true,"href":"https:\/\/lediamant.ch\/de\/wp-json\/wp\/v2\/product_tag?post=157961"}],"curies":[{"name":"wp","href":"https:\/\/api.w.org\/{rel}","templated":true}]}}