{"id":157989,"date":"2021-11-12T16:03:16","date_gmt":"2021-11-12T15:03:16","guid":{"rendered":"https:\/\/lediamant.ch\/produit\/uhren-de\/hamilton-de\/khaki-field-de\/hamilton-khaki-field-auto-chrono-automatik-44mm\/"},"modified":"2021-11-12T16:03:16","modified_gmt":"2021-11-12T15:03:16","slug":"hamilton-khaki-field-auto-chrono-automatik-44mm","status":"publish","type":"product","link":"https:\/\/lediamant.ch\/de\/uhren\/157989-hamilton-khaki-field-auto-chrono-automatik-44mm\/","title":{"rendered":"Hamilton Khaki Field Auto Chrono Automatik | 44mm"},"content":{"rendered":"<p><span style=\"color:#1c1c1c;font-family:Montserrat, sans-serif;font-size:14px;background-color:#ffffff;\">Die Khaki Field Automatic Chronograph ist robust, widerstandsf\u00e4hig und pr\u00e4zise und somit der perfekte Zeitmesser f\u00fcr entschlossene Entdecker. Eine besondere Gravur auf dem Geh\u00e4useboden dieser 44-mm-Felduhr aus sandgestrahltem Edelstahl erinnert an Hamiltons milit\u00e4risches Verm\u00e4chtnis, w\u00e4hrend erh\u00f6hte Ziffern mit SuperLuminova-Beschichtung f\u00fcr bessere Lesbarkeit und Tiefe auf dem Zifferblatt sorgen. Zusammen mit einem komfortablen Lederarmband ist das leistungsstarke Accessoire wie geschaffen f\u00fcr Outdoor-Abenteuer.<\/span><\/p>\n","protected":false},"excerpt":{"rendered":"<p>Die Khaki Field Automatic Chronograph ist robust, widerstandsf\u00e4hig und pr\u00e4zise und somit der perfekte Zeitmesser f\u00fcr entschlossene Entdecker. Eine besondere Gravur auf dem Geh\u00e4useboden dieser 44-mm-Felduhr aus sandgestrahltem Edelstahl erinnert an Hamiltons milit\u00e4risches Verm\u00e4chtnis, w\u00e4hrend erh\u00f6hte Ziffern mit SuperLuminova-Beschichtung f\u00fcr bessere Lesbarkeit und Tiefe auf dem Zifferblatt sorgen. Zusammen mit einem komfortablen Lederarmband ist das &#8230; <a title=\"Hamilton Khaki Field Auto Chrono Automatik | 44mm\" class=\"read-more\" href=\"https:\/\/lediamant.ch\/de\/uhren\/157989-hamilton-khaki-field-auto-chrono-automatik-44mm\/\" aria-label=\"Mehr Informationen \u00fcber Hamilton Khaki Field Auto Chrono Automatik | 44mm\">Weiterlesen &#8230;<\/a><\/p>\n","protected":false},"featured_media":157972,"template":"","meta":{"_acf_changed":false,"_seopress_robots_primary_cat":"","_seopress_titles_title":"","_seopress_titles_desc":"","_seopress_robots_index":""},"brand":[27085],"product_brand":[],"product_cat":[27181,27291,27123],"product_tag":[],"class_list":{"0":"post-157989","1":"product","2":"type-product","3":"status-publish","4":"has-post-thumbnail","6":"brand-hamilton-de","7":"product_cat-hamilton-de","8":"product_cat-khaki-field-de","9":"product_cat-uhren","10":"pa_couleurduboitier-grau-de","11":"pa_couleurdubracelet-grun-de","12":"pa_couleurducadran-schwarz","13":"pa_etancheite-100m-de","14":"pa_forme-runden","15":"pa_garantie-24monate","16":"pa_genre-mann","17":"pa_matiere-stahl","18":"pa_matierebraceletmontre-leder","19":"pa_mouvement-automatik-de","20":"pa_swissmade-ja-de","21":"pa_typedemontre-chronograph-de","22":"sales-flash-overlay","23":"woocommerce-text-align-center","24":"woocommerce-image-align-center","25":"do-quantity-buttons","27":"first","28":"instock","29":"taxable","30":"shipping-taxable","31":"purchasable","32":"product-type-simple"},"acf":[],"_links":{"self":[{"href":"https:\/\/lediamant.ch\/de\/wp-json\/wp\/v2\/product\/157989","targetHints":{"allow":["GET"]}}],"collection":[{"href":"https:\/\/lediamant.ch\/de\/wp-json\/wp\/v2\/product"}],"about":[{"href":"https:\/\/lediamant.ch\/de\/wp-json\/wp\/v2\/types\/product"}],"wp:featuredmedia":[{"embeddable":true,"href":"https:\/\/lediamant.ch\/de\/wp-json\/wp\/v2\/media\/157972"}],"wp:attachment":[{"href":"https:\/\/lediamant.ch\/de\/wp-json\/wp\/v2\/media?parent=157989"}],"wp:term":[{"taxonomy":"brand","embeddable":true,"href":"https:\/\/lediamant.ch\/de\/wp-json\/wp\/v2\/brand?post=157989"},{"taxonomy":"product_brand","embeddable":true,"href":"https:\/\/lediamant.ch\/de\/wp-json\/wp\/v2\/product_brand?post=157989"},{"taxonomy":"product_cat","embeddable":true,"href":"https:\/\/lediamant.ch\/de\/wp-json\/wp\/v2\/product_cat?post=157989"},{"taxonomy":"product_tag","embeddable":true,"href":"https:\/\/lediamant.ch\/de\/wp-json\/wp\/v2\/product_tag?post=157989"}],"curies":[{"name":"wp","href":"https:\/\/api.w.org\/{rel}","templated":true}]}}